{"id":20942,"date":"2026-03-29T17:29:22","date_gmt":"2026-03-29T16:29:22","guid":{"rendered":"https:\/\/bigbuy.tupique.com\/produto\/original-ink-cartridge-xerox-c310-black-1-unit\/"},"modified":"2026-04-15T02:19:00","modified_gmt":"2026-04-15T01:19:00","slug":"original-ink-cartridge-xerox-c310-black-1-unit","status":"publish","type":"product","link":"https:\/\/bigbuy.tupique.com\/pt\/produto\/original-ink-cartridge-xerox-c310-black-1-unit\/","title":{"rendered":"Cartouche d&#8217;encre originale Xerox C310 Noir (1 Unit\u00e9)"},"content":{"rendered":"<p>Si vous \u00eates passionn\u00e9 d&#8217;<b>informatique et d&#8217;\u00e9lectronique<\/b>, si vous \u00eates \u00e0 la pointe de la technologie et qu&#8217;aucun d\u00e9tail ne vous \u00e9chappe, achetez <b>Cartouche d&#8217;encre originale Xerox C310 Noir (1 Unit\u00e9)<\/b> au meilleur prix.<\/p>\n<ul>\n<li>Type: Cartouche d&#8217;encre originale<\/li>\n<li>Couleur: Noir<\/li>\n<li>Unit\u00e9s: 1 Unit\u00e9<\/li>\n<\/ul>","protected":false},"excerpt":{"rendered":"<p><span class=\"unit-info\">312.9900 &euro; \/ 1 unit<\/span><\/p>","protected":false},"featured_media":20941,"comment_status":"open","ping_status":"closed","template":"","meta":[],"product_brand":[631],"product_cat":[595,65,581],"product_tag":[213,106],"class_list":{"0":"post-20942","1":"product","2":"type-product","3":"status-publish","4":"has-post-thumbnail","6":"product_brand-brandp_922","7":"product_cat-cartouches-d-encre-originale","8":"product_cat-informatique-electronique","9":"product_cat-informatique-peripheriques-et-consommables","10":"product_tag-tag_933","11":"product_tag-tag_1295","13":"first","14":"instock","15":"taxable","16":"shipping-taxable","17":"purchasable","18":"product-type-simple"},"_links":{"self":[{"href":"https:\/\/bigbuy.tupique.com\/pt\/wp-json\/wp\/v2\/product\/20942","targetHints":{"allow":["GET"]}}],"collection":[{"href":"https:\/\/bigbuy.tupique.com\/pt\/wp-json\/wp\/v2\/product"}],"about":[{"href":"https:\/\/bigbuy.tupique.com\/pt\/wp-json\/wp\/v2\/types\/product"}],"replies":[{"embeddable":true,"href":"https:\/\/bigbuy.tupique.com\/pt\/wp-json\/wp\/v2\/comments?post=20942"}],"wp:featuredmedia":[{"embeddable":true,"href":"https:\/\/bigbuy.tupique.com\/pt\/wp-json\/wp\/v2\/media\/20941"}],"wp:attachment":[{"href":"https:\/\/bigbuy.tupique.com\/pt\/wp-json\/wp\/v2\/media?parent=20942"}],"wp:term":[{"taxonomy":"product_brand","embeddable":true,"href":"https:\/\/bigbuy.tupique.com\/pt\/wp-json\/wp\/v2\/product_brand?post=20942"},{"taxonomy":"product_cat","embeddable":true,"href":"https:\/\/bigbuy.tupique.com\/pt\/wp-json\/wp\/v2\/product_cat?post=20942"},{"taxonomy":"product_tag","embeddable":true,"href":"https:\/\/bigbuy.tupique.com\/pt\/wp-json\/wp\/v2\/product_tag?post=20942"}],"curies":[{"name":"wp","href":"https:\/\/api.w.org\/{rel}","templated":true}]}}