{"id":20903,"date":"2026-03-29T17:28:32","date_gmt":"2026-03-29T16:28:32","guid":{"rendered":"https:\/\/bigbuy.tupique.com\/produto\/mens-watch-maurice-lacroix-ai2008-50050-300-0-o-40-mm\/"},"modified":"2026-05-11T20:03:32","modified_gmt":"2026-05-11T18:03:32","slug":"mens-watch-maurice-lacroix-ai2008-50050-300-0-o-40-mm","status":"publish","type":"product","link":"https:\/\/bigbuy.tupique.com\/pt\/produto\/mens-watch-maurice-lacroix-ai2008-50050-300-0-o-40-mm\/","title":{"rendered":"Montre Homme Maurice Lacroix AI2008-50050-300-0 (\u00d8 40 mm)"},"content":{"rendered":"<p>Si vous aimez suivre les derni\u00e8res tendances en mati\u00e8re de mode et accessoires, achetez <b>Montre Homme Maurice Lacroix AI2008-50050-300-0 (\u00d8 40 mm)<\/b> au meilleur prix.<\/p>\n<p>La <b>montre Maurice Lacroix AI2008-50050-300-0<\/b> est une <b>montre-bracelet pour homme<\/b> alliant pr\u00e9cision et robustesse, con\u00e7ue pour ceux qui recherchent une pi\u00e8ce fiable et \u00e9l\u00e9gante avec des fonctions essentielles. \u00c9quip\u00e9e d\u2019un <b>mouvement \u00e0 quartz<\/b>, elle assure une mesure pr\u00e9cise du temps avec peu d\u2019entretien, id\u00e9ale pour un usage quotidien. Elle dispose d\u2019une <b>fonction date<\/b> pratique, permettant \u00e0 l\u2019utilisateur de consulter rapidement le jour. Son <b>verre saphir<\/b> est un atout majeur, offrant une grande r\u00e9sistance aux rayures et garantissant que le cadran conserve sa clart\u00e9 et son aspect impeccable m\u00eame apr\u00e8s une utilisation prolong\u00e9e. De plus, son <b>\u00e9tanch\u00e9it\u00e9 de 10 atmosph\u00e8res<\/b> offre une protection suffisante pour la natation ou la douche, augmentant la polyvalence de la montre sans compromettre son int\u00e9grit\u00e9. Fabriqu\u00e9 en Suisse, ce mod\u00e8le refl\u00e8te la tradition horlog\u00e8re suisse en termes de qualit\u00e9 et de pr\u00e9cision. Son design masculin propose un style sobre et fonctionnel, adapt\u00e9 \u00e0 diverses occasions, du cadre professionnel aux moments plus d\u00e9contract\u00e9s. En somme, la Maurice Lacroix AI2008-50050-300-0 est un choix solide pour ceux qui veulent une <b>montre homme<\/b> fiable, avec une construction r\u00e9sistante et des fonctionnalit\u00e9s couvrant les besoins basiques d\u2019une montre contemporaine. Ce mod\u00e8le se positionne comme une pi\u00e8ce technique et \u00e9l\u00e9gante dans l\u2019offre horlog\u00e8re suisse.<\/p>\n<ul>\n<li>Genre: Homme<\/li>\n<li>Liens suppl\u00e9mentaires: Non<\/li>\n<li>Type de montre: Montre-bracelet<\/li>\n<li>Fonctions: Date<\/li>\n<li>Inclut: Inclut un \u00e9tui ou une housse de la marque<\/li>\n<li>Imperm\u00e9abilit\u00e9: 10 atm<\/li>\n<li>Verre: Saphir<\/li>\n<li>Type de mouvement: Quartz<\/li>\n<li>Diam\u00e8tre du bo\u00eetier de la montre: \u00d8 40 mm<\/li>\n<\/ul>","protected":false},"excerpt":{"rendered":"<p>Si vous aimez suivre les derni\u00e8res tendances en mati\u00e8re de mode et accessoires, achetez Montre Homme Maurice Lacroix AI2008-50050-300-0 (\u00d8 40 mm) au meilleur prix. La montre Maurice Lacroix AI2008-50050-300-0 est une montre-bracelet pour homme alliant pr\u00e9cision et robustesse, con\u00e7ue pour ceux qui recherchent une pi\u00e8ce fiable et \u00e9l\u00e9gante avec des fonctions essentielles. \u00c9quip\u00e9e d\u2019un [&hellip;]<\/p>\n","protected":false},"featured_media":20901,"comment_status":"open","ping_status":"closed","template":"","meta":[],"product_brand":[807],"product_cat":[544,574,545],"product_tag":[103,543],"class_list":{"0":"post-20903","1":"product","2":"type-product","3":"status-publish","4":"has-post-thumbnail","6":"product_brand-brandp_2467","7":"product_cat-mode-accessoires","8":"product_cat-montres-homme","9":"product_cat-montres-bracelets","10":"product_tag-tag_1261","11":"product_tag-tag_61","13":"first","14":"instock","15":"taxable","16":"shipping-taxable","17":"purchasable","18":"product-type-simple"},"_links":{"self":[{"href":"https:\/\/bigbuy.tupique.com\/pt\/wp-json\/wp\/v2\/product\/20903","targetHints":{"allow":["GET"]}}],"collection":[{"href":"https:\/\/bigbuy.tupique.com\/pt\/wp-json\/wp\/v2\/product"}],"about":[{"href":"https:\/\/bigbuy.tupique.com\/pt\/wp-json\/wp\/v2\/types\/product"}],"replies":[{"embeddable":true,"href":"https:\/\/bigbuy.tupique.com\/pt\/wp-json\/wp\/v2\/comments?post=20903"}],"wp:featuredmedia":[{"embeddable":true,"href":"https:\/\/bigbuy.tupique.com\/pt\/wp-json\/wp\/v2\/media\/20901"}],"wp:attachment":[{"href":"https:\/\/bigbuy.tupique.com\/pt\/wp-json\/wp\/v2\/media?parent=20903"}],"wp:term":[{"taxonomy":"product_brand","embeddable":true,"href":"https:\/\/bigbuy.tupique.com\/pt\/wp-json\/wp\/v2\/product_brand?post=20903"},{"taxonomy":"product_cat","embeddable":true,"href":"https:\/\/bigbuy.tupique.com\/pt\/wp-json\/wp\/v2\/product_cat?post=20903"},{"taxonomy":"product_tag","embeddable":true,"href":"https:\/\/bigbuy.tupique.com\/pt\/wp-json\/wp\/v2\/product_tag?post=20903"}],"curies":[{"name":"wp","href":"https:\/\/api.w.org\/{rel}","templated":true}]}}