{"id":20874,"date":"2026-03-29T17:27:58","date_gmt":"2026-03-29T16:27:58","guid":{"rendered":"https:\/\/bigbuy.tupique.com\/produto\/two-handle-faucet-grohe-brass\/"},"modified":"2026-04-16T18:21:40","modified_gmt":"2026-04-16T17:21:40","slug":"two-handle-faucet-grohe-brass","status":"publish","type":"product","link":"https:\/\/bigbuy.tupique.com\/pt\/produto\/two-handle-faucet-grohe-brass\/","title":{"rendered":"Robinet double poign\u00e9e Grohe Laiton"},"content":{"rendered":"<p>Si vous aimez prendre soin de chaque d\u00e9tail de votre maison et d&#8217;\u00eatre \u00e0 la derni\u00e8re mode en mati\u00e8re de produits qui vous rendront la vie plus facile, achetez <b>Robinet double poign\u00e9e Grohe Laiton<\/b> au meilleur prix.<\/p>\n<ul>\n<li>Taille: 1\/2&#8243;<\/li>\n<li>Caract\u00e9ristiques:\n<ul>\n<li>Mat<\/li>\n<li>Mural<\/li>\n<li>M\u00e9langeur int\u00e9gr\u00e9<\/li>\n<li>\u00c9conomie d&#8217;eau<\/li>\n<\/ul>\n<\/li>\n<li>Couleur:\n<ul>\n<li>Noir mat<\/li>\n<li>Noir<\/li>\n<\/ul>\n<\/li>\n<li>Type d&#8217;installation: Montage mural<\/li>\n<li>Mat\u00e9riel: Laiton<\/li>\n<\/ul>","protected":false},"excerpt":{"rendered":"<p>Si vous aimez prendre soin de chaque d\u00e9tail de votre maison et d&#8217;\u00eatre \u00e0 la derni\u00e8re mode en mati\u00e8re de produits qui vous rendront la vie plus facile, achetez Robinet double poign\u00e9e Grohe Laiton au meilleur prix. Taille: 1\/2&#8243; Caract\u00e9ristiques: Mat Mural M\u00e9langeur int\u00e9gr\u00e9 \u00c9conomie d&#8217;eau Couleur: Noir mat Noir Type d&#8217;installation: Montage mural Mat\u00e9riel: [&hellip;]<\/p>\n","protected":false},"featured_media":57115,"comment_status":"open","ping_status":"closed","template":"","meta":[],"product_brand":[848],"product_cat":[781,239,780],"product_tag":[59,210],"class_list":{"0":"post-20874","1":"product","2":"type-product","3":"status-publish","4":"has-post-thumbnail","6":"product_brand-brandp_3107","7":"product_cat-accessoires-et-robinets","8":"product_cat-maison-jardin","9":"product_cat-salle-de-bain","10":"product_tag-tag_1304","11":"product_tag-tag_25","13":"first","14":"instock","15":"taxable","16":"shipping-taxable","17":"purchasable","18":"product-type-simple"},"_links":{"self":[{"href":"https:\/\/bigbuy.tupique.com\/pt\/wp-json\/wp\/v2\/product\/20874","targetHints":{"allow":["GET"]}}],"collection":[{"href":"https:\/\/bigbuy.tupique.com\/pt\/wp-json\/wp\/v2\/product"}],"about":[{"href":"https:\/\/bigbuy.tupique.com\/pt\/wp-json\/wp\/v2\/types\/product"}],"replies":[{"embeddable":true,"href":"https:\/\/bigbuy.tupique.com\/pt\/wp-json\/wp\/v2\/comments?post=20874"}],"wp:featuredmedia":[{"embeddable":true,"href":"https:\/\/bigbuy.tupique.com\/pt\/wp-json\/wp\/v2\/media\/57115"}],"wp:attachment":[{"href":"https:\/\/bigbuy.tupique.com\/pt\/wp-json\/wp\/v2\/media?parent=20874"}],"wp:term":[{"taxonomy":"product_brand","embeddable":true,"href":"https:\/\/bigbuy.tupique.com\/pt\/wp-json\/wp\/v2\/product_brand?post=20874"},{"taxonomy":"product_cat","embeddable":true,"href":"https:\/\/bigbuy.tupique.com\/pt\/wp-json\/wp\/v2\/product_cat?post=20874"},{"taxonomy":"product_tag","embeddable":true,"href":"https:\/\/bigbuy.tupique.com\/pt\/wp-json\/wp\/v2\/product_tag?post=20874"}],"curies":[{"name":"wp","href":"https:\/\/api.w.org\/{rel}","templated":true}]}}