{"id":20808,"date":"2026-03-29T17:26:25","date_gmt":"2026-03-29T16:26:25","guid":{"rendered":"https:\/\/bigbuy.tupique.com\/produto\/safety-deposit-box-yale-ysem-520-eg1-black\/"},"modified":"2026-05-11T20:02:21","modified_gmt":"2026-05-11T18:02:21","slug":"safety-deposit-box-yale-ysem-520-eg1-black","status":"publish","type":"product","link":"https:\/\/bigbuy.tupique.com\/pt\/produto\/safety-deposit-box-yale-ysem-520-eg1-black\/","title":{"rendered":"Coffre-fort Yale YSEM\/520\/EG1 Noir"},"content":{"rendered":"<p>Si vous aimez prendre soin de chaque d\u00e9tail de votre maison et d&#8217;\u00eatre \u00e0 la derni\u00e8re mode en mati\u00e8re de produits qui vous rendront la vie plus facile, achetez <b>Coffre-fort Yale YSEM\/520\/EG1 Noir<\/b> au meilleur prix.<\/p>\n<p>Le <b>coffre-fort Yale mod\u00e8le YSEM\/520\/EG1<\/b> est un dispositif de <b>haute s\u00e9curit\u00e9<\/b> con\u00e7u pour prot\u00e9ger des objets de valeur dans des environnements professionnels et priv\u00e9s n\u00e9cessitant une protection robuste. Fabriqu\u00e9 en <b>acier<\/b> r\u00e9sistant avec une finition <b>noire<\/b>, ce coffre-fort pr\u00e9sente des dimensions professionnelles de <b>52 cm de hauteur, 35 cm de largeur et 36 cm de profondeur<\/b>, offrant un grand espace int\u00e9rieur d\u2019environ 49,8 litres. Son syst\u00e8me de <b>serrure \u00e9lectronique \u00e0 code PIN<\/b> permet jusqu\u2019\u00e0 <b>100 000 combinaisons possibles<\/b>, garantissant un niveau \u00e9lev\u00e9 de s\u00e9curit\u00e9 et emp\u00eachant facilement les acc\u00e8s non autoris\u00e9s, avec une ouverture motoris\u00e9e automatique de la porte. Le coffre est certifi\u00e9 selon la norme <b>SKG 2 *<\/b>, reconnue pour son efficacit\u00e9 maximale contre le vol, gr\u00e2ce \u00e0 une construction blind\u00e9e avec plaques anti-per\u00e7age, porte d\u00e9coup\u00e9e au laser pour ajuster la r\u00e9sistance, et des p\u00eanes anti-scie de <b>22 mm<\/b> de diam\u00e8tre renfor\u00e7ant son int\u00e9grit\u00e9 face aux attaques m\u00e9caniques. Pour optimiser le rangement et la protection des objets, l\u2019int\u00e9rieur est doubl\u00e9 d\u2019un textile soign\u00e9, \u00e9quip\u00e9 d\u2019un \u00e9clairage LED int\u00e9gr\u00e9, d\u2019une tablette amovible adaptable et de crochets facilitant l\u2019organisation. Il inclut \u00e9galement un <b>kit de fixation<\/b> pour un montage s\u00e9curis\u00e9 au mur ou au sol, augmentant la difficult\u00e9 de manipulation ext\u00e9rieure. En cas d\u2019urgence, le coffre offre une ouverture par cl\u00e9 physique et permet une alimentation externe par batterie 9V pour \u00e9viter les blocages dus \u00e0 une panne d\u2019\u00e9nergie. Son design rectangulaire compact et l\u2019int\u00e9gration d\u2019un \u00e9cran digital facilitent la gestion et l\u2019utilisation quotidienne, alliant technologie, robustesse et fonctionnalit\u00e9. En r\u00e9sum\u00e9, le Yale YSEM\/520\/EG1 est une solution avanc\u00e9e et fiable pour ceux qui ont besoin d\u2019une protection efficace et certifi\u00e9e contre le vol et les acc\u00e8s non autoris\u00e9s.<\/p>\n<ul>\n<li>Type: Serrure \u00e9lectrique<\/li>\n<li>Caract\u00e9ristiques: LED<\/li>\n<li>Couleur: Noir<\/li>\n<li>Inclut: Batterie<\/li>\n<\/ul>","protected":false},"excerpt":{"rendered":"<p><span class=\"unit-info\">1202.8286 &euro; \/ 1 m<\/span><\/p>","protected":false},"featured_media":20807,"comment_status":"open","ping_status":"closed","template":"","meta":[],"product_brand":[1079],"product_cat":[239,579,768],"product_tag":[567,59,210],"class_list":{"0":"post-20808","1":"product","2":"type-product","3":"status-publish","4":"has-post-thumbnail","6":"product_brand-brandp_7761","7":"product_cat-maison-jardin","8":"product_cat-securite-a-la-maison","9":"product_cat-systemes-de-securite","10":"product_tag-tag_556","11":"product_tag-tag_1304","12":"product_tag-tag_25","14":"first","15":"instock","16":"taxable","17":"shipping-taxable","18":"purchasable","19":"product-type-simple"},"_links":{"self":[{"href":"https:\/\/bigbuy.tupique.com\/pt\/wp-json\/wp\/v2\/product\/20808","targetHints":{"allow":["GET"]}}],"collection":[{"href":"https:\/\/bigbuy.tupique.com\/pt\/wp-json\/wp\/v2\/product"}],"about":[{"href":"https:\/\/bigbuy.tupique.com\/pt\/wp-json\/wp\/v2\/types\/product"}],"replies":[{"embeddable":true,"href":"https:\/\/bigbuy.tupique.com\/pt\/wp-json\/wp\/v2\/comments?post=20808"}],"wp:featuredmedia":[{"embeddable":true,"href":"https:\/\/bigbuy.tupique.com\/pt\/wp-json\/wp\/v2\/media\/20807"}],"wp:attachment":[{"href":"https:\/\/bigbuy.tupique.com\/pt\/wp-json\/wp\/v2\/media?parent=20808"}],"wp:term":[{"taxonomy":"product_brand","embeddable":true,"href":"https:\/\/bigbuy.tupique.com\/pt\/wp-json\/wp\/v2\/product_brand?post=20808"},{"taxonomy":"product_cat","embeddable":true,"href":"https:\/\/bigbuy.tupique.com\/pt\/wp-json\/wp\/v2\/product_cat?post=20808"},{"taxonomy":"product_tag","embeddable":true,"href":"https:\/\/bigbuy.tupique.com\/pt\/wp-json\/wp\/v2\/product_tag?post=20808"}],"curies":[{"name":"wp","href":"https:\/\/api.w.org\/{rel}","templated":true}]}}