{"id":20740,"date":"2026-03-29T17:13:23","date_gmt":"2026-03-29T16:13:23","guid":{"rendered":"https:\/\/bigbuy.tupique.com\/produto\/vacuum-cleaner-karcher-white-650-w-2-l\/"},"modified":"2026-04-16T18:55:36","modified_gmt":"2026-04-16T17:55:36","slug":"vacuum-cleaner-karcher-white-650-w-2-l","status":"publish","type":"product","link":"https:\/\/bigbuy.tupique.com\/pt\/produto\/vacuum-cleaner-karcher-white-650-w-2-l\/","title":{"rendered":"Aspirateur K\u00e4rcher Blanc 650 W 2 L"},"content":{"rendered":"<p>Si vous recherchez des \u00e9lectrom\u00e9nagers pour votre maison aux meilleurs prix, ne manquez pas <b>Aspirateur K\u00e4rcher Blanc 650 W 2 L<\/b> et une large s\u00e9lection de petits \u00e9lectrom\u00e9nagers de qualit\u00e9 !<\/p>\n<p>Le <b>aspirateur<\/b> K\u00e4rcher DS 6 Plus est un appareil con\u00e7u pour offrir un nettoyage efficace et sain, id\u00e9al pour ceux qui recherchent une solution puissante et avanc\u00e9e pour la maison. Ce mod\u00e8le se distingue par son syst\u00e8me de <b>filtration par eau<\/b>, qui retient m\u00eame les particules de poussi\u00e8re les plus fines avec une efficacit\u00e9 de 99,95 %, \u00e9vitant la recirculation des allerg\u00e8nes et am\u00e9liorant la qualit\u00e9 de l\u2019air. Il dispose d\u2019une <b>capacit\u00e9 de 2 litres<\/b>, offrant un bon volume pour les grandes surfaces sans vider fr\u00e9quemment le r\u00e9servoir. Sa <b>puissance de 650 W<\/b> garantit un niveau optimal d\u2019aspiration pour \u00e9liminer salet\u00e9s et poussi\u00e8res sur diff\u00e9rentes surfaces, alliant force et efficacit\u00e9 \u00e9nerg\u00e9tique. De plus, il est \u00e9quip\u00e9 d\u2019un <b>filtre HEPA 13<\/b>, reconnu comme l\u2019un des plus exigeants pour la r\u00e9tention des microparticules, id\u00e9al pour les personnes sensibles \u00e0 la poussi\u00e8re ou allergiques. Son design en <b>blanc<\/b> lui conf\u00e8re un aspect propre et moderne, adapt\u00e9 \u00e0 tout style d\u2019int\u00e9rieur. Le niveau sonore est de <b>80 dB<\/b>, une valeur mod\u00e9r\u00e9e pour cette cat\u00e9gorie d\u2019aspirateurs, compatible avec sa puissance et sa capacit\u00e9. Cet aspirateur sans sac inclut \u00e9galement des accessoires facilitant le nettoyage dans divers espaces et recoins, optimisant sa polyvalence et sa fonctionnalit\u00e9. En r\u00e9sum\u00e9, le K\u00e4rcher DS 6 Plus repr\u00e9sente une option technique solide parmi les aspirateurs domestiques, apportant innovation en filtration et performance fiable pour un environnement domestique plus sain et propre.<\/p>\n<ul>\n<li>puissance: 650 W<\/li>\n<li>Type: Aspirateur<\/li>\n<li>Capacit\u00e9: 2 L<\/li>\n<li>Filtre: HEPA 13<\/li>\n<li>Niveau sonore: 80 dB<\/li>\n<li>Couleur: Blanc<\/li>\n<\/ul>","protected":false},"excerpt":{"rendered":"<p><span class=\"unit-info\">203.9950 &euro; \/ 1 l<\/span><\/p>","protected":false},"featured_media":20735,"comment_status":"open","ping_status":"closed","template":"","meta":[],"product_brand":[828],"product_cat":[762,239,240],"product_tag":[59,56],"class_list":{"0":"post-20740","1":"product","2":"type-product","3":"status-publish","4":"has-post-thumbnail","6":"product_brand-brandp_1299","7":"product_cat-aspirateurs-et-robots","8":"product_cat-maison-jardin","9":"product_cat-nettoyage-aspirateur-et-repassage","10":"product_tag-tag_1304","11":"product_tag-tag_930","13":"first","14":"instock","15":"taxable","16":"shipping-taxable","17":"purchasable","18":"product-type-simple"},"_links":{"self":[{"href":"https:\/\/bigbuy.tupique.com\/pt\/wp-json\/wp\/v2\/product\/20740","targetHints":{"allow":["GET"]}}],"collection":[{"href":"https:\/\/bigbuy.tupique.com\/pt\/wp-json\/wp\/v2\/product"}],"about":[{"href":"https:\/\/bigbuy.tupique.com\/pt\/wp-json\/wp\/v2\/types\/product"}],"replies":[{"embeddable":true,"href":"https:\/\/bigbuy.tupique.com\/pt\/wp-json\/wp\/v2\/comments?post=20740"}],"wp:featuredmedia":[{"embeddable":true,"href":"https:\/\/bigbuy.tupique.com\/pt\/wp-json\/wp\/v2\/media\/20735"}],"wp:attachment":[{"href":"https:\/\/bigbuy.tupique.com\/pt\/wp-json\/wp\/v2\/media?parent=20740"}],"wp:term":[{"taxonomy":"product_brand","embeddable":true,"href":"https:\/\/bigbuy.tupique.com\/pt\/wp-json\/wp\/v2\/product_brand?post=20740"},{"taxonomy":"product_cat","embeddable":true,"href":"https:\/\/bigbuy.tupique.com\/pt\/wp-json\/wp\/v2\/product_cat?post=20740"},{"taxonomy":"product_tag","embeddable":true,"href":"https:\/\/bigbuy.tupique.com\/pt\/wp-json\/wp\/v2\/product_tag?post=20740"}],"curies":[{"name":"wp","href":"https:\/\/api.w.org\/{rel}","templated":true}]}}