{"id":20676,"date":"2026-03-29T17:11:50","date_gmt":"2026-03-29T16:11:50","guid":{"rendered":"https:\/\/bigbuy.tupique.com\/produto\/nas-network-storage-synology-ds423-black\/"},"modified":"2026-04-15T02:18:27","modified_gmt":"2026-04-15T01:18:27","slug":"nas-network-storage-synology-ds423-black","status":"publish","type":"product","link":"https:\/\/bigbuy.tupique.com\/pt\/produto\/nas-network-storage-synology-ds423-black\/","title":{"rendered":"Stockage en R\u00e9seau NAS Synology DS423 Noir"},"content":{"rendered":"<p>Si vous \u00eates passionn\u00e9 d&#8217;<b>informatique et d&#8217;\u00e9lectronique<\/b>, si vous \u00eates \u00e0 la pointe de la technologie et qu&#8217;aucun d\u00e9tail ne vous \u00e9chappe, achetez <b>Stockage en R\u00e9seau NAS Synology DS423 Noir<\/b> au meilleur prix.<\/p>\n<p>Le <b>Synology DiskStation DS423<\/b> est un appareil de <b>stockage en r\u00e9seau NAS<\/b> con\u00e7u pour les utilisateurs domestiques qui recherchent une solution efficace et polyvalente pour g\u00e9rer leurs donn\u00e9es. Cet \u00e9quipement est \u00e9quip\u00e9 d\u2019un processeur Realtek RTD1619B de <b>1,7 GHz<\/b>, qui, associ\u00e9 \u00e0 ses <b>2 Go de m\u00e9moire DDR4<\/b>, offre des performances fluides pour les t\u00e2ches de stockage, gestion et acc\u00e8s aux fichiers en r\u00e9seau. Son architecture prend en charge des disques <b>HDD ou SSD<\/b>, offrant la flexibilit\u00e9 de configurer une unit\u00e9 adapt\u00e9e \u00e0 diff\u00e9rents besoins de capacit\u00e9 et de vitesse. Le design en <b>noir<\/b> est sobre et discret, avec un syst\u00e8me d\u2019exploitation propri\u00e9taire, <b>DiskStation Manager<\/b>, qui facilite l\u2019administration et la configuration du NAS gr\u00e2ce \u00e0 des fonctions avanc\u00e9es et une interface intuitive. Parmi ses connexions, on trouve des ports <b>USB<\/b> pour \u00e9tendre le stockage ou connecter des p\u00e9riph\u00e9riques compatibles, ainsi qu\u2019une connectivit\u00e9 r\u00e9seau via <b>RJ45<\/b> assurant une int\u00e9gration efficace dans les r\u00e9seaux domestiques ou petits bureaux. Il int\u00e8gre \u00e9galement un interrupteur marche\/arr\u00eat pour une gestion \u00e9nerg\u00e9tique simplifi\u00e9e. Ce mod\u00e8le constitue une option fiable et \u00e9quilibr\u00e9e pour ceux qui cherchent un NAS compact et fonctionnel permettant de centraliser, prot\u00e9ger et partager facilement les donn\u00e9es dans un environnement domestique ou personnel.<\/p>\n<ul>\n<li>Type:\n<ul>\n<li>NAS<\/li>\n<li>DDR4<\/li>\n<li>Cam\u00e9ra\/Appareil Photo<\/li>\n<li>HDD\/SSD<\/li>\n<\/ul>\n<\/li>\n<li>Niveau sonore: 22.9 dB<\/li>\n<li>Connexions:\n<ul>\n<li>Sata II<\/li>\n<li>RJ45 x 2<\/li>\n<li>Ethernet LAN<\/li>\n<li>2<\/li>\n<li>USB<\/li>\n<li>RJ45<\/li>\n<li>SATA<\/li>\n<li>USB-A 3.2<\/li>\n<\/ul>\n<\/li>\n<li>\u00c9cran integr\u00e9: Non<\/li>\n<li>Vibromasseur: Oui<\/li>\n<li>Largeur: 184 mm<\/li>\n<li>Tension:\n<ul>\n<li>100-240 V<\/li>\n<li>100 &#8211; 240 V<\/li>\n<\/ul>\n<\/li>\n<li>M\u00e9moire RAM: 2 GB RAM<\/li>\n<li>Ventillateur: 2<\/li>\n<li>Couleur: Noir<\/li>\n<li>Produit \u00e0 brancher: Oui<\/li>\n<li>Type de prise: Prise EU<\/li>\n<li>Bloc d\u2019Alimentation: r\u00e9seau \u00e9lectrique<\/li>\n<li>Fr\u00e9quence: 50-60 Hz<\/li>\n<li>Compatible:\n<ul>\n<li>HDD\/SSD<\/li>\n<li>2,5&#8243;-3,5&#8243;<\/li>\n<li>Raid 0,1,5,6,10,JBOD<\/li>\n<\/ul>\n<\/li>\n<li>Caract\u00e9ristiques:\n<ul>\n<li>Interrupteur marche\/arr\u00eat<\/li>\n<li>T\u00e9moin de fonctionnement LED<\/li>\n<li>Vibromasseur<\/li>\n<\/ul>\n<\/li>\n<li>Compartiments 3,5&#8243;: 4<\/li>\n<li>Batterie au lithium rechargeable: 90 mAh<\/li>\n<li>Inclut: Adaptateur<\/li>\n<li>Connectivit\u00e9: Ethernet LAN<\/li>\n<li>Taille: 3,5&#8243;<\/li>\n<li>Fr\u00e9quence d&#8217;entr\u00e9e AC: 50-60 Hz<\/li>\n<li>vitesse: 10\/100\/1000 Mbps<\/li>\n<li>Type de m\u00e9moire: DDR4<\/li>\n<li>diam\u00e8tre approx.: \u00d8 80 cm<\/li>\n<li>Connecteurs: Kensington<\/li>\n<li>Syst\u00e8me d&#8217;exploitation: DiskStation Manager<\/li>\n<li>Noyaux: 4 Noyaux<\/li>\n<\/ul>","protected":false},"excerpt":{"rendered":"<p>Si vous \u00eates passionn\u00e9 d&#8217;informatique et d&#8217;\u00e9lectronique, si vous \u00eates \u00e0 la pointe de la technologie et qu&#8217;aucun d\u00e9tail ne vous \u00e9chappe, achetez Stockage en R\u00e9seau NAS Synology DS423 Noir au meilleur prix. Le Synology DiskStation DS423 est un appareil de stockage en r\u00e9seau NAS con\u00e7u pour les utilisateurs domestiques qui recherchent une solution efficace [&hellip;]<\/p>\n","protected":false},"featured_media":20674,"comment_status":"open","ping_status":"closed","template":"","meta":[],"product_brand":[990],"product_cat":[588,65,584],"product_tag":[106],"class_list":{"0":"post-20676","1":"product","2":"type-product","3":"status-publish","4":"has-post-thumbnail","6":"product_brand-brandp_653","7":"product_cat-disques-durs","8":"product_cat-informatique-electronique","9":"product_cat-informatique-reseaux-et-composants","10":"product_tag-tag_1295","12":"first","13":"instock","14":"taxable","15":"shipping-taxable","16":"purchasable","17":"product-type-simple"},"_links":{"self":[{"href":"https:\/\/bigbuy.tupique.com\/pt\/wp-json\/wp\/v2\/product\/20676","targetHints":{"allow":["GET"]}}],"collection":[{"href":"https:\/\/bigbuy.tupique.com\/pt\/wp-json\/wp\/v2\/product"}],"about":[{"href":"https:\/\/bigbuy.tupique.com\/pt\/wp-json\/wp\/v2\/types\/product"}],"replies":[{"embeddable":true,"href":"https:\/\/bigbuy.tupique.com\/pt\/wp-json\/wp\/v2\/comments?post=20676"}],"wp:featuredmedia":[{"embeddable":true,"href":"https:\/\/bigbuy.tupique.com\/pt\/wp-json\/wp\/v2\/media\/20674"}],"wp:attachment":[{"href":"https:\/\/bigbuy.tupique.com\/pt\/wp-json\/wp\/v2\/media?parent=20676"}],"wp:term":[{"taxonomy":"product_brand","embeddable":true,"href":"https:\/\/bigbuy.tupique.com\/pt\/wp-json\/wp\/v2\/product_brand?post=20676"},{"taxonomy":"product_cat","embeddable":true,"href":"https:\/\/bigbuy.tupique.com\/pt\/wp-json\/wp\/v2\/product_cat?post=20676"},{"taxonomy":"product_tag","embeddable":true,"href":"https:\/\/bigbuy.tupique.com\/pt\/wp-json\/wp\/v2\/product_tag?post=20676"}],"curies":[{"name":"wp","href":"https:\/\/api.w.org\/{rel}","templated":true}]}}