{"id":20667,"date":"2026-03-29T17:11:40","date_gmt":"2026-03-29T16:11:40","guid":{"rendered":"https:\/\/bigbuy.tupique.com\/produto\/nas-network-storage-synology-ds223-black\/"},"modified":"2026-04-15T02:18:26","modified_gmt":"2026-04-15T01:18:26","slug":"nas-network-storage-synology-ds223-black","status":"publish","type":"product","link":"https:\/\/bigbuy.tupique.com\/pt\/produto\/nas-network-storage-synology-ds223-black\/","title":{"rendered":"Stockage en R\u00e9seau NAS Synology DS223 Noir"},"content":{"rendered":"<p>Si vous \u00eates passionn\u00e9 d&#8217;<b>informatique et d&#8217;\u00e9lectronique<\/b>, si vous \u00eates \u00e0 la pointe de la technologie et qu&#8217;aucun d\u00e9tail ne vous \u00e9chappe, achetez <b>Stockage en R\u00e9seau NAS Synology DS223 Noir<\/b> au meilleur prix.<\/p>\n<p>Le <b>DS223 de Synology<\/b> est un <b>NAS de stockage en r\u00e9seau<\/b> con\u00e7u pour les particuliers et les petites entreprises recherchant une solution efficace et s\u00e9curis\u00e9e pour la gestion centralis\u00e9e des donn\u00e9es. Pr\u00e9sent\u00e9 au format <b>de bureau<\/b> en noir, cet appareil se distingue par sa capacit\u00e9 \u00e0 accueillir <b>deux baies<\/b> compatibles avec des disques durs 3,5&#8243; et 2,5&#8243;, permettant d\u2019adapter le stockage selon les besoins de l\u2019utilisateur. Il int\u00e8gre un <b>processeur Quad Core<\/b> assurant des performances rapides lors d\u2019acc\u00e8s simultan\u00e9s, de sauvegardes ou de streaming multim\u00e9dia. Sa m\u00e9moire RAM de <b>2 Go DDR4<\/b> facilite la gestion de multiples fonctions et services de l\u2019\u00e9cosyst\u00e8me Synology, optimisant l\u2019acc\u00e8s et la synchronisation des fichiers. Le DS223 dispose de <b>connexions USB et RJ45<\/b> pour une int\u00e9gration directe avec d\u2019autres appareils et r\u00e9seaux, ainsi que d\u2019un support pour la <b>connectivit\u00e9 Wi-Fi<\/b> offrant une flexibilit\u00e9 accrue pour l\u2019emplacement et l\u2019acc\u00e8s sans fil aux donn\u00e9es stock\u00e9es. Il fonctionne avec une <b>alimentation secteur<\/b>, garantissant une stabilit\u00e9 \u00e9nerg\u00e9tique dans les environnements critiques. Des d\u00e9tails pratiques comme un <b>interrupteur marche\/arr\u00eat<\/b> accessible et la compatibilit\u00e9 avec les principales fonctions de gestion et de sauvegarde du fabricant sont inclus. Le Synology DS223 constitue une solution professionnelle et \u00e9volutive pour ceux qui exigent un acc\u00e8s s\u00e9curis\u00e9, rapide et efficace \u00e0 leurs donn\u00e9es en r\u00e9seau, que ce soit \u00e0 domicile ou en entreprise.<\/p>\n<ul>\n<li>Connexions:\n<ul>\n<li>USB-A 3.2<\/li>\n<li>Ethernet LAN<\/li>\n<li>USB<\/li>\n<li>RJ45<\/li>\n<\/ul>\n<\/li>\n<li>Produit \u00e0 brancher: Oui<\/li>\n<li>Type de prise: Prise EU<\/li>\n<li>Bloc d\u2019Alimentation: r\u00e9seau \u00e9lectrique<\/li>\n<li>Type:\n<ul>\n<li>DDR4<\/li>\n<li>NAS<\/li>\n<li>Bureau<\/li>\n<li>HDD\/SSD<\/li>\n<\/ul>\n<\/li>\n<li>M\u00e9moire RAM:\n<ul>\n<li>2 GB RAM<\/li>\n<li>1 GB RAM<\/li>\n<\/ul>\n<\/li>\n<li>Tension:\n<ul>\n<li>100-240 V<\/li>\n<li>100 &#8211; 240 V<\/li>\n<\/ul>\n<\/li>\n<li>Fr\u00e9quence: 50-60 Hz<\/li>\n<li>Compatible: HDD\/SSD<\/li>\n<li>Couleur: Noir<\/li>\n<li>Caract\u00e9ristiques:\n<ul>\n<li>Interrupteur marche\/arr\u00eat<\/li>\n<li>T\u00e9moin de fonctionnement LED<\/li>\n<\/ul>\n<\/li>\n<li>Connectivit\u00e9:\n<ul>\n<li>Wi-Fi<\/li>\n<li>Ethernet LAN<\/li>\n<\/ul>\n<\/li>\n<li>Ventillateur: 1<\/li>\n<li>Inclut: Adaptateur<\/li>\n<li>Fr\u00e9quence d&#8217;entr\u00e9e AC: 50-60 Hz<\/li>\n<li>Type de m\u00e9moire: DDR4<\/li>\n<li>Connecteurs: Kensington<\/li>\n<li>Nombre de Baies: 3,5&#8221; x 2<\/li>\n<li>Noyaux: 4 Noyaux<\/li>\n<li>Capacit\u00e9: 2 GB<\/li>\n<\/ul>","protected":false},"excerpt":{"rendered":"<p>Si vous \u00eates passionn\u00e9 d&#8217;informatique et d&#8217;\u00e9lectronique, si vous \u00eates \u00e0 la pointe de la technologie et qu&#8217;aucun d\u00e9tail ne vous \u00e9chappe, achetez Stockage en R\u00e9seau NAS Synology DS223 Noir au meilleur prix. Le DS223 de Synology est un NAS de stockage en r\u00e9seau con\u00e7u pour les particuliers et les petites entreprises recherchant une solution [&hellip;]<\/p>\n","protected":false},"featured_media":20664,"comment_status":"open","ping_status":"closed","template":"","meta":[],"product_brand":[990],"product_cat":[588,65,584],"product_tag":[106],"class_list":{"0":"post-20667","1":"product","2":"type-product","3":"status-publish","4":"has-post-thumbnail","6":"product_brand-brandp_653","7":"product_cat-disques-durs","8":"product_cat-informatique-electronique","9":"product_cat-informatique-reseaux-et-composants","10":"product_tag-tag_1295","12":"first","13":"instock","14":"taxable","15":"shipping-taxable","16":"purchasable","17":"product-type-simple"},"_links":{"self":[{"href":"https:\/\/bigbuy.tupique.com\/pt\/wp-json\/wp\/v2\/product\/20667","targetHints":{"allow":["GET"]}}],"collection":[{"href":"https:\/\/bigbuy.tupique.com\/pt\/wp-json\/wp\/v2\/product"}],"about":[{"href":"https:\/\/bigbuy.tupique.com\/pt\/wp-json\/wp\/v2\/types\/product"}],"replies":[{"embeddable":true,"href":"https:\/\/bigbuy.tupique.com\/pt\/wp-json\/wp\/v2\/comments?post=20667"}],"wp:featuredmedia":[{"embeddable":true,"href":"https:\/\/bigbuy.tupique.com\/pt\/wp-json\/wp\/v2\/media\/20664"}],"wp:attachment":[{"href":"https:\/\/bigbuy.tupique.com\/pt\/wp-json\/wp\/v2\/media?parent=20667"}],"wp:term":[{"taxonomy":"product_brand","embeddable":true,"href":"https:\/\/bigbuy.tupique.com\/pt\/wp-json\/wp\/v2\/product_brand?post=20667"},{"taxonomy":"product_cat","embeddable":true,"href":"https:\/\/bigbuy.tupique.com\/pt\/wp-json\/wp\/v2\/product_cat?post=20667"},{"taxonomy":"product_tag","embeddable":true,"href":"https:\/\/bigbuy.tupique.com\/pt\/wp-json\/wp\/v2\/product_tag?post=20667"}],"curies":[{"name":"wp","href":"https:\/\/api.w.org\/{rel}","templated":true}]}}