{"id":20644,"date":"2026-03-29T17:11:09","date_gmt":"2026-03-29T16:11:09","guid":{"rendered":"https:\/\/bigbuy.tupique.com\/produto\/smart-tv-toshiba-43ua2363dg-43\/"},"modified":"2026-04-16T21:43:35","modified_gmt":"2026-04-16T20:43:35","slug":"smart-tv-toshiba-43ua2363dg-43","status":"publish","type":"product","link":"https:\/\/bigbuy.tupique.com\/pt\/produto\/smart-tv-toshiba-43ua2363dg-43\/","title":{"rendered":"TV intelligente Toshiba 43UA2363DG 43&#8243;"},"content":{"rendered":"<p>Si vous \u00eates passionn\u00e9 d&#8217;<b>informatique et d&#8217;\u00e9lectronique<\/b>, si vous \u00eates \u00e0 la pointe de la technologie et qu&#8217;aucun d\u00e9tail ne vous \u00e9chappe, achetez <b>TV intelligente Toshiba 43UA2363DG 43&#8243;<\/b> au meilleur prix.<\/p>\n<p>Le <b>TOSHIBA 43UA2363DG<\/b> est un <b>smart TV de 43 pouces<\/b> qui allie fonctionnalit\u00e9 avanc\u00e9e, image de haute qualit\u00e9 et design sobre en <b>noir<\/b>. Ce t\u00e9l\u00e9viseur LED offre une r\u00e9solution <b>4K Ultra HD de 3840&#215;2160 pixels<\/b>, permettant de profiter d\u2019images nettes et d\u00e9taill\u00e9es au format <b>16:9<\/b>, id\u00e9al pour les contenus modernes et panoramiques. Il est \u00e9quip\u00e9 de la technologie <b>Dolby Vision<\/b>, qui am\u00e9liore le contraste et les couleurs, \u00e9largissant la plage dynamique pour une exp\u00e9rience visuelle plus r\u00e9aliste et immersive. De plus, le <b>syst\u00e8me d\u2019exploitation Android TV<\/b> int\u00e9gr\u00e9 garantit un acc\u00e8s simple aux applications, au streaming et aux contenus en ligne, via une interface intuitive et une connectivit\u00e9 WiFi stable. Il int\u00e8gre trois ports <b>HDMI<\/b>, facilitant la connexion simultan\u00e9e d\u2019appareils externes comme consoles, lecteurs ou barres de son. En termes d\u2019efficacit\u00e9 \u00e9nerg\u00e9tique, il b\u00e9n\u00e9ficie des classes <b>E et F<\/b>, refl\u00e9tant une consommation mod\u00e9r\u00e9e adapt\u00e9e \u00e0 sa taille et \u00e0 la technologie LED. Ce mod\u00e8le pr\u00e9sente un \u00e9cran LED avec une diagonale effective de 108 cm, adapt\u00e9 aux espaces domestiques pour le divertissement ou un usage multim\u00e9dia quotidien. Son design en <b>carton noir<\/b> offre une finition discr\u00e8te qui s\u2019int\u00e8gre facilement \u00e0 divers styles de d\u00e9coration. En r\u00e9sum\u00e9, le TOSHIBA 43UA2363DG est une option moderne pour les utilisateurs recherchant un t\u00e9l\u00e9viseur fonctionnel avec une grande qualit\u00e9 d\u2019image et des options de connectivit\u00e9 actuelles, dans une gamme moyenne de consommation \u00e9nerg\u00e9tique.<\/p>\n<ul>\n<li>TV intelligente: Oui<\/li>\n<li>Type: T\u00e9l\u00e9vision<\/li>\n<li>Produit \u00e0 brancher: Oui<\/li>\n<li>Type de prise: Prise EU<\/li>\n<li>Ecran: 43&#8243;<\/li>\n<li>Compatible:\n<ul>\n<li>Android TV<\/li>\n<li>Google Assistant<\/li>\n<li>Amazon Prime Video, BBC iplayer, Disney+, Netflix, YouTube<\/li>\n<\/ul>\n<\/li>\n<li>Son:\n<ul>\n<li>Dolby Audio<\/li>\n<li>Dolby Atmos<\/li>\n<\/ul>\n<\/li>\n<li>R\u00e9cepteur: DVB-T2\/C\/S2<\/li>\n<li>Caract\u00e9ristiques: Comprend t\u00e9l\u00e9commande<\/li>\n<li>Technologie:\n<ul>\n<li>Dolby Vision<\/li>\n<li>LED<\/li>\n<\/ul>\n<\/li>\n<li>Connectivit\u00e9: WiFi Ready<\/li>\n<li>R\u00e9solution (px): 3840 x 2160 px<\/li>\n<li>Diagonale de l&#8217;\u00e9cran (cm):\n<ul>\n<li>108 cm<\/li>\n<li>109,2 cm<\/li>\n<\/ul>\n<\/li>\n<li>Connexions: HDMI x 3<\/li>\n<li>R\u00e9solution: 4K Ultra HD<\/li>\n<li>Classification \u00e9nerg\u00e9tique:\n<ul>\n<li>F<\/li>\n<li>E<\/li>\n<li>G<\/li>\n<\/ul>\n<\/li>\n<li>Rapport d&#8217;aspect: 16:9<\/li>\n<li>Bloc d\u2019Alimentation: r\u00e9seau \u00e9lectrique<\/li>\n<li>Couleur: Noir<\/li>\n<li>consommation d&#8217;\u00e9nergie: 0,5 W<\/li>\n<li>Poids approx.: 16 Kg<\/li>\n<li>Fonctions: Google Assistant<\/li>\n<li>Indice de r\u00e9parabilit\u00e9: 6.6<\/li>\n<li>Dimensions approx.:\n<ul>\n<li>25,7 cm<\/li>\n<li>96,5 cm<\/li>\n<\/ul>\n<\/li>\n<li>Mati\u00e8re: Carton<\/li>\n<\/ul>","protected":false},"excerpt":{"rendered":"<p>Si vous \u00eates passionn\u00e9 d&#8217;informatique et d&#8217;\u00e9lectronique, si vous \u00eates \u00e0 la pointe de la technologie et qu&#8217;aucun d\u00e9tail ne vous \u00e9chappe, achetez TV intelligente Toshiba 43UA2363DG 43&#8243; au meilleur prix. Le TOSHIBA 43UA2363DG est un smart TV de 43 pouces qui allie fonctionnalit\u00e9 avanc\u00e9e, image de haute qualit\u00e9 et design sobre en noir. Ce [&hellip;]<\/p>\n","protected":false},"featured_media":20638,"comment_status":"open","ping_status":"closed","template":"","meta":[],"product_brand":[1073],"product_cat":[589,65,957],"product_tag":[59],"class_list":{"0":"post-20644","1":"product","2":"type-product","3":"status-publish","4":"has-post-thumbnail","6":"product_brand-brandp_584","7":"product_cat-electronique-television","8":"product_cat-informatique-electronique","9":"product_cat-televisions-et-smart-tv","10":"product_tag-tag_1304","12":"first","13":"instock","14":"taxable","15":"shipping-taxable","16":"purchasable","17":"product-type-simple"},"_links":{"self":[{"href":"https:\/\/bigbuy.tupique.com\/pt\/wp-json\/wp\/v2\/product\/20644","targetHints":{"allow":["GET"]}}],"collection":[{"href":"https:\/\/bigbuy.tupique.com\/pt\/wp-json\/wp\/v2\/product"}],"about":[{"href":"https:\/\/bigbuy.tupique.com\/pt\/wp-json\/wp\/v2\/types\/product"}],"replies":[{"embeddable":true,"href":"https:\/\/bigbuy.tupique.com\/pt\/wp-json\/wp\/v2\/comments?post=20644"}],"wp:featuredmedia":[{"embeddable":true,"href":"https:\/\/bigbuy.tupique.com\/pt\/wp-json\/wp\/v2\/media\/20638"}],"wp:attachment":[{"href":"https:\/\/bigbuy.tupique.com\/pt\/wp-json\/wp\/v2\/media?parent=20644"}],"wp:term":[{"taxonomy":"product_brand","embeddable":true,"href":"https:\/\/bigbuy.tupique.com\/pt\/wp-json\/wp\/v2\/product_brand?post=20644"},{"taxonomy":"product_cat","embeddable":true,"href":"https:\/\/bigbuy.tupique.com\/pt\/wp-json\/wp\/v2\/product_cat?post=20644"},{"taxonomy":"product_tag","embeddable":true,"href":"https:\/\/bigbuy.tupique.com\/pt\/wp-json\/wp\/v2\/product_tag?post=20644"}],"curies":[{"name":"wp","href":"https:\/\/api.w.org\/{rel}","templated":true}]}}