{"id":20598,"date":"2026-03-29T17:09:59","date_gmt":"2026-03-29T16:09:59","guid":{"rendered":"https:\/\/bigbuy.tupique.com\/produto\/switch-zyxel-xs1930-12hp-zz0101f\/"},"modified":"2026-04-15T02:18:17","modified_gmt":"2026-04-15T01:18:17","slug":"switch-zyxel-xs1930-12hp-zz0101f","status":"publish","type":"product","link":"https:\/\/bigbuy.tupique.com\/pt\/produto\/switch-zyxel-xs1930-12hp-zz0101f\/","title":{"rendered":"Switch ZyXEL XS1930-12HP-ZZ0101F"},"content":{"rendered":"<p>Si vous \u00eates passionn\u00e9 d&#8217;<b>informatique et d&#8217;\u00e9lectronique<\/b>, si vous \u00eates \u00e0 la pointe de la technologie et qu&#8217;aucun d\u00e9tail ne vous \u00e9chappe, achetez <b>Switch ZyXEL XS1930-12HP-ZZ0101F <\/b> au meilleur prix.<\/p>\n<p>Le <b>switch ZyXEL XS1930-12HP-ZZ0101F<\/b> est un \u00e9quipement r\u00e9seau avanc\u00e9 con\u00e7u pour des environnements professionnels n\u00e9cessitant une gestion efficace et des performances sup\u00e9rieures. Il s&#8217;agit d&#8217;un <b>switch manageable de couche 3<\/b> qui facilite la segmentation et le routage du trafic dans des r\u00e9seaux complexes, id\u00e9al pour les entreprises exigeant un contr\u00f4le avanc\u00e9 et une grande capacit\u00e9. Cet appareil dispose de <b>10 ports RJ-45 Ethernet standards<\/b> avec des vitesses allant jusqu&#8217;\u00e0 <b>10G (100\/1000\/10000 Mbps)<\/b>, garantissant une connectivit\u00e9 tr\u00e8s rapide et stable pour l\u2019\u00e9change de donn\u00e9es volumineuses. De plus, il comprend <b>8 ports RJ45<\/b> principaux et un port PoE, permettant d\u2019alimenter des appareils compatibles comme des cam\u00e9ras IP ou points d\u2019acc\u00e8s sans c\u00e2bles d\u2019alimentation suppl\u00e9mentaires, augmentant ainsi la polyvalence et simplifiant l\u2019installation. Le bo\u00eetier de ce switch est de couleur <b>noir<\/b>, fabriqu\u00e9 avec des mat\u00e9riaux de haute qualit\u00e9 incluant des composants en <b>cuivre<\/b>, assurant robustesse et durabilit\u00e9. Sa capacit\u00e9 de commutation atteint <b>240 Gbit\/s<\/b>, tandis que la table d\u2019adresses MAC supporte jusqu\u2019\u00e0 <b>16 000 entr\u00e9es<\/b>, adapt\u00e9 pour g\u00e9rer plusieurs dispositifs et maintenir un flux de donn\u00e9es efficace sur de larges r\u00e9seaux. Il respecte de nombreux standards r\u00e9seau, notamment <b>IEEE 802.1p<\/b> pour la priorisation du trafic, <b>IEEE 802.3af<\/b> pour le PoE, ainsi que des protocoles d\u2019agr\u00e9gation et de redondance comme <b>802.3ad<\/b> et <b>802.1w<\/b>, garantissant compatibilit\u00e9 et r\u00e9silience face aux pannes. Ce mod\u00e8le est \u00e9galement con\u00e7u pour un montage facile en rack, facilitant son int\u00e9gration dans les infrastructures existantes. Le ZyXEL XS1930-12HP-ZZ0101F allie <b>puissance<\/b>, <b>flexibilit\u00e9<\/b> et un ensemble solide de fonctionnalit\u00e9s techniques pour r\u00e9pondre aux besoins des r\u00e9seaux professionnels modernes. C\u2019est une solution fiable et efficace pour la gestion et l\u2019optimisation du trafic de donn\u00e9es en milieu professionnel.<\/p>\n<ul>\n<li>Connexions:\n<ul>\n<li>RJ45<\/li>\n<li>8<\/li>\n<li>PoE x 1<\/li>\n<\/ul>\n<\/li>\n<li>Produit \u00e0 brancher: Oui<\/li>\n<li>Type de prise: Prise EU<\/li>\n<li>Ports: 8<\/li>\n<li>Type: Switch<\/li>\n<li>Bloc d\u2019Alimentation:\n<ul>\n<li>r\u00e9seau \u00e9lectrique<\/li>\n<li>Incluses<\/li>\n<\/ul>\n<\/li>\n<li>Couleur: Noir<\/li>\n<li>Tension:\n<ul>\n<li>100-240 V<\/li>\n<li>100 &#8211; 240 V<\/li>\n<\/ul>\n<\/li>\n<li>Fr\u00e9quence: 50-60 Hz<\/li>\n<li>Mati\u00e8re: Cuivre<\/li>\n<li>Support: Multisupport<\/li>\n<li>Caract\u00e9ristiques: T\u00e9moin de fonctionnement LED<\/li>\n<li>Fr\u00e9quence d&#8217;entr\u00e9e AC: 50-60 Hz<\/li>\n<li>Largeur: 33 cm<\/li>\n<li>vitesse: 1000 Mbps<\/li>\n<li>Temp\u00e9rature approximative: -40\u00ba \/ 70\u00ba<\/li>\n<\/ul>\n<p><\/p>\n<p>Zyxel XS1930-12HP-ZZ0101F. Type de commutateur: G\u00e9r\u00e9, Banc de commutateurs: L3. Type de port Ethernet RJ-45 de commutation de base: 10G Ethernet (100\/1000\/10000), Quantit\u00e9 de ports Ethernet RJ-45 de commutation de base: 10, Nombre de modules SFP+ install\u00e9s: 2. R\u00e9pertoire MAC: 16000 entr\u00e9es, Capacit\u00e9 de commutation: 240 Gbit\/s. Standards r\u00e9seau: IEEE 802.1p,IEEE 802.1s,IEEE 802.1w,IEEE 802.3ab,IEEE 802.3ad,IEEE 802.3ae,IEEE 802.3af,IEEE&#8230;. Connexion Ethernet, supportant l&#8217;alimentation via ce port (PoE). Grille de montage<\/p>\n<p><\/p>\n<ul>\n<li>Type de commutateur: G\u00e9r\u00e9<\/li>\n<li>Banc de commutateurs: L3<\/li>\n<li>Qualit\u00e9 de service (QoS): Oui<\/li>\n<li>Gestion bas\u00e9e sur le web: Oui<\/li>\n<li>G\u00e9r\u00e9 sur le Cloud: Oui<\/li>\n<li>Configuration des param\u00e8tres de localisation (CLI): Oui<\/li>\n<li>Support MIB: Y<\/li>\n<li>Quantit\u00e9 de ports Ethernet RJ-45 de commutation de base: 10<\/li>\n<li>Type de port Ethernet RJ-45 de commutation de base: 10G Ethernet (100\/1000\/10000)<\/li>\n<li>Nombre de modules SFP+ install\u00e9s: 2<\/li>\n<li>Standards r\u00e9seau: IEEE 802.1p,IEEE 802.1s,IEEE 802.1w,IEEE 802.3ab,IEEE 802.3ad,IEEE 802.3ae,IEEE 802.3af,IEEE 802.3an,IEEE 802.3at,IEEE 802.3az,IEEE 802.3bt,IEEE 802.3x<\/li>\n<li>Soutien 10G: Oui<\/li>\n<li>Port mirroring (Mise en miroir des ports): Oui<\/li>\n<li>LAN Ethernet : taux de transfert des donn\u00e9es: 100,1000,2500,5000,10000 Mbit\/s<\/li>\n<li>Support VLAN: Oui<\/li>\n<li>R\u00e9pertoire MAC: 16000 entr\u00e9es<\/li>\n<li>Capacit\u00e9 de commutation: 240 Gbit\/s<\/li>\n<li>Support \u00e0 la multidifusion: Oui<\/li>\n<li>Grille de montage: Oui<\/li>\n<li>Couleur du produit: Noir<\/li>\n<li>Voyants: Oui<\/li>\n<li>Bloc d&#8217;alimentation inclus: Oui<\/li>\n<li>Tension d&#8217;entr\u00e9e AC: 100 &#8211; 240 V<\/li>\n<li>Fr\u00e9quence d&#8217;entr\u00e9e AC: 50\/60 Hz<\/li>\n<li>Consommation (max): 493 W<\/li>\n<li>Connexion Ethernet, supportant l&#8217;alimentation via ce port (PoE): Oui<\/li>\n<li>Power over Ethernet (PoE) Nombre de ports: 8<\/li>\n<li>Temp\u00e9rature d&#8217;op\u00e9ration: -20 &#8211; 50 \u00b0C<\/li>\n<li>Temp\u00e9rature hors fonctionnement: -40 &#8211; 70 \u00b0C<\/li>\n<li>Taux d&#8217;humidit\u00e9 de fonctionnement: 5 &#8211; 95%<\/li>\n<li>Taux d&#8217;humidit\u00e9 relative (stockage): 5 &#8211; 95%<\/li>\n<li>Dissipation thermique: 151,06 BTU\/h<\/li>\n<li>Largeur: 330 mm<\/li>\n<li>Profondeur: 230 mm<\/li>\n<li>Hauteur: 44 mm<\/li>\n<li>Poids: 2,8 kg<\/li>\n<\/ul>","protected":false},"excerpt":{"rendered":"<p>Si vous \u00eates passionn\u00e9 d&#8217;informatique et d&#8217;\u00e9lectronique, si vous \u00eates \u00e0 la pointe de la technologie et qu&#8217;aucun d\u00e9tail ne vous \u00e9chappe, achetez Switch ZyXEL XS1930-12HP-ZZ0101F au meilleur prix. Le switch ZyXEL XS1930-12HP-ZZ0101F est un \u00e9quipement r\u00e9seau avanc\u00e9 con\u00e7u pour des environnements professionnels n\u00e9cessitant une gestion efficace et des performances sup\u00e9rieures. Il s&#8217;agit d&#8217;un switch [&hellip;]<\/p>\n","protected":false},"featured_media":20597,"comment_status":"open","ping_status":"closed","template":"","meta":[],"product_brand":[648],"product_cat":[65,584,585],"product_tag":[106],"class_list":{"0":"post-20598","1":"product","2":"type-product","3":"status-publish","4":"has-post-thumbnail","6":"product_brand-brandp_669","7":"product_cat-informatique-electronique","8":"product_cat-informatique-reseaux-et-composants","9":"product_cat-switch","10":"product_tag-tag_1295","12":"first","13":"instock","14":"taxable","15":"shipping-taxable","16":"purchasable","17":"product-type-simple"},"_links":{"self":[{"href":"https:\/\/bigbuy.tupique.com\/pt\/wp-json\/wp\/v2\/product\/20598","targetHints":{"allow":["GET"]}}],"collection":[{"href":"https:\/\/bigbuy.tupique.com\/pt\/wp-json\/wp\/v2\/product"}],"about":[{"href":"https:\/\/bigbuy.tupique.com\/pt\/wp-json\/wp\/v2\/types\/product"}],"replies":[{"embeddable":true,"href":"https:\/\/bigbuy.tupique.com\/pt\/wp-json\/wp\/v2\/comments?post=20598"}],"wp:featuredmedia":[{"embeddable":true,"href":"https:\/\/bigbuy.tupique.com\/pt\/wp-json\/wp\/v2\/media\/20597"}],"wp:attachment":[{"href":"https:\/\/bigbuy.tupique.com\/pt\/wp-json\/wp\/v2\/media?parent=20598"}],"wp:term":[{"taxonomy":"product_brand","embeddable":true,"href":"https:\/\/bigbuy.tupique.com\/pt\/wp-json\/wp\/v2\/product_brand?post=20598"},{"taxonomy":"product_cat","embeddable":true,"href":"https:\/\/bigbuy.tupique.com\/pt\/wp-json\/wp\/v2\/product_cat?post=20598"},{"taxonomy":"product_tag","embeddable":true,"href":"https:\/\/bigbuy.tupique.com\/pt\/wp-json\/wp\/v2\/product_tag?post=20598"}],"curies":[{"name":"wp","href":"https:\/\/api.w.org\/{rel}","templated":true}]}}