{"id":20478,"date":"2026-03-29T17:07:14","date_gmt":"2026-03-29T16:07:14","guid":{"rendered":"https:\/\/bigbuy.tupique.com\/produto\/cordless-vacuum-cleaner-fagor-fg6415-white-1800-w\/"},"modified":"2026-05-11T20:02:55","modified_gmt":"2026-05-11T18:02:55","slug":"cordless-vacuum-cleaner-fagor-fg6415-white-1800-w","status":"publish","type":"product","link":"https:\/\/bigbuy.tupique.com\/pt\/produto\/cordless-vacuum-cleaner-fagor-fg6415-white-1800-w\/","title":{"rendered":"Aspirateur sans fil Fagor FG6415 Blanc 1800 W"},"content":{"rendered":"<p>Si vous recherchez des \u00e9lectrom\u00e9nagers pour votre maison aux meilleurs prix, ne manquez pas <b>Aspirateur sans fil Fagor FG6415 Blanc 1800 W<\/b> et une large s\u00e9lection de petits \u00e9lectrom\u00e9nagers de qualit\u00e9 !<\/p>\n<ul>\n<li>Type: Aspirateur \u00e0 main<\/li>\n<li>Couleur: Blanc<\/li>\n<li>puissance: 1800 W<\/li>\n<li>Niveau sonore: 75 dB<\/li>\n<\/ul>","protected":false},"excerpt":{"rendered":"<p>Si vous recherchez des \u00e9lectrom\u00e9nagers pour votre maison aux meilleurs prix, ne manquez pas Aspirateur sans fil Fagor FG6415 Blanc 1800 W et une large s\u00e9lection de petits \u00e9lectrom\u00e9nagers de qualit\u00e9 ! Type: Aspirateur \u00e0 main Couleur: Blanc puissance: 1800 W Niveau sonore: 75 dB<\/p>","protected":false},"featured_media":20473,"comment_status":"open","ping_status":"closed","template":"","meta":[],"product_brand":[294],"product_cat":[762,239,240],"product_tag":[59,56,210],"class_list":{"0":"post-20478","1":"product","2":"type-product","3":"status-publish","4":"has-post-thumbnail","6":"product_brand-brandp_961","7":"product_cat-aspirateurs-et-robots","8":"product_cat-maison-jardin","9":"product_cat-nettoyage-aspirateur-et-repassage","10":"product_tag-tag_1304","11":"product_tag-tag_930","12":"product_tag-tag_25","14":"first","15":"instock","16":"taxable","17":"shipping-taxable","18":"purchasable","19":"product-type-simple"},"_links":{"self":[{"href":"https:\/\/bigbuy.tupique.com\/pt\/wp-json\/wp\/v2\/product\/20478","targetHints":{"allow":["GET"]}}],"collection":[{"href":"https:\/\/bigbuy.tupique.com\/pt\/wp-json\/wp\/v2\/product"}],"about":[{"href":"https:\/\/bigbuy.tupique.com\/pt\/wp-json\/wp\/v2\/types\/product"}],"replies":[{"embeddable":true,"href":"https:\/\/bigbuy.tupique.com\/pt\/wp-json\/wp\/v2\/comments?post=20478"}],"wp:featuredmedia":[{"embeddable":true,"href":"https:\/\/bigbuy.tupique.com\/pt\/wp-json\/wp\/v2\/media\/20473"}],"wp:attachment":[{"href":"https:\/\/bigbuy.tupique.com\/pt\/wp-json\/wp\/v2\/media?parent=20478"}],"wp:term":[{"taxonomy":"product_brand","embeddable":true,"href":"https:\/\/bigbuy.tupique.com\/pt\/wp-json\/wp\/v2\/product_brand?post=20478"},{"taxonomy":"product_cat","embeddable":true,"href":"https:\/\/bigbuy.tupique.com\/pt\/wp-json\/wp\/v2\/product_cat?post=20478"},{"taxonomy":"product_tag","embeddable":true,"href":"https:\/\/bigbuy.tupique.com\/pt\/wp-json\/wp\/v2\/product_tag?post=20478"}],"curies":[{"name":"wp","href":"https:\/\/api.w.org\/{rel}","templated":true}]}}