{"id":20455,"date":"2026-03-29T17:06:43","date_gmt":"2026-03-29T16:06:43","guid":{"rendered":"https:\/\/bigbuy.tupique.com\/produto\/car-chair-chicco-evo-i-size-blue-grey-ece-r129-04\/"},"modified":"2026-04-16T17:15:51","modified_gmt":"2026-04-16T16:15:51","slug":"car-chair-chicco-evo-i-size-blue-grey-ece-r129-04","status":"publish","type":"product","link":"https:\/\/bigbuy.tupique.com\/pt\/produto\/car-chair-chicco-evo-i-size-blue-grey-ece-r129-04\/","title":{"rendered":"Si\u00e8ge de Voiture Chicco Evo i-Size Bleu Gris ECE R129\/04"},"content":{"rendered":"<p>Les enfants m\u00e9ritent ce qu\u2019il y a de mieux, nous vous pr\u00e9sentons donc <b>Si\u00e8ge de Voiture Chicco Evo i-Size Bleu Gris ECE R129\/04<\/b>, id\u00e9al pour ceux qui cherchent des produits de qualit\u00e9 pour les plus petits ! Procurez-vous <b>Chicco<\/b> et bien d\u2019autres marques et licences aux meilleurs prix !<\/p>\n<p>Le <b>si\u00e8ge auto Evo i-Size<\/b> de Chicco est con\u00e7u pour offrir s\u00e9curit\u00e9 et confort aux tout-petits d\u00e8s la naissance jusqu\u2019\u00e0 13 kg, correspondant au <b>Groupe 0+<\/b>. Ce mod\u00e8le respecte la norme i-Size, garantissant une protection optimale contre les chocs lat\u00e9raux et frontaux. Il pr\u00e9sente un design <b>r\u00e9glable<\/b> et <b>inclinable<\/b>, permettant d\u2019adapter la position du b\u00e9b\u00e9 pour maximiser son confort durant les trajets, que ce soit en position plus droite ou allong\u00e9e, favorisant ainsi un repos ad\u00e9quat. Il est disponible en <b>bleu et gris<\/b>, des teintes neutres et \u00e9l\u00e9gantes qui s\u2019adaptent \u00e0 tout int\u00e9rieur de v\u00e9hicule. De plus, sa structure offre un bon \u00e9quilibre entre l\u00e9g\u00e8ret\u00e9 et robustesse, facilitant son installation et sa manipulation quotidienne. Le si\u00e8ge Chicco Evo i-Size combine des \u00e9l\u00e9ments ergonomiques avec des mat\u00e9riaux de qualit\u00e9 qui assurent un bon maintien de la t\u00eate et du corps du b\u00e9b\u00e9, garantissant un voyage calme et prot\u00e9g\u00e9. En r\u00e9sum\u00e9, l\u2019Evo i-Size de Chicco constitue une solution fiable et fonctionnelle pour les parents recherchant un si\u00e8ge auto garantissant s\u00e9curit\u00e9 certifi\u00e9e et adaptabilit\u00e9 durant les premiers mois du b\u00e9b\u00e9.<\/p>\n<ul>\n<li>Type: Si\u00e8ge de Voiture<\/li>\n<li>Caract\u00e9ristiques:\n<ul>\n<li>R\u00e9glable<\/li>\n<li>Inclinable<\/li>\n<li>Angle r\u00e9glable et base rotative (rotaction de 360\u00ba)<\/li>\n<\/ul>\n<\/li>\n<li>Syst\u00e8me de R\u00e9glage:\n<ul>\n<li>ISOFIX<\/li>\n<li>Ceinture de s\u00e9curit\u00e9<\/li>\n<\/ul>\n<\/li>\n<li>Inclut: R\u00e9ducteur<\/li>\n<li>Groupe:\n<ul>\n<li>0+ (de 0 a 13 kilos)<\/li>\n<li>I (9 &#8211; 18 kg)<\/li>\n<li>III (22 &#8211; 36 kg)<\/li>\n<\/ul>\n<\/li>\n<li>Certificat: ECE R129\/03<\/li>\n<li>Homologu\u00e9: ECE R129\/04<\/li>\n<li>Couleur:\n<ul>\n<li>Bleu<\/li>\n<li>Gris<\/li>\n<\/ul>\n<\/li>\n<li>Poids: 11,5 kg<\/li>\n<li>Poids Max. support\u00e9: 36 kg<\/li>\n<\/ul>","protected":false},"excerpt":{"rendered":"<p>Les enfants m\u00e9ritent ce qu\u2019il y a de mieux, nous vous pr\u00e9sentons donc Si\u00e8ge de Voiture Chicco Evo i-Size Bleu Gris ECE R129\/04, id\u00e9al pour ceux qui cherchent des produits de qualit\u00e9 pour les plus petits ! Procurez-vous Chicco et bien d\u2019autres marques et licences aux meilleurs prix ! Le si\u00e8ge auto Evo i-Size de [&hellip;]<\/p>\n","protected":false},"featured_media":20449,"comment_status":"open","ping_status":"closed","template":"","meta":[],"product_brand":[998],"product_cat":[750,251,157],"product_tag":[59,164],"class_list":{"0":"post-20455","1":"product","2":"type-product","3":"status-publish","4":"has-post-thumbnail","6":"product_brand-brandp_2092","7":"product_cat-balades-et-voyages","8":"product_cat-bebes-et-enfants","9":"product_cat-jouets-deguisements","10":"product_tag-tag_1304","11":"product_tag-tag_152","13":"first","14":"instock","15":"taxable","16":"shipping-taxable","17":"purchasable","18":"product-type-simple"},"_links":{"self":[{"href":"https:\/\/bigbuy.tupique.com\/pt\/wp-json\/wp\/v2\/product\/20455","targetHints":{"allow":["GET"]}}],"collection":[{"href":"https:\/\/bigbuy.tupique.com\/pt\/wp-json\/wp\/v2\/product"}],"about":[{"href":"https:\/\/bigbuy.tupique.com\/pt\/wp-json\/wp\/v2\/types\/product"}],"replies":[{"embeddable":true,"href":"https:\/\/bigbuy.tupique.com\/pt\/wp-json\/wp\/v2\/comments?post=20455"}],"wp:featuredmedia":[{"embeddable":true,"href":"https:\/\/bigbuy.tupique.com\/pt\/wp-json\/wp\/v2\/media\/20449"}],"wp:attachment":[{"href":"https:\/\/bigbuy.tupique.com\/pt\/wp-json\/wp\/v2\/media?parent=20455"}],"wp:term":[{"taxonomy":"product_brand","embeddable":true,"href":"https:\/\/bigbuy.tupique.com\/pt\/wp-json\/wp\/v2\/product_brand?post=20455"},{"taxonomy":"product_cat","embeddable":true,"href":"https:\/\/bigbuy.tupique.com\/pt\/wp-json\/wp\/v2\/product_cat?post=20455"},{"taxonomy":"product_tag","embeddable":true,"href":"https:\/\/bigbuy.tupique.com\/pt\/wp-json\/wp\/v2\/product_tag?post=20455"}],"curies":[{"name":"wp","href":"https:\/\/api.w.org\/{rel}","templated":true}]}}