{"id":20375,"date":"2026-03-29T16:54:58","date_gmt":"2026-03-29T15:54:58","guid":{"rendered":"https:\/\/bigbuy.tupique.com\/produto\/network-storage-synology-ds3622xs-black\/"},"modified":"2026-05-11T19:59:41","modified_gmt":"2026-05-11T17:59:41","slug":"network-storage-synology-ds3622xs-black","status":"publish","type":"product","link":"https:\/\/bigbuy.tupique.com\/pt\/produto\/network-storage-synology-ds3622xs-black\/","title":{"rendered":"Stockage r\u00e9seau Synology DS3622XS+ Noir"},"content":{"rendered":"<p>Si vous \u00eates passionn\u00e9 d&#8217;<b>informatique et d&#8217;\u00e9lectronique<\/b>, si vous \u00eates \u00e0 la pointe de la technologie et qu&#8217;aucun d\u00e9tail ne vous \u00e9chappe, achetez <b>Stockage r\u00e9seau Synology DS3622XS+ Noir<\/b> au meilleur prix.<\/p>\n<ul>\n<li>Connexions:\n<ul>\n<li>USB x 2<\/li>\n<li>USB-A 3.2<\/li>\n<li>Ethernet LAN<\/li>\n<li>2<\/li>\n<li>SO-DIMM<\/li>\n<li>USB<\/li>\n<li>RJ45<\/li>\n<li>SATA<\/li>\n<li>USB x 3<\/li>\n<\/ul>\n<\/li>\n<li>Type:\n<ul>\n<li>DDR4<\/li>\n<li>NAS<\/li>\n<li>HDD\/SSD<\/li>\n<\/ul>\n<\/li>\n<li>Compatible:\n<ul>\n<li>HDD\/SSD<\/li>\n<li>2,5&#8243;-3,5&#8243;<\/li>\n<li>Raid 0,1,5,6,10,JBOD<\/li>\n<\/ul>\n<\/li>\n<li>Niveau sonore: 25 dB<\/li>\n<li>Disque dur: 16 GB<\/li>\n<li>Fr\u00e9quence:\n<ul>\n<li>50-60 Hz<\/li>\n<li>50 &#8211; 60 Hz<\/li>\n<li>2,7 GHz<\/li>\n<\/ul>\n<\/li>\n<li>Bloc d\u2019Alimentation:\n<ul>\n<li>550 W<\/li>\n<li>Int\u00e9rieur<\/li>\n<\/ul>\n<\/li>\n<li>Tension:\n<ul>\n<li>100-240 V<\/li>\n<li>100 &#8211; 240 V<\/li>\n<\/ul>\n<\/li>\n<li>Couleur: Noir<\/li>\n<li>Nombre de Baies: x 12<\/li>\n<li>Largeur: 30 cm<\/li>\n<li>M\u00e9moire RAM: 16 GB RAM<\/li>\n<li>Ventillateur:\n<ul>\n<li>2<\/li>\n<li>12 cm<\/li>\n<\/ul>\n<\/li>\n<li>Type de m\u00e9moire: DDR4<\/li>\n<li>Facteur de forme: SO-DIMM<\/li>\n<li>Syst\u00e8me d&#8217;exploitation: DiskStation Manager<\/li>\n<li>Technologie:\n<ul>\n<li>VT-d<\/li>\n<li>VT-x<\/li>\n<li>Execute Disable Bit (XD Bit)<\/li>\n<\/ul>\n<\/li>\n<li>Caract\u00e9ristiques: Etats de veille<\/li>\n<li>Type de stockage: SSD<\/li>\n<li>Noyaux: 6 Noyaux<\/li>\n<li>vitesse: 2.2 GHz<\/li>\n<li>Famille de processeurs: Intel<\/li>\n<li>Type d&#8217;installation: Sol<\/li>\n<\/ul>","protected":false},"excerpt":{"rendered":"<p>Si vous \u00eates passionn\u00e9 d&#8217;informatique et d&#8217;\u00e9lectronique, si vous \u00eates \u00e0 la pointe de la technologie et qu&#8217;aucun d\u00e9tail ne vous \u00e9chappe, achetez Stockage r\u00e9seau Synology DS3622XS+ Noir au meilleur prix. Connexions: USB x 2 USB-A 3.2 Ethernet LAN 2 SO-DIMM USB RJ45 SATA USB x 3 Type: DDR4 NAS HDD\/SSD Compatible: HDD\/SSD 2,5&#8243;-3,5&#8243; Raid [&hellip;]<\/p>\n","protected":false},"featured_media":20372,"comment_status":"open","ping_status":"closed","template":"","meta":[],"product_brand":[990],"product_cat":[588,65,584],"product_tag":[106],"class_list":{"0":"post-20375","1":"product","2":"type-product","3":"status-publish","4":"has-post-thumbnail","6":"product_brand-brandp_653","7":"product_cat-disques-durs","8":"product_cat-informatique-electronique","9":"product_cat-informatique-reseaux-et-composants","10":"product_tag-tag_1295","12":"first","13":"instock","14":"taxable","15":"shipping-taxable","16":"purchasable","17":"product-type-simple"},"_links":{"self":[{"href":"https:\/\/bigbuy.tupique.com\/pt\/wp-json\/wp\/v2\/product\/20375","targetHints":{"allow":["GET"]}}],"collection":[{"href":"https:\/\/bigbuy.tupique.com\/pt\/wp-json\/wp\/v2\/product"}],"about":[{"href":"https:\/\/bigbuy.tupique.com\/pt\/wp-json\/wp\/v2\/types\/product"}],"replies":[{"embeddable":true,"href":"https:\/\/bigbuy.tupique.com\/pt\/wp-json\/wp\/v2\/comments?post=20375"}],"wp:featuredmedia":[{"embeddable":true,"href":"https:\/\/bigbuy.tupique.com\/pt\/wp-json\/wp\/v2\/media\/20372"}],"wp:attachment":[{"href":"https:\/\/bigbuy.tupique.com\/pt\/wp-json\/wp\/v2\/media?parent=20375"}],"wp:term":[{"taxonomy":"product_brand","embeddable":true,"href":"https:\/\/bigbuy.tupique.com\/pt\/wp-json\/wp\/v2\/product_brand?post=20375"},{"taxonomy":"product_cat","embeddable":true,"href":"https:\/\/bigbuy.tupique.com\/pt\/wp-json\/wp\/v2\/product_cat?post=20375"},{"taxonomy":"product_tag","embeddable":true,"href":"https:\/\/bigbuy.tupique.com\/pt\/wp-json\/wp\/v2\/product_tag?post=20375"}],"curies":[{"name":"wp","href":"https:\/\/api.w.org\/{rel}","templated":true}]}}