{"id":20361,"date":"2026-03-29T16:54:43","date_gmt":"2026-03-29T15:54:43","guid":{"rendered":"https:\/\/bigbuy.tupique.com\/produto\/uninterruptible-power-supply-system-interactive-ups-eaton-9e2000ir\/"},"modified":"2026-04-15T01:27:57","modified_gmt":"2026-04-15T00:27:57","slug":"uninterruptible-power-supply-system-interactive-ups-eaton-9e2000ir","status":"publish","type":"product","link":"https:\/\/bigbuy.tupique.com\/pt\/produto\/uninterruptible-power-supply-system-interactive-ups-eaton-9e2000ir\/","title":{"rendered":"Syst\u00e8me d&#8217;Alimentation Sans Interruption Interactif Eaton 9E2000IR"},"content":{"rendered":"<p>Si vous \u00eates passionn\u00e9 d&#8217;<b>informatique et d&#8217;\u00e9lectronique<\/b>, si vous \u00eates \u00e0 la pointe de la technologie et qu&#8217;aucun d\u00e9tail ne vous \u00e9chappe, achetez <b>Syst\u00e8me d&#8217;Alimentation Sans Interruption Interactif Eaton 9E2000IR<\/b> au meilleur prix.<\/p>\n<p>Le <b>Eaton 9E2000IR<\/b> est un <b>onduleur interactif<\/b> \u00e0 topologie double conversion (en ligne) offrant une protection avanc\u00e9e et fiable pour les \u00e9quipements \u00e9lectriques sensibles. Avec une <b>puissance de sortie de 2 kVA (1800 W)<\/b>, il est con\u00e7u pour assurer la continuit\u00e9 op\u00e9rationnelle dans les environnements critiques gr\u00e2ce \u00e0 six sorties AC, \u00e9quip\u00e9es de connecteurs type C13 et coupleurs C14, courants dans les installations professionnelles. Ce mod\u00e8le tour, avec un <b>facteur de forme 2U<\/b>, pr\u00e9sente une finition <b>noire<\/b> facilitant son int\u00e9gration en milieu professionnel et en salles techniques. C\u00f4t\u00e9 alimentation, il int\u00e8gre une batterie au <b>plomb-acide<\/b> de <b>7 Ah<\/b> et une tension de <b>12 V<\/b>, garantissant des temps de secours adapt\u00e9s aux besoins du syst\u00e8me connect\u00e9. Il se distingue par sa connectivit\u00e9 via port <b>RS-232<\/b>, permettant une gestion avanc\u00e9e et la communication avec des syst\u00e8mes externes, et offre des fonctions compl\u00e9mentaires telles qu\u2019un indice de r\u00e9duction des interf\u00e9rences de <b>45 dB<\/b> et un contr\u00f4le par <b>boutons<\/b> int\u00e9gr\u00e9s pour une utilisation accessible. Ce mod\u00e8le est certifi\u00e9 selon les normes internationales IEC\/EN 62040-1 et IEC\/EN 62040-2, et porte le marquage <b>CE<\/b>, garantissant des standards \u00e9lev\u00e9s de qualit\u00e9 et de s\u00e9curit\u00e9. Sa technologie LCD int\u00e9gr\u00e9e permet une supervision claire des param\u00e8tres et \u00e9tats de fonctionnement. Gr\u00e2ce \u00e0 son design et ses sp\u00e9cifications, le Eaton 9E2000IR propose une solution robuste et polyvalente pour prot\u00e9ger les infrastructures critiques contre les coupures et fluctuations \u00e9lectriques, assurant la continuit\u00e9 et la stabilit\u00e9 des syst\u00e8mes informatiques et \u00e9lectroniques. En r\u00e9sum\u00e9, cet <b>onduleur interactif<\/b> s\u2019impose comme une option fiable et professionnelle pour les environnements n\u00e9cessitant une alimentation de secours efficace et une gestion pr\u00e9cise.<\/p>\n<ul>\n<li>Produit \u00e0 brancher: Oui<\/li>\n<li>Type de prise: Prise EU<\/li>\n<li>Type:\n<ul>\n<li>Syst\u00e8me d&#8217;Alimentation Sans Interruption Interactif<\/li>\n<li>Tuner<\/li>\n<li>Tour<\/li>\n<\/ul>\n<\/li>\n<li>Bloc d\u2019Alimentation: r\u00e9seau \u00e9lectrique<\/li>\n<li>Couleur: Noir<\/li>\n<li>Largeur: 438 mm<\/li>\n<li>Connexions:\n<ul>\n<li>RS-232<\/li>\n<li>AC x 6<\/li>\n<\/ul>\n<\/li>\n<li>Capacit\u00e9 de la batterie: 7 Ah<\/li>\n<li>Technologie: LCD<\/li>\n<li>Niveau sonore: 45 dB<\/li>\n<\/ul>","protected":false},"excerpt":{"rendered":"<p>Si vous \u00eates passionn\u00e9 d&#8217;informatique et d&#8217;\u00e9lectronique, si vous \u00eates \u00e0 la pointe de la technologie et qu&#8217;aucun d\u00e9tail ne vous \u00e9chappe, achetez Syst\u00e8me d&#8217;Alimentation Sans Interruption Interactif Eaton 9E2000IR au meilleur prix. Le Eaton 9E2000IR est un onduleur interactif \u00e0 topologie double conversion (en ligne) offrant une protection avanc\u00e9e et fiable pour les \u00e9quipements [&hellip;]<\/p>\n","protected":false},"featured_media":20357,"comment_status":"open","ping_status":"closed","template":"","meta":[],"product_brand":[652],"product_cat":[65,581,603],"product_tag":[106],"class_list":{"0":"post-20361","1":"product","2":"type-product","3":"status-publish","4":"has-post-thumbnail","6":"product_brand-brandp_4815","7":"product_cat-informatique-electronique","8":"product_cat-informatique-peripheriques-et-consommables","9":"product_cat-ups","10":"product_tag-tag_1295","12":"first","13":"instock","14":"taxable","15":"shipping-taxable","16":"purchasable","17":"product-type-simple"},"_links":{"self":[{"href":"https:\/\/bigbuy.tupique.com\/pt\/wp-json\/wp\/v2\/product\/20361","targetHints":{"allow":["GET"]}}],"collection":[{"href":"https:\/\/bigbuy.tupique.com\/pt\/wp-json\/wp\/v2\/product"}],"about":[{"href":"https:\/\/bigbuy.tupique.com\/pt\/wp-json\/wp\/v2\/types\/product"}],"replies":[{"embeddable":true,"href":"https:\/\/bigbuy.tupique.com\/pt\/wp-json\/wp\/v2\/comments?post=20361"}],"wp:featuredmedia":[{"embeddable":true,"href":"https:\/\/bigbuy.tupique.com\/pt\/wp-json\/wp\/v2\/media\/20357"}],"wp:attachment":[{"href":"https:\/\/bigbuy.tupique.com\/pt\/wp-json\/wp\/v2\/media?parent=20361"}],"wp:term":[{"taxonomy":"product_brand","embeddable":true,"href":"https:\/\/bigbuy.tupique.com\/pt\/wp-json\/wp\/v2\/product_brand?post=20361"},{"taxonomy":"product_cat","embeddable":true,"href":"https:\/\/bigbuy.tupique.com\/pt\/wp-json\/wp\/v2\/product_cat?post=20361"},{"taxonomy":"product_tag","embeddable":true,"href":"https:\/\/bigbuy.tupique.com\/pt\/wp-json\/wp\/v2\/product_tag?post=20361"}],"curies":[{"name":"wp","href":"https:\/\/api.w.org\/{rel}","templated":true}]}}