{"id":20356,"date":"2026-03-29T16:54:36","date_gmt":"2026-03-29T15:54:36","guid":{"rendered":"https:\/\/bigbuy.tupique.com\/produto\/videowall-monitor-lg-55vl5pj-a-full-hd-55-ips\/"},"modified":"2026-04-15T01:27:56","modified_gmt":"2026-04-15T00:27:56","slug":"videowall-monitor-lg-55vl5pj-a-full-hd-55-ips","status":"publish","type":"product","link":"https:\/\/bigbuy.tupique.com\/pt\/produto\/videowall-monitor-lg-55vl5pj-a-full-hd-55-ips\/","title":{"rendered":"Moniteur Videowall LG 55VL5PJ-A Full HD 55&#8243; IPS"},"content":{"rendered":"<p>Si vous \u00eates passionn\u00e9 d&#8217;<b>informatique et d&#8217;\u00e9lectronique<\/b>, si vous \u00eates \u00e0 la pointe de la technologie et qu&#8217;aucun d\u00e9tail ne vous \u00e9chappe, achetez <b>Moniteur Videowall LG 55VL5PJ-A Full HD 55&#8243; IPS<\/b> au meilleur prix.<\/p>\n<p>Le <b>Moniteur Videowall<\/b> <b>LG 55VL5PJ-A<\/b> est con\u00e7u pour offrir des performances professionnelles dans des environnements d\u2019affichage exigeants, tels que les salles de contr\u00f4le, commerces, signal\u00e9tique num\u00e9rique et espaces d\u2019entreprise n\u00e9cessitant des images percutantes et une grande polyvalence op\u00e9rationnelle. Ce mod\u00e8le dispose d\u2019un <b>\u00e9cran de 55 pouces<\/b> avec <b>technologie IPS<\/b>, garantissant de larges angles de vision et des couleurs homog\u00e8nes m\u00eame depuis les c\u00f4t\u00e9s, permettant \u00e0 plusieurs spectateurs d\u2019appr\u00e9cier le contenu. Sa <b>r\u00e9solution Full HD (1920 x 1080 pixels)<\/b> assure une grande nettet\u00e9 pour les graphiques, vid\u00e9os et textes, tandis que la <b>luminosit\u00e9 de 500 cd\/m\u00b2<\/b> garantit une visibilit\u00e9 optimale dans les espaces bien \u00e9clair\u00e9s. Con\u00e7u pour une utilisation intensive, il prend en charge un fonctionnement <b>24\/7<\/b>, r\u00e9pondant ainsi aux besoins des applications commerciales ou informatives n\u00e9cessitant une fiabilit\u00e9 maximale. Le temps de r\u00e9ponse de <b>8 ms<\/b> permet une reproduction fluide des images en mouvement, r\u00e9duisant le flou dans les contenus dynamiques. Ce moniteur est disponible en <b>blanc et noir<\/b>, facilitant son int\u00e9gration esth\u00e9tique selon l\u2019environnement ou le concept du videowall. Il propose des options de connectivit\u00e9 polyvalentes telles que <b>HDMI et USB<\/b>, s\u2019adaptant ais\u00e9ment \u00e0 diff\u00e9rentes sources et syst\u00e8mes de gestion de contenu, ainsi que des fonctions suppl\u00e9mentaires comme <b>l\u2019arr\u00eat automatique<\/b>, contribuant \u00e0 l\u2019efficacit\u00e9 \u00e9nerg\u00e9tique et \u00e0 la long\u00e9vit\u00e9 de l\u2019appareil. En r\u00e9sum\u00e9, le LG 55VL5PJ-A allie des performances techniques solides et une int\u00e9gration ais\u00e9e, s\u2019imposant comme une solution professionnelle pour ceux qui recherchent fiabilit\u00e9 et qualit\u00e9 d\u2019image dans des syst\u00e8mes de videowall \u00e0 grande \u00e9chelle.<\/p>\n<ul>\n<li>Produit \u00e0 brancher: Oui<\/li>\n<li>Type de prise: Prise EU<\/li>\n<li>Type:\n<ul>\n<li>\u00c9cran<\/li>\n<li>Moniteur Videowall<\/li>\n<\/ul>\n<\/li>\n<li>Couleur: Noir<\/li>\n<li>Connexions:\n<ul>\n<li>HDMI<\/li>\n<li>USB<\/li>\n<li>Ethernet (RJ-45)<\/li>\n<li>DVI<\/li>\n<li>USB 2.0<\/li>\n<li>RJ45<\/li>\n<li>DisplayPort<\/li>\n<li>DVI-D<\/li>\n<li>Ethernet LAN<\/li>\n<li>RS232C x 1<\/li>\n<\/ul>\n<\/li>\n<li>Classification \u00e9nerg\u00e9tique: G<\/li>\n<li>Syst\u00e8me d&#8217;exploitation: webOS<\/li>\n<li>Ecran: 55&#8243;<\/li>\n<li>Brille: 500 cd\/m2<\/li>\n<li>VESA: 60 x 40 cm<\/li>\n<li>Technologie:\n<ul>\n<li>IPS<\/li>\n<li>LCD<\/li>\n<\/ul>\n<\/li>\n<li>R\u00e9solution (px): 1920 x 1080 px<\/li>\n<li>Diagonale de l&#8217;\u00e9cran (cm): 139,7 cm<\/li>\n<li>Bloc d\u2019Alimentation: r\u00e9seau \u00e9lectrique<\/li>\n<li>Temps de r\u00e9ponse: 8 ms<\/li>\n<li>Ecran tactile: Non<\/li>\n<li>Tension: 100-240 V<\/li>\n<li>M\u00e9moire interne: 8 GB<\/li>\n<li>R\u00e9solution: Full HD<\/li>\n<li>Rapport d&#8217;aspect: 16:9<\/li>\n<\/ul>","protected":false},"excerpt":{"rendered":"<p>Si vous \u00eates passionn\u00e9 d&#8217;informatique et d&#8217;\u00e9lectronique, si vous \u00eates \u00e0 la pointe de la technologie et qu&#8217;aucun d\u00e9tail ne vous \u00e9chappe, achetez Moniteur Videowall LG 55VL5PJ-A Full HD 55&#8243; IPS au meilleur prix. Le Moniteur Videowall LG 55VL5PJ-A est con\u00e7u pour offrir des performances professionnelles dans des environnements d\u2019affichage exigeants, tels que les salles [&hellip;]<\/p>\n","protected":false},"featured_media":20346,"comment_status":"open","ping_status":"closed","template":"","meta":[],"product_brand":[662],"product_cat":[65,581,616],"product_tag":[213,106],"class_list":{"0":"post-20356","1":"product","2":"type-product","3":"status-publish","4":"has-post-thumbnail","6":"product_brand-brandp_559","7":"product_cat-informatique-electronique","8":"product_cat-informatique-peripheriques-et-consommables","9":"product_cat-moniteurs","10":"product_tag-tag_933","11":"product_tag-tag_1295","13":"first","14":"instock","15":"taxable","16":"shipping-taxable","17":"purchasable","18":"product-type-simple"},"_links":{"self":[{"href":"https:\/\/bigbuy.tupique.com\/pt\/wp-json\/wp\/v2\/product\/20356","targetHints":{"allow":["GET"]}}],"collection":[{"href":"https:\/\/bigbuy.tupique.com\/pt\/wp-json\/wp\/v2\/product"}],"about":[{"href":"https:\/\/bigbuy.tupique.com\/pt\/wp-json\/wp\/v2\/types\/product"}],"replies":[{"embeddable":true,"href":"https:\/\/bigbuy.tupique.com\/pt\/wp-json\/wp\/v2\/comments?post=20356"}],"wp:featuredmedia":[{"embeddable":true,"href":"https:\/\/bigbuy.tupique.com\/pt\/wp-json\/wp\/v2\/media\/20346"}],"wp:attachment":[{"href":"https:\/\/bigbuy.tupique.com\/pt\/wp-json\/wp\/v2\/media?parent=20356"}],"wp:term":[{"taxonomy":"product_brand","embeddable":true,"href":"https:\/\/bigbuy.tupique.com\/pt\/wp-json\/wp\/v2\/product_brand?post=20356"},{"taxonomy":"product_cat","embeddable":true,"href":"https:\/\/bigbuy.tupique.com\/pt\/wp-json\/wp\/v2\/product_cat?post=20356"},{"taxonomy":"product_tag","embeddable":true,"href":"https:\/\/bigbuy.tupique.com\/pt\/wp-json\/wp\/v2\/product_tag?post=20356"}],"curies":[{"name":"wp","href":"https:\/\/api.w.org\/{rel}","templated":true}]}}