{"id":20295,"date":"2026-03-29T16:53:08","date_gmt":"2026-03-29T15:53:08","guid":{"rendered":"https:\/\/bigbuy.tupique.com\/produto\/highchair-cybex-black\/"},"modified":"2026-04-16T17:15:52","modified_gmt":"2026-04-16T16:15:52","slug":"highchair-cybex-black","status":"publish","type":"product","link":"https:\/\/bigbuy.tupique.com\/pt\/produto\/highchair-cybex-black\/","title":{"rendered":"Chaise haute Cybex Noir"},"content":{"rendered":"<p>Les enfants m\u00e9ritent ce qu\u2019il y a de mieux, nous vous pr\u00e9sentons donc <b>Chaise haute Cybex Noir<\/b>, id\u00e9al pour ceux qui cherchent des produits de qualit\u00e9 pour les plus petits ! Procurez-vous <b>Cybex<\/b> et bien d\u2019autres marques et licences aux meilleurs prix !<\/p>\n<ul>\n<li>Type: Chaise haute<\/li>\n<li>Couleur: Noir<\/li>\n<li>N\u00e9cessite un montage: Oui<\/li>\n<li>\u00c2ge recommand\u00e9: + 6 Mois<\/li>\n<\/ul>","protected":false},"excerpt":{"rendered":"<p>Les enfants m\u00e9ritent ce qu\u2019il y a de mieux, nous vous pr\u00e9sentons donc Chaise haute Cybex Noir, id\u00e9al pour ceux qui cherchent des produits de qualit\u00e9 pour les plus petits ! Procurez-vous Cybex et bien d\u2019autres marques et licences aux meilleurs prix ! Type: Chaise haute Couleur: Noir N\u00e9cessite un montage: Oui \u00c2ge recommand\u00e9: + [&hellip;]<\/p>\n","protected":false},"featured_media":20289,"comment_status":"open","ping_status":"closed","template":"","meta":[],"product_brand":[856],"product_cat":[1051,251,157],"product_tag":[59],"class_list":{"0":"post-20295","1":"product","2":"type-product","3":"status-publish","4":"has-post-thumbnail","6":"product_brand-brandp_2860","7":"product_cat-accessoires-pour-enfants","8":"product_cat-bebes-et-enfants","9":"product_cat-jouets-deguisements","10":"product_tag-tag_1304","12":"first","13":"instock","14":"taxable","15":"shipping-taxable","16":"purchasable","17":"product-type-simple"},"_links":{"self":[{"href":"https:\/\/bigbuy.tupique.com\/pt\/wp-json\/wp\/v2\/product\/20295","targetHints":{"allow":["GET"]}}],"collection":[{"href":"https:\/\/bigbuy.tupique.com\/pt\/wp-json\/wp\/v2\/product"}],"about":[{"href":"https:\/\/bigbuy.tupique.com\/pt\/wp-json\/wp\/v2\/types\/product"}],"replies":[{"embeddable":true,"href":"https:\/\/bigbuy.tupique.com\/pt\/wp-json\/wp\/v2\/comments?post=20295"}],"wp:featuredmedia":[{"embeddable":true,"href":"https:\/\/bigbuy.tupique.com\/pt\/wp-json\/wp\/v2\/media\/20289"}],"wp:attachment":[{"href":"https:\/\/bigbuy.tupique.com\/pt\/wp-json\/wp\/v2\/media?parent=20295"}],"wp:term":[{"taxonomy":"product_brand","embeddable":true,"href":"https:\/\/bigbuy.tupique.com\/pt\/wp-json\/wp\/v2\/product_brand?post=20295"},{"taxonomy":"product_cat","embeddable":true,"href":"https:\/\/bigbuy.tupique.com\/pt\/wp-json\/wp\/v2\/product_cat?post=20295"},{"taxonomy":"product_tag","embeddable":true,"href":"https:\/\/bigbuy.tupique.com\/pt\/wp-json\/wp\/v2\/product_tag?post=20295"}],"curies":[{"name":"wp","href":"https:\/\/api.w.org\/{rel}","templated":true}]}}