{"id":20270,"date":"2026-03-29T16:52:31","date_gmt":"2026-03-29T15:52:31","guid":{"rendered":"https:\/\/bigbuy.tupique.com\/produto\/steering-wheel-thrustmaster\/"},"modified":"2026-05-11T20:02:54","modified_gmt":"2026-05-11T18:02:54","slug":"steering-wheel-thrustmaster","status":"publish","type":"product","link":"https:\/\/bigbuy.tupique.com\/pt\/produto\/steering-wheel-thrustmaster\/","title":{"rendered":"Volant Thrustmaster"},"content":{"rendered":"<p>Si vous \u00eates passionn\u00e9 d&#8217;<b>informatique et d&#8217;\u00e9lectronique<\/b>, si vous \u00eates \u00e0 la pointe de la technologie et qu&#8217;aucun d\u00e9tail ne vous \u00e9chappe, achetez <b>Volant Thrustmaster<\/b> au meilleur prix.<\/p>\n<p>Le <b>volant<\/b> de course <b>Thrustmaster<\/b> Force Feedback, con\u00e7u sp\u00e9cialement pour les plateformes <b>Xbox Series X|S, Xbox One et PC<\/b>, se distingue par son syst\u00e8me de retour de force offrant une exp\u00e9rience de conduite plus immersive et r\u00e9aliste. Ce volant, de couleur <b>noir<\/b> avec connexion filaire <b>USB<\/b>, garantit une r\u00e9ponse pr\u00e9cise et efficace durant les sessions de simulation, facilitant le contr\u00f4le et l\u2019interaction directe avec les jeux de course compatibles. Son design robuste et ergonomique est pens\u00e9 pour de longues heures d\u2019utilisation, apportant confort et durabilit\u00e9. La compatibilit\u00e9 sp\u00e9cifique avec la nouvelle g\u00e9n\u00e9ration de consoles Xbox assure une int\u00e9gration optimale de ses fonctionnalit\u00e9s, tandis que sa configuration en anglais permet une utilisation simple et intuitive. De plus, le volant est couvert par une garantie officielle offrant s\u00e9curit\u00e9 et soutien \u00e0 l\u2019utilisateur. En somme, ce p\u00e9riph\u00e9rique de la s\u00e9rie SimTask T128 r\u00e9pond aux besoins des passionn\u00e9s et joueurs avanc\u00e9s recherchant pr\u00e9cision et r\u00e9alisme dans leur exp\u00e9rience de conduite virtuelle.<\/p>\n<ul>\n<li>Type: Volant<\/li>\n<li>Couleur: Noir<\/li>\n<li>Compatible: PC<\/li>\n<li>Caract\u00e9ristiques: Garantie<\/li>\n<li>Connexions: USB<\/li>\n<li>Langue: Anglais<\/li>\n<li>Bloc d\u2019Alimentation: Avec fil<\/li>\n<li>Inclut: Manuel de l&#8217;utilisateur<\/li>\n<\/ul>","protected":false},"excerpt":{"rendered":"<p>Si vous \u00eates passionn\u00e9 d&#8217;informatique et d&#8217;\u00e9lectronique, si vous \u00eates \u00e0 la pointe de la technologie et qu&#8217;aucun d\u00e9tail ne vous \u00e9chappe, achetez Volant Thrustmaster au meilleur prix. Le volant de course Thrustmaster Force Feedback, con\u00e7u sp\u00e9cialement pour les plateformes Xbox Series X|S, Xbox One et PC, se distingue par son syst\u00e8me de retour de [&hellip;]<\/p>\n","protected":false},"featured_media":153857,"comment_status":"open","ping_status":"closed","template":"","meta":[],"product_brand":[789],"product_cat":[730,609,65],"product_tag":[59],"class_list":{"0":"post-20270","1":"product","2":"type-product","3":"status-publish","4":"has-post-thumbnail","6":"product_brand-brandp_651","7":"product_cat-accessoires-pour-consoles","8":"product_cat-electronique-jouets-electroniques","9":"product_cat-informatique-electronique","10":"product_tag-tag_1304","12":"first","13":"instock","14":"taxable","15":"shipping-taxable","16":"purchasable","17":"product-type-simple"},"_links":{"self":[{"href":"https:\/\/bigbuy.tupique.com\/pt\/wp-json\/wp\/v2\/product\/20270","targetHints":{"allow":["GET"]}}],"collection":[{"href":"https:\/\/bigbuy.tupique.com\/pt\/wp-json\/wp\/v2\/product"}],"about":[{"href":"https:\/\/bigbuy.tupique.com\/pt\/wp-json\/wp\/v2\/types\/product"}],"replies":[{"embeddable":true,"href":"https:\/\/bigbuy.tupique.com\/pt\/wp-json\/wp\/v2\/comments?post=20270"}],"wp:featuredmedia":[{"embeddable":true,"href":"https:\/\/bigbuy.tupique.com\/pt\/wp-json\/wp\/v2\/media\/153857"}],"wp:attachment":[{"href":"https:\/\/bigbuy.tupique.com\/pt\/wp-json\/wp\/v2\/media?parent=20270"}],"wp:term":[{"taxonomy":"product_brand","embeddable":true,"href":"https:\/\/bigbuy.tupique.com\/pt\/wp-json\/wp\/v2\/product_brand?post=20270"},{"taxonomy":"product_cat","embeddable":true,"href":"https:\/\/bigbuy.tupique.com\/pt\/wp-json\/wp\/v2\/product_cat?post=20270"},{"taxonomy":"product_tag","embeddable":true,"href":"https:\/\/bigbuy.tupique.com\/pt\/wp-json\/wp\/v2\/product_tag?post=20270"}],"curies":[{"name":"wp","href":"https:\/\/api.w.org\/{rel}","templated":true}]}}