{"id":20258,"date":"2026-03-29T16:52:15","date_gmt":"2026-03-29T15:52:15","guid":{"rendered":"https:\/\/bigbuy.tupique.com\/produto\/ip-telephone-poly-ccx-505\/"},"modified":"2026-04-16T09:17:10","modified_gmt":"2026-04-16T08:17:10","slug":"ip-telephone-poly-ccx-505","status":"publish","type":"product","link":"https:\/\/bigbuy.tupique.com\/pt\/produto\/ip-telephone-poly-ccx-505\/","title":{"rendered":"T\u00e9l\u00e9phone IP Poly CCX 505"},"content":{"rendered":"<p>Si vous \u00eates passionn\u00e9 d&#8217;<b>informatique et d&#8217;\u00e9lectronique<\/b>, si vous \u00eates \u00e0 la pointe de la technologie et qu&#8217;aucun d\u00e9tail ne vous \u00e9chappe, achetez <b>T\u00e9l\u00e9phone IP Poly CCX 505<\/b> au meilleur prix.<\/p>\n<p>Le <b>T\u00e9l\u00e9phone IP Poly CCX 505<\/b> est un appareil professionnel con\u00e7u pour les environnements d\u2019entreprise n\u00e9cessitant une communication fluide et efficace, sp\u00e9cialement int\u00e9gr\u00e9 pour Microsoft Teams et prenant en charge l\u2019alimentation via Ethernet (PoE). Ce t\u00e9l\u00e9phone pr\u00e9sente un <b>design \u00e9l\u00e9gant en noir<\/b> avec un <b>\u00e9cran tactile LCD de 5 pouces (12,7 cm) et une r\u00e9solution de 720 x 1280 pixels<\/b>, facilitant une navigation intuitive et un acc\u00e8s rapide aux fonctionnalit\u00e9s telles que contacts et r\u00e9unions. Ses capacit\u00e9s techniques incluent le support de <b>jusqu\u2019\u00e0 24 lignes<\/b>, le rendant adapt\u00e9 aux environnements \u00e0 forte demande avec plusieurs utilisateurs ou extensions. C\u00f4t\u00e9 audio, il int\u00e8gre une large gamme de codecs vocaux comme <b>G.722, G.729ab, G.711alaw, iLBC, G.711ulaw et OPUS<\/b>, garantissant une excellente qualit\u00e9 sonore et une compatibilit\u00e9 dans divers r\u00e9seaux. Pour la connectivit\u00e9, il dispose d\u2019une interface <b>Gigabit Ethernet LAN<\/b> supportant des vitesses de transfert de 10, 100 et 1000 Mbit\/s, permettant une int\u00e9gration efficace aux r\u00e9seaux d\u2019entreprise modernes. De plus, il prend en charge les normes sans fil <b>Wi-Fi 802.11a\/b\/g et Wi-Fi 4 (802.11n)<\/b>, offrant flexibilit\u00e9 pour l\u2019emplacement et les connexions sans fil si n\u00e9cessaire. Ce terminal se distingue par son <b>\u00e9couteur filaire, haut-parleur int\u00e9gr\u00e9 et support physique (stand)<\/b> qui assurent une exp\u00e9rience ergonomique et professionnelle lors d\u2019une utilisation prolong\u00e9e au bureau. La combinaison de son interface tactile, sa compatibilit\u00e9 avanc\u00e9e et sa connectivit\u00e9 robuste fait du Poly CCX 505 un outil id\u00e9al pour les professionnels recherchant une communication unifi\u00e9e s\u00e9curis\u00e9e et de haute qualit\u00e9. En r\u00e9sum\u00e9, ce t\u00e9l\u00e9phone IP offre une solution technologique fiable pour les environnements corporatifs qui privil\u00e9gient productivit\u00e9 et int\u00e9gration avec les plateformes collaboratives modernes.<\/p>\n<ul>\n<li>Produit \u00e0 brancher: Oui<\/li>\n<li>Type de prise: Prise EU<\/li>\n<li>Bloc d\u2019Alimentation:\n<ul>\n<li>r\u00e9seau \u00e9lectrique<\/li>\n<li>Batterie<\/li>\n<\/ul>\n<\/li>\n<li>Type:\n<ul>\n<li>T\u00e9l\u00e9phone IP<\/li>\n<li>IP<\/li>\n<\/ul>\n<\/li>\n<li>Couleur: Noir<\/li>\n<li>Caract\u00e9ristiques:\n<ul>\n<li>Ecran tactile<\/li>\n<li>\u00c9cran LCD<\/li>\n<li>Haut-parleur<\/li>\n<li>Avec c\u00e2ble<\/li>\n<li>Avec stand<\/li>\n<\/ul>\n<\/li>\n<li>Connexions:\n<ul>\n<li>USB 2.0<\/li>\n<li>RJ45<\/li>\n<li>Ethernet LAN<\/li>\n<li>PoE<\/li>\n<li>USB-C<\/li>\n<li>PoE x 1<\/li>\n<\/ul>\n<\/li>\n<li>Ecran: 5&#8243;<\/li>\n<li>Technologie: LCD<\/li>\n<li>Inclut:\n<ul>\n<li>C\u00e2ble Ethernet LAN<\/li>\n<li>C\u00e2ble RJ45<\/li>\n<li>Quillon<\/li>\n<\/ul>\n<\/li>\n<li>Rapport d&#8217;aspect: 16:9<\/li>\n<li>Connectivit\u00e9:\n<ul>\n<li>Bluetooth<\/li>\n<li>Wi-Fi<\/li>\n<li>Ethernet LAN<\/li>\n<li>Bluetooth 4.2<\/li>\n<li>Wi-Fi 4 (802.11n)<\/li>\n<\/ul>\n<\/li>\n<li>Interface: Gigabit Ethernet<\/li>\n<li>R\u00e9solution: 720 x 1280 px<\/li>\n<li>vitesse: 10\/100\/1000 Mbps<\/li>\n<li>Casque: Avec c\u00e2ble<\/li>\n<li>Temp\u00e9rature approximative: -40\u00ba \/ 70\u00ba<\/li>\n<li>Diagonale de l&#8217;\u00e9cran (cm): 12,7 cm<\/li>\n<\/ul>","protected":false},"excerpt":{"rendered":"<p>Si vous \u00eates passionn\u00e9 d&#8217;informatique et d&#8217;\u00e9lectronique, si vous \u00eates \u00e0 la pointe de la technologie et qu&#8217;aucun d\u00e9tail ne vous \u00e9chappe, achetez T\u00e9l\u00e9phone IP Poly CCX 505 au meilleur prix. Le T\u00e9l\u00e9phone IP Poly CCX 505 est un appareil professionnel con\u00e7u pour les environnements d\u2019entreprise n\u00e9cessitant une communication fluide et efficace, sp\u00e9cialement int\u00e9gr\u00e9 pour [&hellip;]<\/p>\n","protected":false},"featured_media":20255,"comment_status":"open","ping_status":"closed","template":"","meta":[],"product_brand":[1002],"product_cat":[575,65,1050],"product_tag":[566,106],"class_list":{"0":"post-20258","1":"product","2":"type-product","3":"status-publish","4":"has-post-thumbnail","6":"product_brand-brandp_4768","7":"product_cat-electronique-telephonie-et-tablettes","8":"product_cat-informatique-electronique","9":"product_cat-telephones-fixes-et-ip","10":"product_tag-tag_547","11":"product_tag-tag_1295","13":"first","14":"instock","15":"taxable","16":"shipping-taxable","17":"purchasable","18":"product-type-simple"},"_links":{"self":[{"href":"https:\/\/bigbuy.tupique.com\/pt\/wp-json\/wp\/v2\/product\/20258","targetHints":{"allow":["GET"]}}],"collection":[{"href":"https:\/\/bigbuy.tupique.com\/pt\/wp-json\/wp\/v2\/product"}],"about":[{"href":"https:\/\/bigbuy.tupique.com\/pt\/wp-json\/wp\/v2\/types\/product"}],"replies":[{"embeddable":true,"href":"https:\/\/bigbuy.tupique.com\/pt\/wp-json\/wp\/v2\/comments?post=20258"}],"wp:featuredmedia":[{"embeddable":true,"href":"https:\/\/bigbuy.tupique.com\/pt\/wp-json\/wp\/v2\/media\/20255"}],"wp:attachment":[{"href":"https:\/\/bigbuy.tupique.com\/pt\/wp-json\/wp\/v2\/media?parent=20258"}],"wp:term":[{"taxonomy":"product_brand","embeddable":true,"href":"https:\/\/bigbuy.tupique.com\/pt\/wp-json\/wp\/v2\/product_brand?post=20258"},{"taxonomy":"product_cat","embeddable":true,"href":"https:\/\/bigbuy.tupique.com\/pt\/wp-json\/wp\/v2\/product_cat?post=20258"},{"taxonomy":"product_tag","embeddable":true,"href":"https:\/\/bigbuy.tupique.com\/pt\/wp-json\/wp\/v2\/product_tag?post=20258"}],"curies":[{"name":"wp","href":"https:\/\/api.w.org\/{rel}","templated":true}]}}