{"id":20242,"date":"2026-03-29T16:51:54","date_gmt":"2026-03-29T15:51:54","guid":{"rendered":"https:\/\/bigbuy.tupique.com\/produto\/print-server-hp-l0h25a\/"},"modified":"2026-04-15T01:27:50","modified_gmt":"2026-04-15T00:27:50","slug":"print-server-hp-l0h25a","status":"publish","type":"product","link":"https:\/\/bigbuy.tupique.com\/pt\/produto\/print-server-hp-l0h25a\/","title":{"rendered":"Serveur d&#8217;impression HP L0H25A"},"content":{"rendered":"<p>Si vous \u00eates passionn\u00e9 d&#8217;<b>informatique et d&#8217;\u00e9lectronique<\/b>, si vous \u00eates \u00e0 la pointe de la technologie et qu&#8217;aucun d\u00e9tail ne vous \u00e9chappe, achetez <b>Serveur d&#8217;impression HP L0H25A<\/b> au meilleur prix.<\/p>\n<p>Le <b>serveur d&#8217;impression<\/b> <b>HP L0H25A<\/b> est con\u00e7u pour faciliter la gestion centralis\u00e9e et efficace des travaux d&#8217;impression dans les environnements professionnels exigeant fiabilit\u00e9 et int\u00e9gration aux r\u00e9seaux existants. Ce mod\u00e8le arbore une finition \u00e9l\u00e9gante <b>noire<\/b> et utilise la technologie <b>laser<\/b>, garantissant une impression de haute qualit\u00e9 et durable, particuli\u00e8rement adapt\u00e9e aux bureaux \u00e0 forte demande. Sa compatibilit\u00e9 avec <b>Ethernet LAN<\/b> permet de connecter plusieurs appareils et utilisateurs au r\u00e9seau d&#8217;impression, \u00e9liminant les goulets d&#8217;\u00e9tranglement et acc\u00e9l\u00e9rant les flux de travail. L&#8217;appareil est aliment\u00e9 par le <b>secteur<\/b>, assurant un fonctionnement stable sur de longues p\u00e9riodes. Fabriqu\u00e9 en <b>Chine<\/b>, ce serveur s&#8217;int\u00e8gre facilement aux solutions d&#8217;impression laser existantes et facilite la gestion \u00e0 distance des p\u00e9riph\u00e9riques connect\u00e9s. De plus, le <b>kit de maintenance<\/b> inclus prolonge la dur\u00e9e de vie et les performances optimales du syst\u00e8me, optimisant ainsi l&#8217;investissement dans l&#8217;infrastructure d&#8217;impression. Ce produit s&#8217;adresse aux entreprises et organisations recherchant un syst\u00e8me centralis\u00e9, robuste et fiable pour g\u00e9rer leurs imprimantes en r\u00e9seau de mani\u00e8re simple et professionnelle.<\/p>\n<ul>\n<li>Produit \u00e0 brancher: Oui<\/li>\n<li>Type de prise: Prise EU<\/li>\n<li>Compatible: HP<\/li>\n<li>Type:\n<ul>\n<li>Serveur d&#8217;impression<\/li>\n<li>Kit de maintenance<\/li>\n<\/ul>\n<\/li>\n<li>Bloc d\u2019Alimentation: r\u00e9seau \u00e9lectrique<\/li>\n<li>Couleur: Noir<\/li>\n<li>Technologie: Laser<\/li>\n<li>Connectivit\u00e9: Ethernet LAN<\/li>\n<li>Poids: 1,7 kg<\/li>\n<\/ul>","protected":false},"excerpt":{"rendered":"<p>Si vous \u00eates passionn\u00e9 d&#8217;informatique et d&#8217;\u00e9lectronique, si vous \u00eates \u00e0 la pointe de la technologie et qu&#8217;aucun d\u00e9tail ne vous \u00e9chappe, achetez Serveur d&#8217;impression HP L0H25A au meilleur prix. Le serveur d&#8217;impression HP L0H25A est con\u00e7u pour faciliter la gestion centralis\u00e9e et efficace des travaux d&#8217;impression dans les environnements professionnels exigeant fiabilit\u00e9 et int\u00e9gration [&hellip;]<\/p>\n","protected":false},"featured_media":20241,"comment_status":"open","ping_status":"closed","template":"","meta":[],"product_brand":[630],"product_cat":[65,958,959],"product_tag":[106],"class_list":{"0":"post-20242","1":"product","2":"type-product","3":"status-publish","4":"has-post-thumbnail","6":"product_brand-brandp_909","7":"product_cat-informatique-electronique","8":"product_cat-informatique-ordinateurs","9":"product_cat-serveurs","10":"product_tag-tag_1295","12":"first","13":"instock","14":"taxable","15":"shipping-taxable","16":"purchasable","17":"product-type-simple"},"_links":{"self":[{"href":"https:\/\/bigbuy.tupique.com\/pt\/wp-json\/wp\/v2\/product\/20242","targetHints":{"allow":["GET"]}}],"collection":[{"href":"https:\/\/bigbuy.tupique.com\/pt\/wp-json\/wp\/v2\/product"}],"about":[{"href":"https:\/\/bigbuy.tupique.com\/pt\/wp-json\/wp\/v2\/types\/product"}],"replies":[{"embeddable":true,"href":"https:\/\/bigbuy.tupique.com\/pt\/wp-json\/wp\/v2\/comments?post=20242"}],"wp:featuredmedia":[{"embeddable":true,"href":"https:\/\/bigbuy.tupique.com\/pt\/wp-json\/wp\/v2\/media\/20241"}],"wp:attachment":[{"href":"https:\/\/bigbuy.tupique.com\/pt\/wp-json\/wp\/v2\/media?parent=20242"}],"wp:term":[{"taxonomy":"product_brand","embeddable":true,"href":"https:\/\/bigbuy.tupique.com\/pt\/wp-json\/wp\/v2\/product_brand?post=20242"},{"taxonomy":"product_cat","embeddable":true,"href":"https:\/\/bigbuy.tupique.com\/pt\/wp-json\/wp\/v2\/product_cat?post=20242"},{"taxonomy":"product_tag","embeddable":true,"href":"https:\/\/bigbuy.tupique.com\/pt\/wp-json\/wp\/v2\/product_tag?post=20242"}],"curies":[{"name":"wp","href":"https:\/\/api.w.org\/{rel}","templated":true}]}}