{"id":20186,"date":"2026-03-29T16:50:37","date_gmt":"2026-03-29T15:50:37","guid":{"rendered":"https:\/\/bigbuy.tupique.com\/produto\/ladies-sunglasses-dsquared2-d2-0096_s\/"},"modified":"2026-04-15T01:27:48","modified_gmt":"2026-04-15T00:27:48","slug":"ladies-sunglasses-dsquared2-d2-0096_s","status":"publish","type":"product","link":"https:\/\/bigbuy.tupique.com\/pt\/produto\/ladies-sunglasses-dsquared2-d2-0096_s\/","title":{"rendered":"Lunettes de soleil Femme Dsquared2 D2 0096_S"},"content":{"rendered":"<p>Si vous aimez avoir les derni\u00e8res nouveaut\u00e9s en<b>mode et accessoires<\/b> et si les accessoires sont indispensables pour l&#8217;ensemble de votre image, ne passez pas \u00e0 c\u00f4t\u00e9 de <b>Lunettes de soleil Femme Dsquared2 D2 0096_S<\/b> ! B\u00e9n\u00e9ficiez des meilleures marques de <b>lunettes de soleil<\/b>.<\/p>\n<ul>\n<li>Type: Lunettes de soleil Femme<\/li>\n<li>Genre: Femme<\/li>\n<li>Protection: Prot\u00e8gent contre 100 % des rayons UV (UV400)<\/li>\n<\/ul>","protected":false},"excerpt":{"rendered":"<p>Si vous aimez avoir les derni\u00e8res nouveaut\u00e9s enmode et accessoires et si les accessoires sont indispensables pour l&#8217;ensemble de votre image, ne passez pas \u00e0 c\u00f4t\u00e9 de Lunettes de soleil Femme Dsquared2 D2 0096_S ! B\u00e9n\u00e9ficiez des meilleures marques de lunettes de soleil. Type: Lunettes de soleil Femme Genre: Femme Protection: Prot\u00e8gent contre 100 % [&hellip;]<\/p>\n","protected":false},"featured_media":20184,"comment_status":"open","ping_status":"closed","template":"","meta":[],"product_brand":[1067],"product_cat":[773,774,544],"product_tag":[103,542,721],"class_list":{"0":"post-20186","1":"product","2":"type-product","3":"status-publish","4":"has-post-thumbnail","6":"product_brand-brandp_364","7":"product_cat-lunettes-de-soleil","8":"product_cat-lunettes-de-soleil-femme","9":"product_cat-mode-accessoires","10":"product_tag-tag_1261","11":"product_tag-tag_1274","12":"product_tag-tag_124","14":"first","15":"instock","16":"taxable","17":"shipping-taxable","18":"purchasable","19":"product-type-simple"},"_links":{"self":[{"href":"https:\/\/bigbuy.tupique.com\/pt\/wp-json\/wp\/v2\/product\/20186","targetHints":{"allow":["GET"]}}],"collection":[{"href":"https:\/\/bigbuy.tupique.com\/pt\/wp-json\/wp\/v2\/product"}],"about":[{"href":"https:\/\/bigbuy.tupique.com\/pt\/wp-json\/wp\/v2\/types\/product"}],"replies":[{"embeddable":true,"href":"https:\/\/bigbuy.tupique.com\/pt\/wp-json\/wp\/v2\/comments?post=20186"}],"wp:featuredmedia":[{"embeddable":true,"href":"https:\/\/bigbuy.tupique.com\/pt\/wp-json\/wp\/v2\/media\/20184"}],"wp:attachment":[{"href":"https:\/\/bigbuy.tupique.com\/pt\/wp-json\/wp\/v2\/media?parent=20186"}],"wp:term":[{"taxonomy":"product_brand","embeddable":true,"href":"https:\/\/bigbuy.tupique.com\/pt\/wp-json\/wp\/v2\/product_brand?post=20186"},{"taxonomy":"product_cat","embeddable":true,"href":"https:\/\/bigbuy.tupique.com\/pt\/wp-json\/wp\/v2\/product_cat?post=20186"},{"taxonomy":"product_tag","embeddable":true,"href":"https:\/\/bigbuy.tupique.com\/pt\/wp-json\/wp\/v2\/product_tag?post=20186"}],"curies":[{"name":"wp","href":"https:\/\/api.w.org\/{rel}","templated":true}]}}