{"id":20183,"date":"2026-03-29T16:50:33","date_gmt":"2026-03-29T15:50:33","guid":{"rendered":"https:\/\/bigbuy.tupique.com\/produto\/video-conferencing-system-logitech-tap\/"},"modified":"2026-04-15T01:27:33","modified_gmt":"2026-04-15T00:27:33","slug":"video-conferencing-system-logitech-tap","status":"publish","type":"product","link":"https:\/\/bigbuy.tupique.com\/pt\/produto\/video-conferencing-system-logitech-tap\/","title":{"rendered":"Syst\u00e8me de Vid\u00e9oconf\u00e9rence Logitech Tap"},"content":{"rendered":"<p>Si vous \u00eates passionn\u00e9 d&#8217;<b>informatique et d&#8217;\u00e9lectronique<\/b>, si vous \u00eates \u00e0 la pointe de la technologie et qu&#8217;aucun d\u00e9tail ne vous \u00e9chappe, achetez <b>Syst\u00e8me de Vid\u00e9oconf\u00e9rence Logitech Tap<\/b> au meilleur prix.<\/p>\n<ul>\n<li>Connexions:\n<ul>\n<li>USB-C<\/li>\n<li>HDMI<\/li>\n<li>Ethernet LAN<\/li>\n<li>USB 2.0<\/li>\n<li>Jack 3.5 mm<\/li>\n<\/ul>\n<\/li>\n<li>Type:\n<ul>\n<li>Syst\u00e8me de Vid\u00e9oconf\u00e9rence<\/li>\n<li>Montage mural<\/li>\n<\/ul>\n<\/li>\n<li>Couleur: Noir<\/li>\n<li>Caract\u00e9ristiques:\n<ul>\n<li>Ecran tactile<\/li>\n<li>Haut-parleurs int\u00e9gr\u00e9s<\/li>\n<\/ul>\n<\/li>\n<li>Ecran: 10,1&#8243;<\/li>\n<li>Technologie: IPS<\/li>\n<li>R\u00e9solution (px): 1280 x 800 px<\/li>\n<li>Compatible: Windows 10<\/li>\n<li>Inclut: Vis<\/li>\n<li>Tension: 100 &#8211; 240 V<\/li>\n<li>Connecteurs: Kensington<\/li>\n<\/ul>","protected":false},"excerpt":{"rendered":"<p>Si vous \u00eates passionn\u00e9 d&#8217;informatique et d&#8217;\u00e9lectronique, si vous \u00eates \u00e0 la pointe de la technologie et qu&#8217;aucun d\u00e9tail ne vous \u00e9chappe, achetez Syst\u00e8me de Vid\u00e9oconf\u00e9rence Logitech Tap au meilleur prix. Connexions: USB-C HDMI Ethernet LAN USB 2.0 Jack 3.5 mm Type: Syst\u00e8me de Vid\u00e9oconf\u00e9rence Montage mural Couleur: Noir Caract\u00e9ristiques: Ecran tactile Haut-parleurs int\u00e9gr\u00e9s Ecran: [&hellip;]<\/p>\n","protected":false},"featured_media":20182,"comment_status":"open","ping_status":"closed","template":"","meta":[],"product_brand":[647],"product_cat":[606,600,65],"product_tag":[571],"class_list":{"0":"post-20183","1":"product","2":"type-product","3":"status-publish","4":"has-post-thumbnail","6":"product_brand-brandp_561","7":"product_cat-camescopes","8":"product_cat-electronique-photo-et-video","9":"product_cat-informatique-electronique","10":"product_tag-tag_27","12":"first","13":"instock","14":"taxable","15":"shipping-taxable","16":"purchasable","17":"product-type-simple"},"_links":{"self":[{"href":"https:\/\/bigbuy.tupique.com\/pt\/wp-json\/wp\/v2\/product\/20183","targetHints":{"allow":["GET"]}}],"collection":[{"href":"https:\/\/bigbuy.tupique.com\/pt\/wp-json\/wp\/v2\/product"}],"about":[{"href":"https:\/\/bigbuy.tupique.com\/pt\/wp-json\/wp\/v2\/types\/product"}],"replies":[{"embeddable":true,"href":"https:\/\/bigbuy.tupique.com\/pt\/wp-json\/wp\/v2\/comments?post=20183"}],"wp:featuredmedia":[{"embeddable":true,"href":"https:\/\/bigbuy.tupique.com\/pt\/wp-json\/wp\/v2\/media\/20182"}],"wp:attachment":[{"href":"https:\/\/bigbuy.tupique.com\/pt\/wp-json\/wp\/v2\/media?parent=20183"}],"wp:term":[{"taxonomy":"product_brand","embeddable":true,"href":"https:\/\/bigbuy.tupique.com\/pt\/wp-json\/wp\/v2\/product_brand?post=20183"},{"taxonomy":"product_cat","embeddable":true,"href":"https:\/\/bigbuy.tupique.com\/pt\/wp-json\/wp\/v2\/product_cat?post=20183"},{"taxonomy":"product_tag","embeddable":true,"href":"https:\/\/bigbuy.tupique.com\/pt\/wp-json\/wp\/v2\/product_tag?post=20183"}],"curies":[{"name":"wp","href":"https:\/\/api.w.org\/{rel}","templated":true}]}}