{"id":19904,"date":"2026-03-29T16:35:28","date_gmt":"2026-03-29T15:35:28","guid":{"rendered":"https:\/\/bigbuy.tupique.com\/produto\/multi-function-brushcutter-ryobi-5133003713-18-v-20-cm\/"},"modified":"2026-04-16T20:36:25","modified_gmt":"2026-04-16T19:36:25","slug":"multi-function-brushcutter-ryobi-5133003713-18-v-20-cm","status":"publish","type":"product","link":"https:\/\/bigbuy.tupique.com\/pt\/produto\/multi-function-brushcutter-ryobi-5133003713-18-v-20-cm\/","title":{"rendered":"D\u00e9broussailleuse multifonction Ryobi 5133003713 18 V 20 cm"},"content":{"rendered":"<p>Si vous aimez prendre soin de chaque d\u00e9tail de votre maison et d&#8217;\u00eatre \u00e0 la derni\u00e8re mode en mati\u00e8re de produits qui vous rendront la vie plus facile, achetez <b>D\u00e9broussailleuse multifonction Ryobi 5133003713 18 V 20 cm<\/b> au meilleur prix.<\/p>\n<p>La <b>d\u00e9broussailleuse multifonction Ryobi mod\u00e8le 5133003713<\/b> est un outil polyvalent et efficace con\u00e7u pour l\u2019entretien des jardins et espaces verts. Elle fonctionne avec un syst\u00e8me sans fil de <b>18 V<\/b> utilisant une <b>batterie lithium 4 Ah<\/b>, dont la charge rapide permet jusqu\u2019\u00e0 <b>2 heures d\u2019utilisation continue<\/b>, offrant une autonomie adapt\u00e9e aux travaux prolong\u00e9s sans c\u00e2ble limitant les mouvements. Ce mod\u00e8le allie facilit\u00e9 d\u2019usage et poids ma\u00eetris\u00e9 de <b>6 kg<\/b>, facilitant la manipulation et r\u00e9duisant la fatigue. Son design en <b>vert<\/b>, couleur embl\u00e9matique de Ryobi, lui conf\u00e8re un aspect professionnel et robuste. C\u00f4t\u00e9 fonctionnalit\u00e9s, elle int\u00e8gre un syst\u00e8me de coupe avec fil de <b>\u00d8 1&#215;1,6 mm<\/b> et une lame <b>Tri-Arc 3 dents de 20 cm<\/b>, permettant d\u2019alterner les types de coupe selon la v\u00e9g\u00e9tation, optimisant le nettoyage des herbes fines comme des broussailles plus denses. La combinaison de ces accessoires offre une grande polyvalence, du d\u00e9broussaillage l\u00e9ger aux terrains plus exigeants. Le pack comprend \u00e9galement un chargeur rapide de <b>2,0 A<\/b>, r\u00e9duisant significativement le temps de recharge et augmentant la productivit\u00e9. L\u2019efficacit\u00e9 \u00e9nerg\u00e9tique et la puissance adapt\u00e9e font de cette d\u00e9broussailleuse un outil id\u00e9al pour amateurs et professionnels recherchant une solution multifonction, l\u00e9g\u00e8re et sans fil pour une libert\u00e9 de mouvement totale. En r\u00e9sum\u00e9, la <b>d\u00e9broussailleuse Ryobi 18V<\/b> offre un \u00e9quilibre parfait entre autonomie, puissance et confort dans un design pens\u00e9 pour r\u00e9pondre \u00e0 divers besoins d\u2019entretien ext\u00e9rieur.<\/p>\n<ul>\n<li>Temps de charge approx.: 2 heures<\/li>\n<li>Bloc d\u2019Alimentation:\n<ul>\n<li>Batterie<\/li>\n<li>r\u00e9seau \u00e9lectrique<\/li>\n<\/ul>\n<\/li>\n<li>Inclut:\n<ul>\n<li>Batterie au lithium rechargeable<\/li>\n<li>Chargeur de batterie<\/li>\n<\/ul>\n<\/li>\n<li>Type: D\u00e9broussailleuse multifonction<\/li>\n<li>Caract\u00e9ristiques: Double poign\u00e9e<\/li>\n<li>Type de prise: Prise EU<\/li>\n<li>Produit \u00e0 brancher: Oui<\/li>\n<li>Couleur: Vert<\/li>\n<li>Poids: 6 Kg<\/li>\n<li>Tension: 18 V<\/li>\n<li>Type de batterie: Litio Ion<\/li>\n<\/ul>","protected":false},"excerpt":{"rendered":"<p>Si vous aimez prendre soin de chaque d\u00e9tail de votre maison et d&#8217;\u00eatre \u00e0 la derni\u00e8re mode en mati\u00e8re de produits qui vous rendront la vie plus facile, achetez D\u00e9broussailleuse multifonction Ryobi 5133003713 18 V 20 cm au meilleur prix. La d\u00e9broussailleuse multifonction Ryobi mod\u00e8le 5133003713 est un outil polyvalent et efficace con\u00e7u pour l\u2019entretien [&hellip;]<\/p>\n","protected":false},"featured_media":19900,"comment_status":"open","ping_status":"closed","template":"","meta":[],"product_brand":[830],"product_cat":[613,239],"product_tag":[59,210],"class_list":{"0":"post-19904","1":"product","2":"type-product","3":"status-publish","4":"has-post-thumbnail","6":"product_brand-brandp_3104","7":"product_cat-bricolage-et-materiel","8":"product_cat-maison-jardin","9":"product_tag-tag_1304","10":"product_tag-tag_25","12":"first","13":"instock","14":"taxable","15":"shipping-taxable","16":"purchasable","17":"product-type-simple"},"_links":{"self":[{"href":"https:\/\/bigbuy.tupique.com\/pt\/wp-json\/wp\/v2\/product\/19904","targetHints":{"allow":["GET"]}}],"collection":[{"href":"https:\/\/bigbuy.tupique.com\/pt\/wp-json\/wp\/v2\/product"}],"about":[{"href":"https:\/\/bigbuy.tupique.com\/pt\/wp-json\/wp\/v2\/types\/product"}],"replies":[{"embeddable":true,"href":"https:\/\/bigbuy.tupique.com\/pt\/wp-json\/wp\/v2\/comments?post=19904"}],"wp:featuredmedia":[{"embeddable":true,"href":"https:\/\/bigbuy.tupique.com\/pt\/wp-json\/wp\/v2\/media\/19900"}],"wp:attachment":[{"href":"https:\/\/bigbuy.tupique.com\/pt\/wp-json\/wp\/v2\/media?parent=19904"}],"wp:term":[{"taxonomy":"product_brand","embeddable":true,"href":"https:\/\/bigbuy.tupique.com\/pt\/wp-json\/wp\/v2\/product_brand?post=19904"},{"taxonomy":"product_cat","embeddable":true,"href":"https:\/\/bigbuy.tupique.com\/pt\/wp-json\/wp\/v2\/product_cat?post=19904"},{"taxonomy":"product_tag","embeddable":true,"href":"https:\/\/bigbuy.tupique.com\/pt\/wp-json\/wp\/v2\/product_tag?post=19904"}],"curies":[{"name":"wp","href":"https:\/\/api.w.org\/{rel}","templated":true}]}}