{"id":19880,"date":"2026-03-29T16:34:49","date_gmt":"2026-03-29T15:34:49","guid":{"rendered":"https:\/\/bigbuy.tupique.com\/produto\/battery-mower-ryobi-power-assist-36-v-5-ah-o-46-cm\/"},"modified":"2026-05-11T20:02:41","modified_gmt":"2026-05-11T18:02:41","slug":"battery-mower-ryobi-power-assist-36-v-5-ah-o-46-cm","status":"publish","type":"product","link":"https:\/\/bigbuy.tupique.com\/pt\/produto\/battery-mower-ryobi-power-assist-36-v-5-ah-o-46-cm\/","title":{"rendered":"Tondeuse \u00e0 gazon \u00e0 batterie Ryobi  Power Assist 36 V 5 Ah \u00d8 46 cm"},"content":{"rendered":"<p>Si vous aimez prendre soin de chaque d\u00e9tail de votre maison et d&#8217;\u00eatre \u00e0 la derni\u00e8re mode en mati\u00e8re de produits qui vous rendront la vie plus facile, achetez <b>Tondeuse \u00e0 gazon \u00e0 batterie Ryobi  Power Assist 36 V 5 Ah \u00d8 46 cm<\/b> au meilleur prix.<\/p>\n<p>La <b>tondeuse \u00e0 batterie Power Assist<\/b> de <b>Ryobi<\/b> est un outil compact et efficace con\u00e7u pour offrir autonomie et confort dans l\u2019entretien du gazon. Elle fonctionne avec un syst\u00e8me sans fil de <b>36 V<\/b>, aliment\u00e9 par une batterie lithium qui fournit une puissance constante sans les contraintes du c\u00e2ble, id\u00e9ale pour les jardins de taille moyenne. Sa <b>coupe de 46 cm de largeur<\/b> permet de couvrir une large surface en moins de temps, facilitant un travail plus rapide et uniforme. Ce mod\u00e8le est fabriqu\u00e9 avec des mat\u00e9riaux r\u00e9sistants comme l\u2019ABS et un plastique haute durabilit\u00e9, dans un coloris <b>vert<\/b> caract\u00e9ristique de la marque Ryobi, qui apporte un design attrayant et fonctionnel. Il est con\u00e7u pour la collecte et le paillage de l\u2019herbe, offrant polyvalence selon les besoins de l\u2019utilisateur et contribuant \u00e0 un entretien efficace du jardin. De plus, il inclut une batterie de 5,0 Ah garantissant une longue autonomie entre les charges, ainsi qu\u2019un chargeur rapide qui optimise les temps d\u2019utilisation. Il se distingue par un <b>indice de r\u00e9parabilit\u00e9 \u00e9lev\u00e9 de 8,8<\/b>, indiquant une bonne accessibilit\u00e9 pour l\u2019entretien et la r\u00e9paration, prolongeant la dur\u00e9e de vie de l\u2019appareil. Son syst\u00e8me Power Assist\u2122 aide \u00e0 r\u00e9duire l\u2019effort lors de la pouss\u00e9e, facilitant la maniabilit\u00e9 m\u00eame sur des terrains irr\u00e9guliers ou en pente. Dans l\u2019ensemble, cette tondeuse sans fil offre un \u00e9quilibre entre puissance, confort et durabilit\u00e9, se positionnant comme une option fiable pour les utilisateurs recherchant efficacit\u00e9 et autonomie en jardinage domestique.<\/p>\n<ul>\n<li>Type: Tondeuse \u00e0 gazon<\/li>\n<li>Bloc d\u2019Alimentation:\n<ul>\n<li>Batterie<\/li>\n<li>r\u00e9seau \u00e9lectrique<\/li>\n<\/ul>\n<\/li>\n<li>Inclut:\n<ul>\n<li>Batterie rechargeable<\/li>\n<li>Chargeur de batterie<\/li>\n<\/ul>\n<\/li>\n<li>Tension:\n<ul>\n<li>36 V<\/li>\n<li>36V<\/li>\n<\/ul>\n<\/li>\n<li>Capacit\u00e9 de la batterie: 5 Ah<\/li>\n<li>Produit \u00e0 brancher: Oui<\/li>\n<li>Type de prise: Prise EU<\/li>\n<li>Couleur: Vert<\/li>\n<li>Taille de coupe: 46 cm<\/li>\n<li>Indice de r\u00e9parabilit\u00e9: 8.8<\/li>\n<li>Capacit\u00e9: 45 L<\/li>\n<li>Mati\u00e8re: Plastique<\/li>\n<\/ul>","protected":false},"excerpt":{"rendered":"<p><span class=\"unit-info\">11.2887 &euro; \/ 1 l<\/span><\/p>","protected":false},"featured_media":19874,"comment_status":"open","ping_status":"closed","template":"","meta":[],"product_brand":[830],"product_cat":[613,239],"product_tag":[59,210],"class_list":{"0":"post-19880","1":"product","2":"type-product","3":"status-publish","4":"has-post-thumbnail","6":"product_brand-brandp_3104","7":"product_cat-bricolage-et-materiel","8":"product_cat-maison-jardin","9":"product_tag-tag_1304","10":"product_tag-tag_25","12":"first","13":"instock","14":"taxable","15":"shipping-taxable","16":"purchasable","17":"product-type-simple"},"_links":{"self":[{"href":"https:\/\/bigbuy.tupique.com\/pt\/wp-json\/wp\/v2\/product\/19880","targetHints":{"allow":["GET"]}}],"collection":[{"href":"https:\/\/bigbuy.tupique.com\/pt\/wp-json\/wp\/v2\/product"}],"about":[{"href":"https:\/\/bigbuy.tupique.com\/pt\/wp-json\/wp\/v2\/types\/product"}],"replies":[{"embeddable":true,"href":"https:\/\/bigbuy.tupique.com\/pt\/wp-json\/wp\/v2\/comments?post=19880"}],"wp:featuredmedia":[{"embeddable":true,"href":"https:\/\/bigbuy.tupique.com\/pt\/wp-json\/wp\/v2\/media\/19874"}],"wp:attachment":[{"href":"https:\/\/bigbuy.tupique.com\/pt\/wp-json\/wp\/v2\/media?parent=19880"}],"wp:term":[{"taxonomy":"product_brand","embeddable":true,"href":"https:\/\/bigbuy.tupique.com\/pt\/wp-json\/wp\/v2\/product_brand?post=19880"},{"taxonomy":"product_cat","embeddable":true,"href":"https:\/\/bigbuy.tupique.com\/pt\/wp-json\/wp\/v2\/product_cat?post=19880"},{"taxonomy":"product_tag","embeddable":true,"href":"https:\/\/bigbuy.tupique.com\/pt\/wp-json\/wp\/v2\/product_tag?post=19880"}],"curies":[{"name":"wp","href":"https:\/\/api.w.org\/{rel}","templated":true}]}}