{"id":19797,"date":"2026-03-29T16:32:51","date_gmt":"2026-03-29T15:32:51","guid":{"rendered":"https:\/\/bigbuy.tupique.com\/produto\/dehumidifier-delonghi\/"},"modified":"2026-04-16T17:15:53","modified_gmt":"2026-04-16T16:15:53","slug":"dehumidifier-delonghi","status":"publish","type":"product","link":"https:\/\/bigbuy.tupique.com\/pt\/produto\/dehumidifier-delonghi\/","title":{"rendered":"D\u00e9shumidificateur DeLonghi"},"content":{"rendered":"<p>Si vous recherchez des \u00e9lectrom\u00e9nagers pour votre maison aux meilleurs prix, ne manquez pas <b>D\u00e9shumidificateur DeLonghi<\/b> et une large s\u00e9lection de petits \u00e9lectrom\u00e9nagers de qualit\u00e9 !<\/p>\n<p>Le <b>d\u00e9shumidificateur<\/b> DeLonghi est un appareil con\u00e7u pour am\u00e9liorer la qualit\u00e9 de l\u2019air dans les espaces r\u00e9sidentiels en \u00e9liminant efficacement l\u2019exc\u00e8s d\u2019humidit\u00e9. Avec un design en <b>blanc<\/b> et une coque en <b>plastique<\/b>, ce mod\u00e8le allie fonctionnalit\u00e9 et esth\u00e9tique neutre adapt\u00e9e \u00e0 tout int\u00e9rieur. Il se distingue par un niveau sonore r\u00e9duit de <b>35 dB<\/b>, garantissant un fonctionnement silencieux, id\u00e9al pour une utilisation continue \u00e0 la maison sans perturber le repos ou les activit\u00e9s quotidiennes. Sa capacit\u00e9 d\u2019extraction d\u2019humidit\u00e9 couvre des surfaces jusqu\u2019\u00e0 55 m\u00b2, favorisant un environnement confortable et sain en maintenant l\u2019air \u00e0 un taux d\u2019humidit\u00e9 optimal. Son r\u00e9servoir a une capacit\u00e9 de <b>2,1 litres<\/b>, permettant un temps de fonctionnement prolong\u00e9 avant vidange. De plus, le d\u00e9bit d\u2019air en sortie atteint <b>125 m\u00b3\/h<\/b>, optimisant la circulation et le s\u00e9chage de l\u2019air de mani\u00e8re efficace. Ce d\u00e9shumidificateur DeLonghi est une solution pratique pour pr\u00e9venir les probl\u00e8mes li\u00e9s \u00e0 l\u2019humidit\u00e9, comme la formation de moisissures ou la d\u00e9t\u00e9rioration des meubles et structures, contribuant \u00e0 un cadre plus confortable et s\u00fbr pour la famille. Son design compact et silencieux en fait un appareil polyvalent et performant pour contr\u00f4ler l\u2019humidit\u00e9 relative dans les espaces int\u00e9rieurs.<\/p>\n<ul>\n<li>Type: D\u00e9shumidificateur<\/li>\n<li>Capacit\u00e9: 2,1 L<\/li>\n<li>Niveau sonore: 35 dB<\/li>\n<li>Couleur: Blanc<\/li>\n<li>Mat\u00e9riel: Plastique<\/li>\n<\/ul>","protected":false},"excerpt":{"rendered":"<p>Si vous recherchez des \u00e9lectrom\u00e9nagers pour votre maison aux meilleurs prix, ne manquez pas D\u00e9shumidificateur DeLonghi et une large s\u00e9lection de petits \u00e9lectrom\u00e9nagers de qualit\u00e9 ! Le d\u00e9shumidificateur DeLonghi est un appareil con\u00e7u pour am\u00e9liorer la qualit\u00e9 de l\u2019air dans les espaces r\u00e9sidentiels en \u00e9liminant efficacement l\u2019exc\u00e8s d\u2019humidit\u00e9. Avec un design en blanc et une [&hellip;]<\/p>\n","protected":false},"featured_media":19791,"comment_status":"open","ping_status":"closed","template":"","meta":[],"product_brand":[299],"product_cat":[732,733,239],"product_tag":[59,208,210],"class_list":{"0":"post-19797","1":"product","2":"type-product","3":"status-publish","4":"has-post-thumbnail","6":"product_brand-brandp_5487","7":"product_cat-climatisation-et-chauffage","8":"product_cat-humidificateurs","9":"product_cat-maison-jardin","10":"product_tag-tag_1304","11":"product_tag-tag_587","12":"product_tag-tag_25","14":"first","15":"instock","16":"taxable","17":"shipping-taxable","18":"purchasable","19":"product-type-simple"},"_links":{"self":[{"href":"https:\/\/bigbuy.tupique.com\/pt\/wp-json\/wp\/v2\/product\/19797","targetHints":{"allow":["GET"]}}],"collection":[{"href":"https:\/\/bigbuy.tupique.com\/pt\/wp-json\/wp\/v2\/product"}],"about":[{"href":"https:\/\/bigbuy.tupique.com\/pt\/wp-json\/wp\/v2\/types\/product"}],"replies":[{"embeddable":true,"href":"https:\/\/bigbuy.tupique.com\/pt\/wp-json\/wp\/v2\/comments?post=19797"}],"wp:featuredmedia":[{"embeddable":true,"href":"https:\/\/bigbuy.tupique.com\/pt\/wp-json\/wp\/v2\/media\/19791"}],"wp:attachment":[{"href":"https:\/\/bigbuy.tupique.com\/pt\/wp-json\/wp\/v2\/media?parent=19797"}],"wp:term":[{"taxonomy":"product_brand","embeddable":true,"href":"https:\/\/bigbuy.tupique.com\/pt\/wp-json\/wp\/v2\/product_brand?post=19797"},{"taxonomy":"product_cat","embeddable":true,"href":"https:\/\/bigbuy.tupique.com\/pt\/wp-json\/wp\/v2\/product_cat?post=19797"},{"taxonomy":"product_tag","embeddable":true,"href":"https:\/\/bigbuy.tupique.com\/pt\/wp-json\/wp\/v2\/product_tag?post=19797"}],"curies":[{"name":"wp","href":"https:\/\/api.w.org\/{rel}","templated":true}]}}