{"id":19790,"date":"2026-03-29T16:32:41","date_gmt":"2026-03-29T15:32:41","guid":{"rendered":"https:\/\/bigbuy.tupique.com\/produto\/webcam-logitech-ww-9004-cam-4k-ultra-hd\/"},"modified":"2026-04-15T01:27:21","modified_gmt":"2026-04-15T00:27:21","slug":"webcam-logitech-ww-9004-cam-4k-ultra-hd","status":"publish","type":"product","link":"https:\/\/bigbuy.tupique.com\/pt\/produto\/webcam-logitech-ww-9004-cam-4k-ultra-hd\/","title":{"rendered":"Webcam Logitech WW-9004 CAM 4K Ultra HD"},"content":{"rendered":"<p>Si vous \u00eates passionn\u00e9 d&#8217;<b>informatique et d&#8217;\u00e9lectronique<\/b>, si vous \u00eates \u00e0 la pointe de la technologie et qu&#8217;aucun d\u00e9tail ne vous \u00e9chappe, achetez <b>Webcam Logitech WW-9004 CAM 4K Ultra HD<\/b> au meilleur prix.<\/p>\n<ul>\n<li>Type: Webcam<\/li>\n<li>Caract\u00e9ristiques: Microphone int\u00e9gr\u00e9<\/li>\n<li>Couleur: Blanc<\/li>\n<li>Connexions:\n<ul>\n<li>RJ45 x 3<\/li>\n<li>PoE<\/li>\n<\/ul>\n<\/li>\n<li>R\u00e9solution: 4K Ultra HD<\/li>\n<li>Inclut: Kit de Montage<\/li>\n<\/ul>","protected":false},"excerpt":{"rendered":"<p>Si vous \u00eates passionn\u00e9 d&#8217;informatique et d&#8217;\u00e9lectronique, si vous \u00eates \u00e0 la pointe de la technologie et qu&#8217;aucun d\u00e9tail ne vous \u00e9chappe, achetez Webcam Logitech WW-9004 CAM 4K Ultra HD au meilleur prix. Type: Webcam Caract\u00e9ristiques: Microphone int\u00e9gr\u00e9 Couleur: Blanc Connexions: RJ45 x 3 PoE R\u00e9solution: 4K Ultra HD Inclut: Kit de Montage<\/p>","protected":false},"featured_media":19784,"comment_status":"open","ping_status":"closed","template":"","meta":[],"product_brand":[647],"product_cat":[65,581,607],"product_tag":[213,106],"class_list":{"0":"post-19790","1":"product","2":"type-product","3":"status-publish","4":"has-post-thumbnail","6":"product_brand-brandp_561","7":"product_cat-informatique-electronique","8":"product_cat-informatique-peripheriques-et-consommables","9":"product_cat-webcam","10":"product_tag-tag_933","11":"product_tag-tag_1295","13":"first","14":"instock","15":"taxable","16":"shipping-taxable","17":"purchasable","18":"product-type-simple"},"_links":{"self":[{"href":"https:\/\/bigbuy.tupique.com\/pt\/wp-json\/wp\/v2\/product\/19790","targetHints":{"allow":["GET"]}}],"collection":[{"href":"https:\/\/bigbuy.tupique.com\/pt\/wp-json\/wp\/v2\/product"}],"about":[{"href":"https:\/\/bigbuy.tupique.com\/pt\/wp-json\/wp\/v2\/types\/product"}],"replies":[{"embeddable":true,"href":"https:\/\/bigbuy.tupique.com\/pt\/wp-json\/wp\/v2\/comments?post=19790"}],"wp:featuredmedia":[{"embeddable":true,"href":"https:\/\/bigbuy.tupique.com\/pt\/wp-json\/wp\/v2\/media\/19784"}],"wp:attachment":[{"href":"https:\/\/bigbuy.tupique.com\/pt\/wp-json\/wp\/v2\/media?parent=19790"}],"wp:term":[{"taxonomy":"product_brand","embeddable":true,"href":"https:\/\/bigbuy.tupique.com\/pt\/wp-json\/wp\/v2\/product_brand?post=19790"},{"taxonomy":"product_cat","embeddable":true,"href":"https:\/\/bigbuy.tupique.com\/pt\/wp-json\/wp\/v2\/product_cat?post=19790"},{"taxonomy":"product_tag","embeddable":true,"href":"https:\/\/bigbuy.tupique.com\/pt\/wp-json\/wp\/v2\/product_tag?post=19790"}],"curies":[{"name":"wp","href":"https:\/\/api.w.org\/{rel}","templated":true}]}}