{"id":19742,"date":"2026-03-29T16:31:38","date_gmt":"2026-03-29T15:31:38","guid":{"rendered":"https:\/\/bigbuy.tupique.com\/produto\/router-zyxel-nr2301-eu01v1f\/"},"modified":"2026-04-15T01:27:19","modified_gmt":"2026-04-15T00:27:19","slug":"router-zyxel-nr2301-eu01v1f","status":"publish","type":"product","link":"https:\/\/bigbuy.tupique.com\/pt\/produto\/router-zyxel-nr2301-eu01v1f\/","title":{"rendered":"Router ZyXEL NR2301-EU01V1F"},"content":{"rendered":"<p>Si vous \u00eates passionn\u00e9 d&#8217;<b>informatique et d&#8217;\u00e9lectronique<\/b>, si vous \u00eates \u00e0 la pointe de la technologie et qu&#8217;aucun d\u00e9tail ne vous \u00e9chappe, achetez <b>Router ZyXEL NR2301-EU01V1F<\/b> au meilleur prix.<\/p>\n<p>Le <b>Zyxel NR2301<\/b> est un <b>routeur portable<\/b> con\u00e7u pour offrir une connectivit\u00e9 avanc\u00e9e en mobilit\u00e9, id\u00e9al pour les utilisateurs n\u00e9cessitant un acc\u00e8s Internet partout sans d\u00e9pendre de r\u00e9seaux fixes. Cet appareil prend en charge les <b>r\u00e9seaux 4G et 5G<\/b> via une carte <b>NanoSIM<\/b>, permettant une connexion rapide et stable gr\u00e2ce aux derni\u00e8res technologies mobiles, incluant la norme <b>LTE<\/b>. \u00c9quip\u00e9 de la technologie <b>Wi-Fi 6 (802.11ax)<\/b>, il offre une exp\u00e9rience sans fil am\u00e9lior\u00e9e en augmentant la capacit\u00e9 de connexion, r\u00e9duisant la latence et augmentant la vitesse, notamment sur la bande <b>6 GHz<\/b>, favorisant une navigation fluide pour plusieurs appareils simultan\u00e9ment. Son <b>design portable<\/b> et sa <b>couleur noire<\/b> le rendent compact et facile \u00e0 transporter, tandis que l\u2019inclusion d\u2019un <b>interrupteur marche\/arr\u00eat<\/b> et d\u2019un <b>\u00e9cran int\u00e9gr\u00e9<\/b> facilite la gestion directe et le suivi de l\u2019\u00e9tat du r\u00e9seau sans outils suppl\u00e9mentaires. De plus, il dispose d\u2019une interface avec connexions <b>USB<\/b> pour la charge et le transfert de donn\u00e9es, et son antenne <b>2&#215;2 MIMO<\/b> optimise la r\u00e9ception et l\u2019\u00e9mission du signal pour une performance constante. Livr\u00e9 avec un <b>guide d\u2019installation inclus<\/b>, il simplifie la configuration pour les utilisateurs de tous niveaux techniques. En r\u00e9sum\u00e9, le Zyxel NR2301 combine portabilit\u00e9, technologie avanc\u00e9e de connectivit\u00e9 et facilit\u00e9 d\u2019utilisation, se positionnant comme une solution polyvalente et efficace pour les environnements o\u00f9 mobilit\u00e9 et qualit\u00e9 de connexion sont prioritaires.<\/p>\n<ul>\n<li>Produit \u00e0 brancher: Oui<\/li>\n<li>Type de prise: Prise EU<\/li>\n<li>Type:\n<ul>\n<li>Router<\/li>\n<li>Portable<\/li>\n<li>Modem sans fil<\/li>\n<\/ul>\n<\/li>\n<li>Bloc d\u2019Alimentation: r\u00e9seau \u00e9lectrique<\/li>\n<li>Couleur: Noir<\/li>\n<li>Caract\u00e9ristiques:\n<ul>\n<li>\u00c9cran integr\u00e9<\/li>\n<li>Interrupteur marche\/arr\u00eat<\/li>\n<li>Guide d&#8217;installation inclus<\/li>\n<li>Bouton de r\u00e9initialisation<\/li>\n<\/ul>\n<\/li>\n<li>Connectivit\u00e9:\n<ul>\n<li>Wi-Fi<\/li>\n<li>Wi-Fi 6 GHz<\/li>\n<\/ul>\n<\/li>\n<li>Capacit\u00e9 de la batterie: 4500 mAh<\/li>\n<li>Technologie:\n<ul>\n<li>LCD<\/li>\n<li>MU-MIMO<\/li>\n<\/ul>\n<\/li>\n<li>Inclut: C\u00e2ble USB<\/li>\n<li>Connexions:\n<ul>\n<li>USB<\/li>\n<li>USB-C 3.2 Gen 1 (3.1 Gen 1)<\/li>\n<\/ul>\n<\/li>\n<li>Bande: 2,4 GHz &#8211; 5 GHz<\/li>\n<li>Ethernet: Non<\/li>\n<li>Batterie: Chargeur USB<\/li>\n<li>Type de batterie: Litio Ion<\/li>\n<\/ul>","protected":false},"excerpt":{"rendered":"<p>Si vous \u00eates passionn\u00e9 d&#8217;informatique et d&#8217;\u00e9lectronique, si vous \u00eates \u00e0 la pointe de la technologie et qu&#8217;aucun d\u00e9tail ne vous \u00e9chappe, achetez Router ZyXEL NR2301-EU01V1F au meilleur prix. Le Zyxel NR2301 est un routeur portable con\u00e7u pour offrir une connectivit\u00e9 avanc\u00e9e en mobilit\u00e9, id\u00e9al pour les utilisateurs n\u00e9cessitant un acc\u00e8s Internet partout sans d\u00e9pendre [&hellip;]<\/p>\n","protected":false},"featured_media":19737,"comment_status":"open","ping_status":"closed","template":"","meta":[],"product_brand":[648],"product_cat":[65,584,612],"product_tag":[106],"class_list":{"0":"post-19742","1":"product","2":"type-product","3":"status-publish","4":"has-post-thumbnail","6":"product_brand-brandp_669","7":"product_cat-informatique-electronique","8":"product_cat-informatique-reseaux-et-composants","9":"product_cat-routeurs-et-modems","10":"product_tag-tag_1295","12":"first","13":"instock","14":"taxable","15":"shipping-taxable","16":"purchasable","17":"product-type-simple"},"_links":{"self":[{"href":"https:\/\/bigbuy.tupique.com\/pt\/wp-json\/wp\/v2\/product\/19742","targetHints":{"allow":["GET"]}}],"collection":[{"href":"https:\/\/bigbuy.tupique.com\/pt\/wp-json\/wp\/v2\/product"}],"about":[{"href":"https:\/\/bigbuy.tupique.com\/pt\/wp-json\/wp\/v2\/types\/product"}],"replies":[{"embeddable":true,"href":"https:\/\/bigbuy.tupique.com\/pt\/wp-json\/wp\/v2\/comments?post=19742"}],"wp:featuredmedia":[{"embeddable":true,"href":"https:\/\/bigbuy.tupique.com\/pt\/wp-json\/wp\/v2\/media\/19737"}],"wp:attachment":[{"href":"https:\/\/bigbuy.tupique.com\/pt\/wp-json\/wp\/v2\/media?parent=19742"}],"wp:term":[{"taxonomy":"product_brand","embeddable":true,"href":"https:\/\/bigbuy.tupique.com\/pt\/wp-json\/wp\/v2\/product_brand?post=19742"},{"taxonomy":"product_cat","embeddable":true,"href":"https:\/\/bigbuy.tupique.com\/pt\/wp-json\/wp\/v2\/product_cat?post=19742"},{"taxonomy":"product_tag","embeddable":true,"href":"https:\/\/bigbuy.tupique.com\/pt\/wp-json\/wp\/v2\/product_tag?post=19742"}],"curies":[{"name":"wp","href":"https:\/\/api.w.org\/{rel}","templated":true}]}}