{"id":19696,"date":"2026-03-29T16:30:35","date_gmt":"2026-03-29T15:30:35","guid":{"rendered":"https:\/\/bigbuy.tupique.com\/produto\/video-conferencing-system-poly-studio-e70-4k-ultra-hd\/"},"modified":"2026-04-16T09:01:09","modified_gmt":"2026-04-16T08:01:09","slug":"video-conferencing-system-poly-studio-e70-4k-ultra-hd","status":"publish","type":"product","link":"https:\/\/bigbuy.tupique.com\/pt\/produto\/video-conferencing-system-poly-studio-e70-4k-ultra-hd\/","title":{"rendered":"Syst\u00e8me de Vid\u00e9oconf\u00e9rence Poly Studio E70 4K Ultra HD"},"content":{"rendered":"<p>Si vous \u00eates passionn\u00e9 d&#8217;<b>informatique et d&#8217;\u00e9lectronique<\/b>, si vous \u00eates \u00e0 la pointe de la technologie et qu&#8217;aucun d\u00e9tail ne vous \u00e9chappe, achetez <b>Syst\u00e8me de Vid\u00e9oconf\u00e9rence Poly Studio E70 4K Ultra HD<\/b> au meilleur prix.<\/p>\n<ul>\n<li>Type: Syst\u00e8me de Vid\u00e9oconf\u00e9rence<\/li>\n<li>Couleur:\n<ul>\n<li>Blanc<\/li>\n<li>Noir<\/li>\n<\/ul>\n<\/li>\n<li>Connexions:\n<ul>\n<li>USB-C<\/li>\n<li>RJ45<\/li>\n<li>USB-C 3.2 Gen 1 (3.1 Gen 1)<\/li>\n<\/ul>\n<\/li>\n<li>Cam\u00e9ra\/Appareil Photo: 20 Mp<\/li>\n<li>R\u00e9solution: 4K Ultra HD<\/li>\n<li>Bloc d\u2019Alimentation: Courant alternatif<\/li>\n<li>R\u00e9solution (px): 3840 x 2160 px<\/li>\n<li>Tension:\n<ul>\n<li>12 V<\/li>\n<li>100 &#8211; 240 V<\/li>\n<\/ul>\n<\/li>\n<li>Inclut: Kit de Montage<\/li>\n<li>Fr\u00e9quence d&#8217;entr\u00e9e AC: 50-60 Hz<\/li>\n<li>Temp\u00e9rature approximative: -40\u00ba \/ 70\u00ba<\/li>\n<\/ul>","protected":false},"excerpt":{"rendered":"<p>Si vous \u00eates passionn\u00e9 d&#8217;informatique et d&#8217;\u00e9lectronique, si vous \u00eates \u00e0 la pointe de la technologie et qu&#8217;aucun d\u00e9tail ne vous \u00e9chappe, achetez Syst\u00e8me de Vid\u00e9oconf\u00e9rence Poly Studio E70 4K Ultra HD au meilleur prix. Type: Syst\u00e8me de Vid\u00e9oconf\u00e9rence Couleur: Blanc Noir Connexions: USB-C RJ45 USB-C 3.2 Gen 1 (3.1 Gen 1) Cam\u00e9ra\/Appareil Photo: 20 [&hellip;]<\/p>\n","protected":false},"featured_media":19683,"comment_status":"open","ping_status":"closed","template":"","meta":[],"product_brand":[1002],"product_cat":[65,581,607],"product_tag":[213,106],"class_list":{"0":"post-19696","1":"product","2":"type-product","3":"status-publish","4":"has-post-thumbnail","6":"product_brand-brandp_4768","7":"product_cat-informatique-electronique","8":"product_cat-informatique-peripheriques-et-consommables","9":"product_cat-webcam","10":"product_tag-tag_933","11":"product_tag-tag_1295","13":"first","14":"instock","15":"taxable","16":"shipping-taxable","17":"purchasable","18":"product-type-simple"},"_links":{"self":[{"href":"https:\/\/bigbuy.tupique.com\/pt\/wp-json\/wp\/v2\/product\/19696","targetHints":{"allow":["GET"]}}],"collection":[{"href":"https:\/\/bigbuy.tupique.com\/pt\/wp-json\/wp\/v2\/product"}],"about":[{"href":"https:\/\/bigbuy.tupique.com\/pt\/wp-json\/wp\/v2\/types\/product"}],"replies":[{"embeddable":true,"href":"https:\/\/bigbuy.tupique.com\/pt\/wp-json\/wp\/v2\/comments?post=19696"}],"wp:featuredmedia":[{"embeddable":true,"href":"https:\/\/bigbuy.tupique.com\/pt\/wp-json\/wp\/v2\/media\/19683"}],"wp:attachment":[{"href":"https:\/\/bigbuy.tupique.com\/pt\/wp-json\/wp\/v2\/media?parent=19696"}],"wp:term":[{"taxonomy":"product_brand","embeddable":true,"href":"https:\/\/bigbuy.tupique.com\/pt\/wp-json\/wp\/v2\/product_brand?post=19696"},{"taxonomy":"product_cat","embeddable":true,"href":"https:\/\/bigbuy.tupique.com\/pt\/wp-json\/wp\/v2\/product_cat?post=19696"},{"taxonomy":"product_tag","embeddable":true,"href":"https:\/\/bigbuy.tupique.com\/pt\/wp-json\/wp\/v2\/product_tag?post=19696"}],"curies":[{"name":"wp","href":"https:\/\/api.w.org\/{rel}","templated":true}]}}