{"id":195935,"date":"2026-04-17T00:53:30","date_gmt":"2026-04-16T23:53:30","guid":{"rendered":"https:\/\/bigbuy.tupique.com\/produto\/ecran-lenovo-12nbgat1e5\/"},"modified":"2026-04-17T00:53:30","modified_gmt":"2026-04-16T23:53:30","slug":"ecran-lenovo-12nbgat1e5","status":"publish","type":"product","link":"https:\/\/bigbuy.tupique.com\/pt\/produto\/ecran-lenovo-12nbgat1e5\/","title":{"rendered":"\u00c9cran Lenovo 12NBGAT1E5"},"content":{"rendered":"<p>Si vous \u00eates passionn\u00e9 d&#8217;<b>informatique et d&#8217;\u00e9lectronique<\/b>, si vous \u00eates \u00e0 la pointe de la technologie et qu&#8217;aucun d\u00e9tail ne vous \u00e9chappe, achetez <b>\u00c9cran Lenovo 12NBGAT1E5<\/b> au meilleur prix.<\/p>\n<p>Le <b>Lenovo ThinkCentre Tiny-In-One 24 Gen 5<\/b> est un <b>moniteur<\/b> professionnel offrant une exp\u00e9rience visuelle nette et de haute qualit\u00e9 gr\u00e2ce \u00e0 son <b>\u00e9cran de 23,8 pouces<\/b> avec technologie <b>IPS LCD<\/b> et r\u00e9solution <b>Full HD (1920 x 1080 pixels)<\/b>, garantissant de larges angles de vue de <b>178\u00b0 horizontaux et verticaux<\/b> pour un usage confortable depuis diff\u00e9rentes positions. Son design sans bordure sur la dalle apporte une esth\u00e9tique moderne et permet des configurations multi-\u00e9crans plus immersives et ordonn\u00e9es. Il se distingue aussi par un <b>temps de r\u00e9ponse de 4 ms<\/b>, qui r\u00e9duit le flou dans les images en mouvement, id\u00e9al pour les environnements professionnels de productivit\u00e9 et collaboration en bureau. Ce mod\u00e8le int\u00e8gre des fonctionnalit\u00e9s pens\u00e9es pour le travail collaboratif \u00e0 distance, comme une <b>cam\u00e9ra web RGB 1080p<\/b> avec micro \u00e0 r\u00e9duction de bruit, ainsi qu\u2019un syst\u00e8me de double haut-parleurs de <b>3W<\/b> offrant un son clair et pr\u00e9cis, am\u00e9liorant nettement les visioconf\u00e9rences. Il dispose d\u2019indicateurs d\u2019\u00e9tat intelligents pour les r\u00e9unions et de boutons VoIP facilitant le contr\u00f4le audio et micro, renfor\u00e7ant ainsi l\u2019efficacit\u00e9 de la communication. Pour la confidentialit\u00e9, il comprend la fonction <b>ThinkShutter<\/b> qui permet de couvrir physiquement la cam\u00e9ra lorsqu\u2019elle n\u2019est pas utilis\u00e9e. Son design modulaire exclusif permet d\u2019installer directement des PC Lenovo ThinkCentre et ThinkStation Tiny de 4e g\u00e9n\u00e9ration dans une fente arri\u00e8re, \u00e9vitant les c\u00e2bles et favorisant un bureau propre et organis\u00e9. Il est \u00e9quip\u00e9 de ports HDMI et DisplayPort pour connecter d\u2019autres appareils externes, ainsi que de multiples ports USB 3.2 Gen 1 pour les p\u00e9riph\u00e9riques. De plus, le moniteur offre un r\u00e9glage en hauteur et est compatible avec le montage VESA, s\u2019adaptant \u00e0 diff\u00e9rents espaces et pr\u00e9f\u00e9rences ergonomiques. Int\u00e9grant une technologie de <b>lumi\u00e8re bleue faible naturelle<\/b>, il r\u00e9duit la fatigue visuelle lors de longues sessions sans alt\u00e9rer la pr\u00e9cision des couleurs, renforc\u00e9e par une couverture de <b>99 % de l\u2019espace sRGB<\/b>, id\u00e9ale pour les t\u00e2ches n\u00e9cessitant une fid\u00e9lit\u00e9 colorim\u00e9trique. L\u2019emballage recyclable et les options de service environnemental refl\u00e8tent l\u2019engagement de Lenovo en faveur du d\u00e9veloppement durable. Avec un design sobre et une couleur <b>noire<\/b>, ce moniteur est une solution polyvalente alliant performance, connectivit\u00e9 et fonctionnalit\u00e9s con\u00e7ues pour am\u00e9liorer la productivit\u00e9 et la collaboration en milieu professionnel ou d\u2019entreprise.<\/p>\n<ul>\n<li>Diagonale de l&#8217;\u00e9cran (cm): 60,5 cm<\/li>\n<li>Type:\n<ul>\n<li>\u00c9cran<\/li>\n<li>Axe<\/li>\n<\/ul>\n<\/li>\n<li>Produit \u00e0 brancher: Oui<\/li>\n<li>Bloc d\u2019Alimentation:\n<ul>\n<li>r\u00e9seau \u00e9lectrique<\/li>\n<li>Cordon d&#8217;alimentation CA<\/li>\n<\/ul>\n<\/li>\n<li>Couleur: Noir<\/li>\n<li>Temps de r\u00e9ponse:\n<ul>\n<li>4 ms<\/li>\n<li>6 ms<\/li>\n<li>5 ms<\/li>\n<\/ul>\n<\/li>\n<li>VESA: 10 x 10 cm<\/li>\n<li>Brille:\n<ul>\n<li>250 cd\/m2<\/li>\n<li>250 ANSI<\/li>\n<\/ul>\n<\/li>\n<li>Longueur du c\u00e2ble: 1 m<\/li>\n<li>R\u00e9solution (px): 1920 x 1080 px<\/li>\n<li>Tension:\n<ul>\n<li>100-240 V<\/li>\n<li>100 &#8211; 240 V<\/li>\n<\/ul>\n<\/li>\n<li>Ecran:\n<ul>\n<li>23,8&#8243;<\/li>\n<li>22&#8243;<\/li>\n<\/ul>\n<\/li>\n<li>R\u00e9solution:\n<ul>\n<li>Full HD<\/li>\n<li>LCD<\/li>\n<\/ul>\n<\/li>\n<li>Rapport d&#8217;aspect: 16:9<\/li>\n<li>Connexions:\n<ul>\n<li>HDMI<\/li>\n<li>USB<\/li>\n<li>DisplayPort<\/li>\n<li>HDMI 1.4<\/li>\n<li>USB-A<\/li>\n<li>DisplayPort 1.2<\/li>\n<li>DisplayPort x 1<\/li>\n<\/ul>\n<\/li>\n<li>Caract\u00e9ristiques:\n<ul>\n<li>Ecran tactile<\/li>\n<li>Plaque Tournante<\/li>\n<li>\u00c9cran LCD<\/li>\n<li>R\u00e9glable<\/li>\n<li>Avec stand<\/li>\n<li>Inclinaison r\u00e9glable<\/li>\n<li>Guide d&#8217;installation inclus<\/li>\n<li>Haut-parleurs int\u00e9gr\u00e9s<\/li>\n<li>\u00c9cran plat<\/li>\n<\/ul>\n<\/li>\n<li>Technologie:\n<ul>\n<li>IPS<\/li>\n<li>LCD<\/li>\n<\/ul>\n<\/li>\n<li>Fr\u00e9quence:\n<ul>\n<li>50 &#8211; 60 Hz<\/li>\n<li>60 Hz<\/li>\n<li>120 Hz<\/li>\n<\/ul>\n<\/li>\n<li>Mati\u00e8re: Plastique<\/li>\n<li>Rapport de contraste: 1000:1<\/li>\n<li>Ports: 1<\/li>\n<li>Disque dur: 128 GB SSD<\/li>\n<li>Fr\u00e9quence d&#8217;entr\u00e9e AC: 50-60 Hz<\/li>\n<li>Angle: 178\u00ba<\/li>\n<li>Connecteurs: Kensington<\/li>\n<li>Montage: VESA<\/li>\n<li>Couverture: 99% sRGB<\/li>\n<li>Rotation: 45\u00ba \/ 45\u00b0<\/li>\n<li>Type de batterie: Litio Ion<\/li>\n<li>Densit\u00e9 des pixels (dpi): 93 dpi<\/li>\n<\/ul>","protected":false},"excerpt":{"rendered":"<p>Si vous \u00eates passionn\u00e9 d&#8217;informatique et d&#8217;\u00e9lectronique, si vous \u00eates \u00e0 la pointe de la technologie et qu&#8217;aucun d\u00e9tail ne vous \u00e9chappe, achetez \u00c9cran Lenovo 12NBGAT1E5 au meilleur prix. Le Lenovo ThinkCentre Tiny-In-One 24 Gen 5 est un moniteur professionnel offrant une exp\u00e9rience visuelle nette et de haute qualit\u00e9 gr\u00e2ce \u00e0 son \u00e9cran de 23,8 [&hellip;]<\/p>\n","protected":false},"featured_media":195934,"comment_status":"open","ping_status":"closed","template":"","meta":[],"product_brand":[661],"product_cat":[65,581,616],"product_tag":[213,106],"class_list":{"0":"post-195935","1":"product","2":"type-product","3":"status-publish","4":"has-post-thumbnail","6":"product_brand-brandp_558","7":"product_cat-informatique-electronique","8":"product_cat-informatique-peripheriques-et-consommables","9":"product_cat-moniteurs","10":"product_tag-tag_933","11":"product_tag-tag_1295","13":"first","14":"instock","15":"taxable","16":"shipping-taxable","17":"purchasable","18":"product-type-simple"},"_links":{"self":[{"href":"https:\/\/bigbuy.tupique.com\/pt\/wp-json\/wp\/v2\/product\/195935","targetHints":{"allow":["GET"]}}],"collection":[{"href":"https:\/\/bigbuy.tupique.com\/pt\/wp-json\/wp\/v2\/product"}],"about":[{"href":"https:\/\/bigbuy.tupique.com\/pt\/wp-json\/wp\/v2\/types\/product"}],"replies":[{"embeddable":true,"href":"https:\/\/bigbuy.tupique.com\/pt\/wp-json\/wp\/v2\/comments?post=195935"}],"wp:featuredmedia":[{"embeddable":true,"href":"https:\/\/bigbuy.tupique.com\/pt\/wp-json\/wp\/v2\/media\/195934"}],"wp:attachment":[{"href":"https:\/\/bigbuy.tupique.com\/pt\/wp-json\/wp\/v2\/media?parent=195935"}],"wp:term":[{"taxonomy":"product_brand","embeddable":true,"href":"https:\/\/bigbuy.tupique.com\/pt\/wp-json\/wp\/v2\/product_brand?post=195935"},{"taxonomy":"product_cat","embeddable":true,"href":"https:\/\/bigbuy.tupique.com\/pt\/wp-json\/wp\/v2\/product_cat?post=195935"},{"taxonomy":"product_tag","embeddable":true,"href":"https:\/\/bigbuy.tupique.com\/pt\/wp-json\/wp\/v2\/product_tag?post=195935"}],"curies":[{"name":"wp","href":"https:\/\/api.w.org\/{rel}","templated":true}]}}