{"id":19557,"date":"2026-03-29T16:18:29","date_gmt":"2026-03-29T15:18:29","guid":{"rendered":"https:\/\/bigbuy.tupique.com\/produto\/sofa-beige-polyester-linen-210-x-93-x-95-cm\/"},"modified":"2026-04-15T01:27:09","modified_gmt":"2026-04-15T00:27:09","slug":"sofa-beige-polyester-linen-210-x-93-x-95-cm","status":"publish","type":"product","link":"https:\/\/bigbuy.tupique.com\/pt\/produto\/sofa-beige-polyester-linen-210-x-93-x-95-cm\/","title":{"rendered":"Canap\u00e9 Beige Polyester Lin 210 x 93 x 95 cm"},"content":{"rendered":"<p>Vous voulez donner une touche d&#8217;originalit\u00e9 \u00e0 votre maison ? Vous y arriverez gr\u00e2ce au <b>Canap\u00e9 Beige Polyester Lin 210 x 93 x 95 cm<\/b>.<\/p>\n<ul>\n<li>Type: Canap\u00e9 Convertible<\/li>\n<li>Couleur: Beige<\/li>\n<li>Mat\u00e9riel:\n<ul>\n<li>Polyester<\/li>\n<li>Lin<\/li>\n<\/ul>\n<\/li>\n<li>Largeur: 93 cm<\/li>\n<li>Caract\u00e9ristiques:\n<ul>\n<li>Avec fermeture \u00e9clair<\/li>\n<li>N\u00e9cessite un montage<\/li>\n<\/ul>\n<\/li>\n<li>\u00c9lev\u00e9: 95 cm<\/li>\n<li>Long: 210 cm<\/li>\n<li>Poids Max. support\u00e9: 110 kg<\/li>\n<li>Dimensions approx.: 210 x 93 x 95 cm<\/li>\n<\/ul>","protected":false},"excerpt":{"rendered":"<p>Vous voulez donner une touche d&#8217;originalit\u00e9 \u00e0 votre maison ? Vous y arriverez gr\u00e2ce au Canap\u00e9 Beige Polyester Lin 210 x 93 x 95 cm. Type: Canap\u00e9 Convertible Couleur: Beige Mat\u00e9riel: Polyester Lin Largeur: 93 cm Caract\u00e9ristiques: Avec fermeture \u00e9clair N\u00e9cessite un montage \u00c9lev\u00e9: 95 cm Long: 210 cm Poids Max. support\u00e9: 110 kg Dimensions [&hellip;]<\/p>\n","protected":false},"featured_media":19548,"comment_status":"open","ping_status":"closed","template":"","meta":[],"product_brand":[122],"product_cat":[972,239,577],"product_tag":[104],"class_list":{"0":"post-19557","1":"product","2":"type-product","3":"status-publish","4":"has-post-thumbnail","6":"product_brand-brandp_2386","7":"product_cat-canapes-et-canapes-lits","8":"product_cat-maison-jardin","9":"product_cat-mobilier","10":"product_tag-tag_1279","12":"first","13":"instock","14":"taxable","15":"shipping-taxable","16":"purchasable","17":"product-type-simple"},"_links":{"self":[{"href":"https:\/\/bigbuy.tupique.com\/pt\/wp-json\/wp\/v2\/product\/19557","targetHints":{"allow":["GET"]}}],"collection":[{"href":"https:\/\/bigbuy.tupique.com\/pt\/wp-json\/wp\/v2\/product"}],"about":[{"href":"https:\/\/bigbuy.tupique.com\/pt\/wp-json\/wp\/v2\/types\/product"}],"replies":[{"embeddable":true,"href":"https:\/\/bigbuy.tupique.com\/pt\/wp-json\/wp\/v2\/comments?post=19557"}],"wp:featuredmedia":[{"embeddable":true,"href":"https:\/\/bigbuy.tupique.com\/pt\/wp-json\/wp\/v2\/media\/19548"}],"wp:attachment":[{"href":"https:\/\/bigbuy.tupique.com\/pt\/wp-json\/wp\/v2\/media?parent=19557"}],"wp:term":[{"taxonomy":"product_brand","embeddable":true,"href":"https:\/\/bigbuy.tupique.com\/pt\/wp-json\/wp\/v2\/product_brand?post=19557"},{"taxonomy":"product_cat","embeddable":true,"href":"https:\/\/bigbuy.tupique.com\/pt\/wp-json\/wp\/v2\/product_cat?post=19557"},{"taxonomy":"product_tag","embeddable":true,"href":"https:\/\/bigbuy.tupique.com\/pt\/wp-json\/wp\/v2\/product_tag?post=19557"}],"curies":[{"name":"wp","href":"https:\/\/api.w.org\/{rel}","templated":true}]}}