{"id":19487,"date":"2026-03-29T16:16:51","date_gmt":"2026-03-29T15:16:51","guid":{"rendered":"https:\/\/bigbuy.tupique.com\/produto\/handheld-vacuum-cleaner-bosch-0-601-9e3-003\/"},"modified":"2026-04-16T16:41:14","modified_gmt":"2026-04-16T15:41:14","slug":"handheld-vacuum-cleaner-bosch-0-601-9e3-003","status":"publish","type":"product","link":"https:\/\/bigbuy.tupique.com\/pt\/produto\/handheld-vacuum-cleaner-bosch-0-601-9e3-003\/","title":{"rendered":"Aspirateur \u00e0 main BOSCH 0 601 9E3 003"},"content":{"rendered":"<p>Si vous recherchez des \u00e9lectrom\u00e9nagers pour votre maison aux meilleurs prix, ne manquez pas <b>Aspirateur \u00e0 main BOSCH 0 601 9E3 003<\/b> et une large s\u00e9lection de petits \u00e9lectrom\u00e9nagers de qualit\u00e9 !<\/p>\n<ul>\n<li>Type:\n<ul>\n<li>Aspirateur \u00e0 main<\/li>\n<li>Sec<\/li>\n<\/ul>\n<\/li>\n<li>Couleur: Bleu<\/li>\n<li>Caract\u00e9ristiques:\n<ul>\n<li>Buse \u00e9troite<\/li>\n<li>Filtre<\/li>\n<\/ul>\n<\/li>\n<li>Tension: 12 V<\/li>\n<li>Bloc d\u2019Alimentation: Batterie<\/li>\n<li>Piles incluses: Oui<\/li>\n<li>Filtre: Amovible<\/li>\n<li>Inclut:\n<ul>\n<li>Chargeur<\/li>\n<li>Housse de transport<\/li>\n<\/ul>\n<\/li>\n<li>Type de batterie: Litio Ion<\/li>\n<\/ul>","protected":false},"excerpt":{"rendered":"<p><span class=\"unit-info\">11.8796 &euro; \/ 1 l<\/span><\/p>","protected":false},"featured_media":19483,"comment_status":"open","ping_status":"closed","template":"","meta":[],"product_brand":[162],"product_cat":[762,239,240],"product_tag":[59,56,210],"class_list":{"0":"post-19487","1":"product","2":"type-product","3":"status-publish","4":"has-post-thumbnail","6":"product_brand-brandp_959","7":"product_cat-aspirateurs-et-robots","8":"product_cat-maison-jardin","9":"product_cat-nettoyage-aspirateur-et-repassage","10":"product_tag-tag_1304","11":"product_tag-tag_930","12":"product_tag-tag_25","14":"first","15":"instock","16":"taxable","17":"shipping-taxable","18":"purchasable","19":"product-type-simple"},"_links":{"self":[{"href":"https:\/\/bigbuy.tupique.com\/pt\/wp-json\/wp\/v2\/product\/19487","targetHints":{"allow":["GET"]}}],"collection":[{"href":"https:\/\/bigbuy.tupique.com\/pt\/wp-json\/wp\/v2\/product"}],"about":[{"href":"https:\/\/bigbuy.tupique.com\/pt\/wp-json\/wp\/v2\/types\/product"}],"replies":[{"embeddable":true,"href":"https:\/\/bigbuy.tupique.com\/pt\/wp-json\/wp\/v2\/comments?post=19487"}],"wp:featuredmedia":[{"embeddable":true,"href":"https:\/\/bigbuy.tupique.com\/pt\/wp-json\/wp\/v2\/media\/19483"}],"wp:attachment":[{"href":"https:\/\/bigbuy.tupique.com\/pt\/wp-json\/wp\/v2\/media?parent=19487"}],"wp:term":[{"taxonomy":"product_brand","embeddable":true,"href":"https:\/\/bigbuy.tupique.com\/pt\/wp-json\/wp\/v2\/product_brand?post=19487"},{"taxonomy":"product_cat","embeddable":true,"href":"https:\/\/bigbuy.tupique.com\/pt\/wp-json\/wp\/v2\/product_cat?post=19487"},{"taxonomy":"product_tag","embeddable":true,"href":"https:\/\/bigbuy.tupique.com\/pt\/wp-json\/wp\/v2\/product_tag?post=19487"}],"curies":[{"name":"wp","href":"https:\/\/api.w.org\/{rel}","templated":true}]}}