{"id":19458,"date":"2026-03-29T16:16:15","date_gmt":"2026-03-29T15:16:15","guid":{"rendered":"https:\/\/bigbuy.tupique.com\/produto\/nintendo-switch-nintendo-10004131\/"},"modified":"2026-05-11T20:02:34","modified_gmt":"2026-05-11T18:02:34","slug":"nintendo-switch-nintendo-10004131","status":"publish","type":"product","link":"https:\/\/bigbuy.tupique.com\/pt\/produto\/nintendo-switch-nintendo-10004131\/","title":{"rendered":"Nintendo Switch Nintendo 10004131"},"content":{"rendered":"<p>Si vous \u00eates passionn\u00e9 d&#8217;<b>informatique et d&#8217;\u00e9lectronique<\/b>, si vous \u00eates \u00e0 la pointe de la technologie et qu&#8217;aucun d\u00e9tail ne vous \u00e9chappe, achetez <b>Nintendo Switch Nintendo 10004131<\/b> au meilleur prix.<\/p>\n<p>La <b>Nintendo Switch Lite<\/b> est une <b>console portable<\/b> sp\u00e9cialement con\u00e7ue pour offrir une exp\u00e9rience de jeu confortable et l\u00e9g\u00e8re partout. Ce mod\u00e8le, pr\u00e9sent\u00e9 dans un attrayant <b>coloris rose corail<\/b>, s&#8217;adresse \u00e0 ceux qui recherchent portabilit\u00e9 et simplicit\u00e9 sans renoncer \u00e0 la qualit\u00e9 et au plaisir qui caract\u00e9risent l\u2019\u00e9cosyst\u00e8me Nintendo. Elle int\u00e8gre un <b>\u00e9cran tactile LCD<\/b> facilitant la navigation et offrant des graphismes nets, tandis que son design compact favorise la prise en main et le transport. Gr\u00e2ce \u00e0 sa connectivit\u00e9 <b>Bluetooth 4.1<\/b> et <b>Wi-Fi<\/b>, la console permet le jeu multijoueur local et en ligne, donnant acc\u00e8s \u00e0 la vaste biblioth\u00e8que de titres Nintendo Switch et assurant des mises \u00e0 jour syst\u00e8me fluides. Le port <b>USB-C<\/b> facilite une charge efficace et le transfert de donn\u00e9es, et le <b>lecteur de cartes<\/b> \u00e9tend la capacit\u00e9 pour les jeux physiques, permettant de passer d\u2019une aventure \u00e0 l\u2019autre en quelques secondes. Sa finition et construction robustes font de la Nintendo Switch Lite un choix optimal pour enfants et adultes cherchant un divertissement polyvalent, avec toutes les fonctionnalit\u00e9s essentielles et la compatibilit\u00e9 avec les jeux les plus populaires du catalogue Nintendo. Un choix id\u00e9al pour les fans souhaitant profiter de leurs titres pr\u00e9f\u00e9r\u00e9s en format portable et avec un style unique.<\/p>\n<ul>\n<li>Capacit\u00e9: 32 GB<\/li>\n<li>Ecran: 5,5&#8243;<\/li>\n<li>Langue: Anglais<\/li>\n<li>\u00c2ge recommand\u00e9: + 3 ans<\/li>\n<li>Fonctionne \u00e0 piles: 1 Litio Ion, incluidas<\/li>\n<\/ul>","protected":false},"excerpt":{"rendered":"<p>Si vous \u00eates passionn\u00e9 d&#8217;informatique et d&#8217;\u00e9lectronique, si vous \u00eates \u00e0 la pointe de la technologie et qu&#8217;aucun d\u00e9tail ne vous \u00e9chappe, achetez Nintendo Switch Nintendo 10004131 au meilleur prix. La Nintendo Switch Lite est une console portable sp\u00e9cialement con\u00e7ue pour offrir une exp\u00e9rience de jeu confortable et l\u00e9g\u00e8re partout. Ce mod\u00e8le, pr\u00e9sent\u00e9 dans un [&hellip;]<\/p>\n","protected":false},"featured_media":19452,"comment_status":"open","ping_status":"closed","template":"","meta":[],"product_brand":[805],"product_cat":[746,609,65],"product_tag":[59,572],"class_list":{"0":"post-19458","1":"product","2":"type-product","3":"status-publish","4":"has-post-thumbnail","6":"product_brand-brandp_1156","7":"product_cat-consoles","8":"product_cat-electronique-jouets-electroniques","9":"product_cat-informatique-electronique","10":"product_tag-tag_1304","11":"product_tag-tag_29","13":"first","14":"instock","15":"taxable","16":"shipping-taxable","17":"purchasable","18":"product-type-simple"},"_links":{"self":[{"href":"https:\/\/bigbuy.tupique.com\/pt\/wp-json\/wp\/v2\/product\/19458","targetHints":{"allow":["GET"]}}],"collection":[{"href":"https:\/\/bigbuy.tupique.com\/pt\/wp-json\/wp\/v2\/product"}],"about":[{"href":"https:\/\/bigbuy.tupique.com\/pt\/wp-json\/wp\/v2\/types\/product"}],"replies":[{"embeddable":true,"href":"https:\/\/bigbuy.tupique.com\/pt\/wp-json\/wp\/v2\/comments?post=19458"}],"wp:featuredmedia":[{"embeddable":true,"href":"https:\/\/bigbuy.tupique.com\/pt\/wp-json\/wp\/v2\/media\/19452"}],"wp:attachment":[{"href":"https:\/\/bigbuy.tupique.com\/pt\/wp-json\/wp\/v2\/media?parent=19458"}],"wp:term":[{"taxonomy":"product_brand","embeddable":true,"href":"https:\/\/bigbuy.tupique.com\/pt\/wp-json\/wp\/v2\/product_brand?post=19458"},{"taxonomy":"product_cat","embeddable":true,"href":"https:\/\/bigbuy.tupique.com\/pt\/wp-json\/wp\/v2\/product_cat?post=19458"},{"taxonomy":"product_tag","embeddable":true,"href":"https:\/\/bigbuy.tupique.com\/pt\/wp-json\/wp\/v2\/product_tag?post=19458"}],"curies":[{"name":"wp","href":"https:\/\/api.w.org\/{rel}","templated":true}]}}