{"id":19451,"date":"2026-03-29T16:16:02","date_gmt":"2026-03-29T15:16:02","guid":{"rendered":"https:\/\/bigbuy.tupique.com\/produto\/travel-cot-chicco-next2me-dream-turquoise\/"},"modified":"2026-04-16T17:15:54","modified_gmt":"2026-04-16T16:15:54","slug":"travel-cot-chicco-next2me-dream-turquoise","status":"publish","type":"product","link":"https:\/\/bigbuy.tupique.com\/pt\/produto\/travel-cot-chicco-next2me-dream-turquoise\/","title":{"rendered":"Lit B\u00e9b\u00e9 de Voyage Chicco Next2Me Dream Turquoise"},"content":{"rendered":"<p>Les enfants m\u00e9ritent ce qu\u2019il y a de mieux, nous vous pr\u00e9sentons donc <b>Lit B\u00e9b\u00e9 de Voyage Chicco Next2Me Dream Turquoise<\/b>, id\u00e9al pour ceux qui cherchent des produits de qualit\u00e9 pour les plus petits ! Procurez-vous <b>Chicco<\/b> et bien d\u2019autres marques et licences aux meilleurs prix !<\/p>\n<ul>\n<li>Type: Cale<\/li>\n<li>Couleur: Turquoise<\/li>\n<li>Caract\u00e9ristiques:\n<ul>\n<li>Lavable en machine<\/li>\n<li>R\u00e9glable<\/li>\n<\/ul>\n<\/li>\n<li>Genre: Unisexe<\/li>\n<li>roues: 4<\/li>\n<li>Ann\u00e9e: 2021<\/li>\n<\/ul>","protected":false},"excerpt":{"rendered":"<p>Les enfants m\u00e9ritent ce qu\u2019il y a de mieux, nous vous pr\u00e9sentons donc Lit B\u00e9b\u00e9 de Voyage Chicco Next2Me Dream Turquoise, id\u00e9al pour ceux qui cherchent des produits de qualit\u00e9 pour les plus petits ! Procurez-vous Chicco et bien d\u2019autres marques et licences aux meilleurs prix ! Type: Cale Couleur: Turquoise Caract\u00e9ristiques: Lavable en machine [&hellip;]<\/p>\n","protected":false},"featured_media":19449,"comment_status":"open","ping_status":"closed","template":"","meta":[],"product_brand":[998],"product_cat":[251,252,157,158],"product_tag":[59,164],"class_list":{"0":"post-19451","1":"product","2":"type-product","3":"status-publish","4":"has-post-thumbnail","6":"product_brand-brandp_2092","7":"product_cat-bebes-et-enfants","8":"product_cat-detente-et-distraction","9":"product_cat-jouets-deguisements","10":"product_cat-jouets-et-jeux","11":"product_tag-tag_1304","12":"product_tag-tag_152","14":"first","15":"instock","16":"taxable","17":"shipping-taxable","18":"purchasable","19":"product-type-simple"},"_links":{"self":[{"href":"https:\/\/bigbuy.tupique.com\/pt\/wp-json\/wp\/v2\/product\/19451","targetHints":{"allow":["GET"]}}],"collection":[{"href":"https:\/\/bigbuy.tupique.com\/pt\/wp-json\/wp\/v2\/product"}],"about":[{"href":"https:\/\/bigbuy.tupique.com\/pt\/wp-json\/wp\/v2\/types\/product"}],"replies":[{"embeddable":true,"href":"https:\/\/bigbuy.tupique.com\/pt\/wp-json\/wp\/v2\/comments?post=19451"}],"wp:featuredmedia":[{"embeddable":true,"href":"https:\/\/bigbuy.tupique.com\/pt\/wp-json\/wp\/v2\/media\/19449"}],"wp:attachment":[{"href":"https:\/\/bigbuy.tupique.com\/pt\/wp-json\/wp\/v2\/media?parent=19451"}],"wp:term":[{"taxonomy":"product_brand","embeddable":true,"href":"https:\/\/bigbuy.tupique.com\/pt\/wp-json\/wp\/v2\/product_brand?post=19451"},{"taxonomy":"product_cat","embeddable":true,"href":"https:\/\/bigbuy.tupique.com\/pt\/wp-json\/wp\/v2\/product_cat?post=19451"},{"taxonomy":"product_tag","embeddable":true,"href":"https:\/\/bigbuy.tupique.com\/pt\/wp-json\/wp\/v2\/product_tag?post=19451"}],"curies":[{"name":"wp","href":"https:\/\/api.w.org\/{rel}","templated":true}]}}