{"id":19408,"date":"2026-03-29T16:15:00","date_gmt":"2026-03-29T15:15:00","guid":{"rendered":"https:\/\/bigbuy.tupique.com\/produto\/router-zyxel-usgflex200h-eu0102f\/"},"modified":"2026-04-15T01:26:23","modified_gmt":"2026-04-15T00:26:23","slug":"router-zyxel-usgflex200h-eu0102f","status":"publish","type":"product","link":"https:\/\/bigbuy.tupique.com\/pt\/produto\/router-zyxel-usgflex200h-eu0102f\/","title":{"rendered":"Router ZyXEL USGFLEX200H-EU0102F"},"content":{"rendered":"<p>Si vous \u00eates passionn\u00e9 d&#8217;<b>informatique et d&#8217;\u00e9lectronique<\/b>, si vous \u00eates \u00e0 la pointe de la technologie et qu&#8217;aucun d\u00e9tail ne vous \u00e9chappe, achetez <b>Router ZyXEL USGFLEX200H-EU0102F<\/b> au meilleur prix.<\/p>\n<p>Le <b>routeur<\/b> ZyXEL USGFLEX200H-EU0102F se distingue comme une solution professionnelle robuste ax\u00e9e sur la s\u00e9curit\u00e9 et la connectivit\u00e9 hautes performances. Ce mod\u00e8le int\u00e8gre un <b>pare-feu avanc\u00e9 avec une capacit\u00e9 allant jusqu&#8217;\u00e0 5 Gbit\/s<\/b>, capable de g\u00e9rer efficacement des flux de donn\u00e9es exigeants, id\u00e9al pour les r\u00e9seaux d&#8217;entreprise n\u00e9cessitant une protection et une vitesse maximales. L&#8217;appareil propose une <b>connectivit\u00e9 filaire via huit ports RJ45<\/b> \u2014 dont 2 ports 2,5G et 6 ports 1G \u2014 facilitant la distribution efficace du trafic dans des environnements multi-utilisateurs et multi-appareils, garantissant une infrastructure flexible et facilement \u00e9volutive. Il offre \u00e9galement un <b>port USB 2.0<\/b> pratique pour la maintenance, la sauvegarde ou le stockage externe. C\u00f4t\u00e9 s\u00e9curit\u00e9, il dispose d&#8217;une <b>technologie anti-spyware<\/b> et prend en charge des algorithmes avanc\u00e9s tels que SSL\/TLS pour le chiffrement des donn\u00e9es et des communications s\u00e9curis\u00e9es, assurant ainsi une protection compl\u00e8te contre les menaces r\u00e9seau actuelles. La gestion du dispositif s&#8217;effectue via la plateforme uOS de ZyXEL, offrant une interface intuitive et fiable pour l&#8217;administration des politiques, des acc\u00e8s et des contr\u00f4les de s\u00e9curit\u00e9. Son design est optimis\u00e9 pour s&#8217;int\u00e9grer dans des infrastructures Ethernet avec des vitesses de transfert atteignant <b>10\/100\/1000 Mbit\/s<\/b>, assurant une compatibilit\u00e9 avec les technologies r\u00e9seau standard du secteur. En r\u00e9sum\u00e9, le ZyXEL USGFLEX200H-EU0102F s&#8217;impose comme un <b>routeur professionnel filaire<\/b> haut de gamme, alliant performance, flexibilit\u00e9 et protection de pointe pour les environnements professionnels exigeant fiabilit\u00e9 et contr\u00f4le avanc\u00e9 de la s\u00e9curit\u00e9 r\u00e9seau.<\/p>\n<ul>\n<li>Produit \u00e0 brancher: Oui<\/li>\n<li>Type de prise: Prise EU<\/li>\n<li>Type:\n<ul>\n<li>Router<\/li>\n<li>Avec fil<\/li>\n<\/ul>\n<\/li>\n<li>Bloc d\u2019Alimentation:\n<ul>\n<li>r\u00e9seau \u00e9lectrique<\/li>\n<li>Avec fil<\/li>\n<\/ul>\n<\/li>\n<li>Connexions:\n<ul>\n<li>USB 2.0<\/li>\n<li>rj45 x 8<\/li>\n<li>RJ45<\/li>\n<\/ul>\n<\/li>\n<li>Poids approx.: 1,6 kg<\/li>\n<li>Non Inclus: Wi-Fi<\/li>\n<li>Poids: 1,6 kg<\/li>\n<\/ul>","protected":false},"excerpt":{"rendered":"<p>Si vous \u00eates passionn\u00e9 d&#8217;informatique et d&#8217;\u00e9lectronique, si vous \u00eates \u00e0 la pointe de la technologie et qu&#8217;aucun d\u00e9tail ne vous \u00e9chappe, achetez Router ZyXEL USGFLEX200H-EU0102F au meilleur prix. Le routeur ZyXEL USGFLEX200H-EU0102F se distingue comme une solution professionnelle robuste ax\u00e9e sur la s\u00e9curit\u00e9 et la connectivit\u00e9 hautes performances. Ce mod\u00e8le int\u00e8gre un pare-feu avanc\u00e9 [&hellip;]<\/p>\n","protected":false},"featured_media":19407,"comment_status":"open","ping_status":"closed","template":"","meta":[],"product_brand":[648],"product_cat":[65,584,612],"product_tag":[106],"class_list":{"0":"post-19408","1":"product","2":"type-product","3":"status-publish","4":"has-post-thumbnail","6":"product_brand-brandp_669","7":"product_cat-informatique-electronique","8":"product_cat-informatique-reseaux-et-composants","9":"product_cat-routeurs-et-modems","10":"product_tag-tag_1295","12":"first","13":"instock","14":"taxable","15":"shipping-taxable","16":"purchasable","17":"product-type-simple"},"_links":{"self":[{"href":"https:\/\/bigbuy.tupique.com\/pt\/wp-json\/wp\/v2\/product\/19408","targetHints":{"allow":["GET"]}}],"collection":[{"href":"https:\/\/bigbuy.tupique.com\/pt\/wp-json\/wp\/v2\/product"}],"about":[{"href":"https:\/\/bigbuy.tupique.com\/pt\/wp-json\/wp\/v2\/types\/product"}],"replies":[{"embeddable":true,"href":"https:\/\/bigbuy.tupique.com\/pt\/wp-json\/wp\/v2\/comments?post=19408"}],"wp:featuredmedia":[{"embeddable":true,"href":"https:\/\/bigbuy.tupique.com\/pt\/wp-json\/wp\/v2\/media\/19407"}],"wp:attachment":[{"href":"https:\/\/bigbuy.tupique.com\/pt\/wp-json\/wp\/v2\/media?parent=19408"}],"wp:term":[{"taxonomy":"product_brand","embeddable":true,"href":"https:\/\/bigbuy.tupique.com\/pt\/wp-json\/wp\/v2\/product_brand?post=19408"},{"taxonomy":"product_cat","embeddable":true,"href":"https:\/\/bigbuy.tupique.com\/pt\/wp-json\/wp\/v2\/product_cat?post=19408"},{"taxonomy":"product_tag","embeddable":true,"href":"https:\/\/bigbuy.tupique.com\/pt\/wp-json\/wp\/v2\/product_tag?post=19408"}],"curies":[{"name":"wp","href":"https:\/\/api.w.org\/{rel}","templated":true}]}}