{"id":193777,"date":"2026-04-16T13:53:44","date_gmt":"2026-04-16T12:53:44","guid":{"rendered":"https:\/\/bigbuy.tupique.com\/produto\/switch-aruba-jl684b\/"},"modified":"2026-04-16T13:53:44","modified_gmt":"2026-04-16T12:53:44","slug":"switch-aruba-jl684b","status":"publish","type":"product","link":"https:\/\/bigbuy.tupique.com\/pt\/produto\/switch-aruba-jl684b\/","title":{"rendered":"Switch Aruba JL684B"},"content":{"rendered":"<p>Si vous \u00eates passionn\u00e9 d&#8217;<b>informatique et d&#8217;\u00e9lectronique<\/b>, si vous \u00eates \u00e0 la pointe de la technologie et qu&#8217;aucun d\u00e9tail ne vous \u00e9chappe, achetez <b>Switch Aruba JL684B<\/b> au meilleur prix.<\/p>\n<p>Le <b>commutateur Aruba JL684B<\/b> est un <b>switch<\/b> manageable de niveau 2+ con\u00e7u sp\u00e9cifiquement pour les petites et moyennes entreprises n\u00e9cessitant une connectivit\u00e9 performante et flexible. Cet \u00e9quipement se distingue par ses <b>24 ports RJ45 Gigabit Ethernet<\/b> garantissant des connexions rapides et fiables, ainsi qu\u2019un port PoE (Power over Ethernet) suppl\u00e9mentaire capable d\u2019alimenter directement les appareils via le c\u00e2ble r\u00e9seau, optimisant ainsi l\u2019installation et la gestion de l\u2019espace. Sa structure robuste en <b>blanc avec ch\u00e2ssis m\u00e9tallique<\/b> au format rack 1U facilite son int\u00e9gration dans des environnements \u00e0 contraintes physiques, tout en assurant une grande capacit\u00e9 et stabilit\u00e9. Ce switch dispose d\u2019une m\u00e9moire de <b>512 Mo<\/b> pour une gestion efficace du trafic et d\u2019une capacit\u00e9 de commutation de <b>128 Gbit\/s<\/b>, le rendant adapt\u00e9 aux applications professionnelles et communications simultan\u00e9es sans goulot d\u2019\u00e9tranglement. Compatible avec les normes r\u00e9seau majeures telles que <b>IEEE 802.1D, 802.1Q, 802.1p, 802.1s, 802.1w<\/b> et d\u2019autres protocoles li\u00e9s \u00e0 la qualit\u00e9 de service et la segmentation, ce mod\u00e8le garantit un contr\u00f4le avanc\u00e9 du trafic et une gestion optimis\u00e9e du r\u00e9seau. Il int\u00e8gre \u00e9galement des fonctions propres aux switches intelligents, permettant une configuration via une interface web locale, l\u2019application mobile Instant On ou le portail cloud HPE Aruba, facilitant l\u2019administration locale ou \u00e0 distance. Avec le support du mode duplex int\u00e9gral et une table d\u2019adresses MAC pouvant contenir <b>16 000 entr\u00e9es<\/b>, cet appareil g\u00e8re efficacement l\u2019identification et la segmentation des dispositifs connect\u00e9s, am\u00e9liorant la s\u00e9curit\u00e9 et la performance du r\u00e9seau. L\u2019int\u00e9gration de ports SFP+ 1G\/10G (sur les mod\u00e8les s\u00e9rie 1930 \u00e0 24 ports) assure la connexion optique pour les liaisons fibre, \u00e9tendant les options d\u2019infrastructure selon les besoins de l\u2019entreprise. Le <b>Aruba JL684B<\/b> allie puissance, \u00e9volutivit\u00e9 et facilit\u00e9 de gestion, constituant une solution fiable pour les r\u00e9seaux exigeant haute disponibilit\u00e9, alimentation PoE et flexibilit\u00e9 d\u2019\u00e9volution. Ce commutateur repr\u00e9sente un choix technique pertinent pour les environnements professionnels valorisant la qualit\u00e9 de la connectivit\u00e9, avec une garantie limit\u00e9e \u00e0 vie assurant durabilit\u00e9 et performance.<\/p>\n<ul>\n<li>Produit \u00e0 brancher: Oui<\/li>\n<li>Type de prise: Prise EU<\/li>\n<li>Type: Switch<\/li>\n<li>Bloc d\u2019Alimentation:\n<ul>\n<li>r\u00e9seau \u00e9lectrique<\/li>\n<li>Incluses<\/li>\n<\/ul>\n<\/li>\n<li>Couleur:\n<ul>\n<li>Blanc<\/li>\n<li>Noir<\/li>\n<\/ul>\n<\/li>\n<li>Connexions:\n<ul>\n<li>RJ45<\/li>\n<li>RJ45 x 24<\/li>\n<li>PoE x 1<\/li>\n<li>PoE<\/li>\n<li>Ethernet LAN<\/li>\n<\/ul>\n<\/li>\n<li>Tension:\n<ul>\n<li>100-240 V<\/li>\n<li>100 &#8211; 240 V<\/li>\n<\/ul>\n<\/li>\n<li>Fr\u00e9quence:\n<ul>\n<li>50-60 Hz<\/li>\n<li>800 Hz<\/li>\n<li>50 &#8211; 60 Hz<\/li>\n<\/ul>\n<\/li>\n<li>M\u00e9moire Flash: 256 MB<\/li>\n<li>Mati\u00e8re: M\u00e9tal<\/li>\n<li>N\u00b0 de rainures: 4<\/li>\n<li>Ports: 24<\/li>\n<li>puissance: 370 W<\/li>\n<li>Processeur: ARM Cortex A9<\/li>\n<li>Facteur de forme: 1U<\/li>\n<li>Compatible: Ordinateurs<\/li>\n<li>Temp\u00e9rature approximative: -40\u00ba \/ 70\u00ba<\/li>\n<li>S\u00e9curit\u00e9: IGMP<\/li>\n<\/ul>","protected":false},"excerpt":{"rendered":"<p>Si vous \u00eates passionn\u00e9 d&#8217;informatique et d&#8217;\u00e9lectronique, si vous \u00eates \u00e0 la pointe de la technologie et qu&#8217;aucun d\u00e9tail ne vous \u00e9chappe, achetez Switch Aruba JL684B au meilleur prix. Le commutateur Aruba JL684B est un switch manageable de niveau 2+ con\u00e7u sp\u00e9cifiquement pour les petites et moyennes entreprises n\u00e9cessitant une connectivit\u00e9 performante et flexible. Cet [&hellip;]<\/p>\n","protected":false},"featured_media":193774,"comment_status":"open","ping_status":"closed","template":"","meta":[],"product_brand":[668],"product_cat":[65,584,585],"product_tag":[106],"class_list":{"0":"post-193777","1":"product","2":"type-product","3":"status-publish","4":"has-post-thumbnail","6":"product_brand-brandp_5032","7":"product_cat-informatique-electronique","8":"product_cat-informatique-reseaux-et-composants","9":"product_cat-switch","10":"product_tag-tag_1295","12":"first","13":"instock","14":"taxable","15":"shipping-taxable","16":"purchasable","17":"product-type-simple"},"_links":{"self":[{"href":"https:\/\/bigbuy.tupique.com\/pt\/wp-json\/wp\/v2\/product\/193777","targetHints":{"allow":["GET"]}}],"collection":[{"href":"https:\/\/bigbuy.tupique.com\/pt\/wp-json\/wp\/v2\/product"}],"about":[{"href":"https:\/\/bigbuy.tupique.com\/pt\/wp-json\/wp\/v2\/types\/product"}],"replies":[{"embeddable":true,"href":"https:\/\/bigbuy.tupique.com\/pt\/wp-json\/wp\/v2\/comments?post=193777"}],"wp:featuredmedia":[{"embeddable":true,"href":"https:\/\/bigbuy.tupique.com\/pt\/wp-json\/wp\/v2\/media\/193774"}],"wp:attachment":[{"href":"https:\/\/bigbuy.tupique.com\/pt\/wp-json\/wp\/v2\/media?parent=193777"}],"wp:term":[{"taxonomy":"product_brand","embeddable":true,"href":"https:\/\/bigbuy.tupique.com\/pt\/wp-json\/wp\/v2\/product_brand?post=193777"},{"taxonomy":"product_cat","embeddable":true,"href":"https:\/\/bigbuy.tupique.com\/pt\/wp-json\/wp\/v2\/product_cat?post=193777"},{"taxonomy":"product_tag","embeddable":true,"href":"https:\/\/bigbuy.tupique.com\/pt\/wp-json\/wp\/v2\/product_tag?post=193777"}],"curies":[{"name":"wp","href":"https:\/\/api.w.org\/{rel}","templated":true}]}}