{"id":19377,"date":"2026-03-29T16:14:21","date_gmt":"2026-03-29T15:14:21","guid":{"rendered":"https:\/\/bigbuy.tupique.com\/produto\/switch-startech-sv831dviu\/"},"modified":"2026-04-15T01:26:20","modified_gmt":"2026-04-15T00:26:20","slug":"switch-startech-sv831dviu","status":"publish","type":"product","link":"https:\/\/bigbuy.tupique.com\/pt\/produto\/switch-startech-sv831dviu\/","title":{"rendered":"Switch Startech SV831DVIU"},"content":{"rendered":"<p>Si vous \u00eates passionn\u00e9 d&#8217;<b>informatique et d&#8217;\u00e9lectronique<\/b>, si vous \u00eates \u00e0 la pointe de la technologie et qu&#8217;aucun d\u00e9tail ne vous \u00e9chappe, achetez <b>Switch Startech SV831DVIU<\/b> au meilleur prix.<\/p>\n<p>Le <b>commutateur KVM Startech SV831DVIU<\/b> est un <b>switch<\/b> con\u00e7u pour g\u00e9rer efficacement et centraliser jusqu\u2019\u00e0 <b>8 ordinateurs<\/b> via des connexions <b>USB<\/b> et des signaux vid\u00e9o num\u00e9riques DVI ou HDMI (avec adaptateurs DVI vers HDMI), permettant un contr\u00f4le simultan\u00e9 avec un seul clavier, souris et \u00e9cran. Cet appareil est destin\u00e9 aux environnements professionnels n\u00e9cessitant la gestion de plusieurs syst\u00e8mes, comme les salles serveurs ou laboratoires de test, gr\u00e2ce \u00e0 sa capacit\u00e9 de montage en rack au format <b>1U<\/b>. Sa robuste coque <b>noire<\/b> en <b>acier<\/b> combin\u00e9e \u00e0 des composants en <b>plastique<\/b> assure durabilit\u00e9 et r\u00e9sistance. L\u2019alimentation se fait via une entr\u00e9e universelle de <b>100-240 V<\/b>, avec une sortie stabilis\u00e9e de <b>12 V<\/b> et un courant maximal de <b>1,8 A<\/b>. Ce switch KVM offre une gestion rapide et intuitive, basculant entre les machines connect\u00e9es par boutons en fa\u00e7ade ou touches de raccourci. Sa compatibilit\u00e9 avec des r\u00e9solutions num\u00e9riques jusqu\u2019\u00e0 <b>1920 x 1200 pixels<\/b> garantit une qualit\u00e9 visuelle optimale pour les \u00e9crans modernes, mais il ne prend en charge que les signaux num\u00e9riques, excluant la conversion VGA. Les ports clavier et souris sont de type USB, tandis que la vid\u00e9o est transmise via des ports <b>DVI-I<\/b>. De plus, il respecte des normes telles que la certification <b>RoHS<\/b>, t\u00e9moignant d\u2019un engagement en mati\u00e8re de s\u00e9curit\u00e9 et d\u2019environnement. En r\u00e9sum\u00e9, le Startech SV831DVIU est une solution professionnelle fiable pour les utilisateurs n\u00e9cessitant un contr\u00f4le centralis\u00e9 et de haute qualit\u00e9 de plusieurs ordinateurs via interfaces USB et vid\u00e9o num\u00e9rique.<\/p>\n<ul>\n<li>Produit \u00e0 brancher: Oui<\/li>\n<li>Type de prise: Prise EU<\/li>\n<li>R\u00e9solution (px): 1920 x 1200 px<\/li>\n<li>Tension: 12 V<\/li>\n<li>Type: Switch<\/li>\n<li>Bloc d\u2019Alimentation:\n<ul>\n<li>r\u00e9seau \u00e9lectrique<\/li>\n<li>C\u00e2ble \u00e9lectrique<\/li>\n<\/ul>\n<\/li>\n<li>Couleur: Noir<\/li>\n<li>Caract\u00e9ristiques:\n<ul>\n<li>Connexion USB<\/li>\n<li>T\u00e9moin de fonctionnement LED<\/li>\n<li>Bouton<\/li>\n<\/ul>\n<\/li>\n<li>Connexions:\n<ul>\n<li>USB<\/li>\n<li>SATA<\/li>\n<\/ul>\n<\/li>\n<li>Tension de sortie: 12 V<\/li>\n<li>Mati\u00e8re:\n<ul>\n<li>Acier<\/li>\n<li>Plastique<\/li>\n<\/ul>\n<\/li>\n<li>Tension d&#8217;entr\u00e9e AC:\n<ul>\n<li>100-240 V<\/li>\n<li>100 &#8211; 240 V<\/li>\n<\/ul>\n<\/li>\n<li>Certificat: RoHS<\/li>\n<li>Ethernet: Non<\/li>\n<li>Montage en rack: 1U<\/li>\n<li>Inclut: Manuel de l&#8217;utilisateur<\/li>\n<li>Amp\u00e9rage: 1,8 A<\/li>\n<\/ul>","protected":false},"excerpt":{"rendered":"<p>Si vous \u00eates passionn\u00e9 d&#8217;informatique et d&#8217;\u00e9lectronique, si vous \u00eates \u00e0 la pointe de la technologie et qu&#8217;aucun d\u00e9tail ne vous \u00e9chappe, achetez Switch Startech SV831DVIU au meilleur prix. Le commutateur KVM Startech SV831DVIU est un switch con\u00e7u pour g\u00e9rer efficacement et centraliser jusqu\u2019\u00e0 8 ordinateurs via des connexions USB et des signaux vid\u00e9o num\u00e9riques [&hellip;]<\/p>\n","protected":false},"featured_media":19376,"comment_status":"open","ping_status":"closed","template":"","meta":[],"product_brand":[634],"product_cat":[65,584,585],"product_tag":[106],"class_list":{"0":"post-19377","1":"product","2":"type-product","3":"status-publish","4":"has-post-thumbnail","6":"product_brand-brandp_4771","7":"product_cat-informatique-electronique","8":"product_cat-informatique-reseaux-et-composants","9":"product_cat-switch","10":"product_tag-tag_1295","12":"first","13":"instock","14":"taxable","15":"shipping-taxable","16":"purchasable","17":"product-type-simple"},"_links":{"self":[{"href":"https:\/\/bigbuy.tupique.com\/pt\/wp-json\/wp\/v2\/product\/19377","targetHints":{"allow":["GET"]}}],"collection":[{"href":"https:\/\/bigbuy.tupique.com\/pt\/wp-json\/wp\/v2\/product"}],"about":[{"href":"https:\/\/bigbuy.tupique.com\/pt\/wp-json\/wp\/v2\/types\/product"}],"replies":[{"embeddable":true,"href":"https:\/\/bigbuy.tupique.com\/pt\/wp-json\/wp\/v2\/comments?post=19377"}],"wp:featuredmedia":[{"embeddable":true,"href":"https:\/\/bigbuy.tupique.com\/pt\/wp-json\/wp\/v2\/media\/19376"}],"wp:attachment":[{"href":"https:\/\/bigbuy.tupique.com\/pt\/wp-json\/wp\/v2\/media?parent=19377"}],"wp:term":[{"taxonomy":"product_brand","embeddable":true,"href":"https:\/\/bigbuy.tupique.com\/pt\/wp-json\/wp\/v2\/product_brand?post=19377"},{"taxonomy":"product_cat","embeddable":true,"href":"https:\/\/bigbuy.tupique.com\/pt\/wp-json\/wp\/v2\/product_cat?post=19377"},{"taxonomy":"product_tag","embeddable":true,"href":"https:\/\/bigbuy.tupique.com\/pt\/wp-json\/wp\/v2\/product_tag?post=19377"}],"curies":[{"name":"wp","href":"https:\/\/api.w.org\/{rel}","templated":true}]}}