{"id":19375,"date":"2026-03-29T16:14:18","date_gmt":"2026-03-29T15:14:18","guid":{"rendered":"https:\/\/bigbuy.tupique.com\/produto\/wall-mounted-rack-cabinet-startech-rk3236bkf\/"},"modified":"2026-04-15T01:26:20","modified_gmt":"2026-04-15T00:26:20","slug":"wall-mounted-rack-cabinet-startech-rk3236bkf","status":"publish","type":"product","link":"https:\/\/bigbuy.tupique.com\/pt\/produto\/wall-mounted-rack-cabinet-startech-rk3236bkf\/","title":{"rendered":"Armoire Murale Rack Startech RK3236BKF"},"content":{"rendered":"<p>Si vous \u00eates passionn\u00e9 d&#8217;<b>informatique et d&#8217;\u00e9lectronique<\/b>, si vous \u00eates \u00e0 la pointe de la technologie et qu&#8217;aucun d\u00e9tail ne vous \u00e9chappe, achetez <b>Armoire Murale Rack Startech RK3236BKF<\/b> au meilleur prix.<\/p>\n<ul>\n<li>Type: Rangement<\/li>\n<li>Couleur: Noir<\/li>\n<li>Profondeur: 1000 mm<\/li>\n<li>Poids Max. support\u00e9: 800 Kg<\/li>\n<li>Largeur: 60 cm<\/li>\n<li>N\u00e9cessite un montage: Oui<\/li>\n<li>Caract\u00e9ristiques: Verrou de s\u00e9curit\u00e9<\/li>\n<li>Inclut: Vis<\/li>\n<li>Certificat: CE &#8211; RoHS<\/li>\n<li>Ann\u00e9e: 2022<\/li>\n<\/ul>","protected":false},"excerpt":{"rendered":"<p>Si vous \u00eates passionn\u00e9 d&#8217;informatique et d&#8217;\u00e9lectronique, si vous \u00eates \u00e0 la pointe de la technologie et qu&#8217;aucun d\u00e9tail ne vous \u00e9chappe, achetez Armoire Murale Rack Startech RK3236BKF au meilleur prix. Type: Rangement Couleur: Noir Profondeur: 1000 mm Poids Max. support\u00e9: 800 Kg Largeur: 60 cm N\u00e9cessite un montage: Oui Caract\u00e9ristiques: Verrou de s\u00e9curit\u00e9 Inclut: [&hellip;]<\/p>\n","protected":false},"featured_media":19374,"comment_status":"open","ping_status":"closed","template":"","meta":[],"product_brand":[634],"product_cat":[605,65,584],"product_tag":[106],"class_list":{"0":"post-19375","1":"product","2":"type-product","3":"status-publish","4":"has-post-thumbnail","6":"product_brand-brandp_4771","7":"product_cat-armoires-rack","8":"product_cat-informatique-electronique","9":"product_cat-informatique-reseaux-et-composants","10":"product_tag-tag_1295","12":"first","13":"instock","14":"taxable","15":"shipping-taxable","16":"purchasable","17":"product-type-simple"},"_links":{"self":[{"href":"https:\/\/bigbuy.tupique.com\/pt\/wp-json\/wp\/v2\/product\/19375","targetHints":{"allow":["GET"]}}],"collection":[{"href":"https:\/\/bigbuy.tupique.com\/pt\/wp-json\/wp\/v2\/product"}],"about":[{"href":"https:\/\/bigbuy.tupique.com\/pt\/wp-json\/wp\/v2\/types\/product"}],"replies":[{"embeddable":true,"href":"https:\/\/bigbuy.tupique.com\/pt\/wp-json\/wp\/v2\/comments?post=19375"}],"wp:featuredmedia":[{"embeddable":true,"href":"https:\/\/bigbuy.tupique.com\/pt\/wp-json\/wp\/v2\/media\/19374"}],"wp:attachment":[{"href":"https:\/\/bigbuy.tupique.com\/pt\/wp-json\/wp\/v2\/media?parent=19375"}],"wp:term":[{"taxonomy":"product_brand","embeddable":true,"href":"https:\/\/bigbuy.tupique.com\/pt\/wp-json\/wp\/v2\/product_brand?post=19375"},{"taxonomy":"product_cat","embeddable":true,"href":"https:\/\/bigbuy.tupique.com\/pt\/wp-json\/wp\/v2\/product_cat?post=19375"},{"taxonomy":"product_tag","embeddable":true,"href":"https:\/\/bigbuy.tupique.com\/pt\/wp-json\/wp\/v2\/product_tag?post=19375"}],"curies":[{"name":"wp","href":"https:\/\/api.w.org\/{rel}","templated":true}]}}