{"id":193626,"date":"2026-04-16T13:36:19","date_gmt":"2026-04-16T12:36:19","guid":{"rendered":"https:\/\/bigbuy.tupique.com\/produto\/plaque-a-induction-teka-izs97630mstbk-90-cm-10800-w\/"},"modified":"2026-05-11T19:56:28","modified_gmt":"2026-05-11T17:56:28","slug":"plaque-a-induction-teka-izs97630mstbk-90-cm-10800-w","status":"publish","type":"product","link":"https:\/\/bigbuy.tupique.com\/pt\/produto\/plaque-a-induction-teka-izs97630mstbk-90-cm-10800-w\/","title":{"rendered":"Plaque \u00e0 Induction Teka IZS97630MSTBK 90 cm 10800 W"},"content":{"rendered":"<p>Si vous pensez r\u00e9nover votre cuisine, achetez <b>Plaque \u00e0 Induction Teka IZS97630MSTBK 90 cm 10800 W<\/b> et d\u00b4autres <b>produits Teka<\/b> !<\/p>\n<ul>\n<li>Fonctions:\n<ul>\n<li>Minuterie<\/li>\n<li>Fonction garder au chaud<\/li>\n<\/ul>\n<\/li>\n<li>Produit \u00e0 brancher: Oui<\/li>\n<li>Type de prise: Prise EU<\/li>\n<li>Couleur: Noir<\/li>\n<li>Largeur: 90 cm<\/li>\n<li>Caract\u00e9ristiques:\n<ul>\n<li>Minuterie<\/li>\n<li>Verrouillage pour enfants<\/li>\n<li>Commande tactile<\/li>\n<li>9 niveaux<\/li>\n<\/ul>\n<\/li>\n<li>Type d&#8217;installation: Int\u00e9grable<\/li>\n<li>puissance: 10800 W<\/li>\n<li>Zones de cuisson: 5<\/li>\n<li>Type:\n<ul>\n<li>Plaque \u00e0 Induction<\/li>\n<li>Int\u00e9gr\u00e9<\/li>\n<\/ul>\n<\/li>\n<li>Mati\u00e8re: verre<\/li>\n<li>Forme:\n<ul>\n<li>Rectangulaire<\/li>\n<li>Rond<\/li>\n<\/ul>\n<\/li>\n<li>Bloc d\u2019Alimentation: r\u00e9seau \u00e9lectrique<\/li>\n<li>Fr\u00e9quence d&#8217;entr\u00e9e AC: 50-60 Hz<\/li>\n<li>Type de commande: Tactile<\/li>\n<li>Tension: 220-240 V<\/li>\n<\/ul>","protected":false},"excerpt":{"rendered":"<p>Si vous pensez r\u00e9nover votre cuisine, achetez Plaque \u00e0 Induction Teka IZS97630MSTBK 90 cm 10800 W et d\u00b4autres produits Teka ! Fonctions: Minuterie Fonction garder au chaud Produit \u00e0 brancher: Oui Type de prise: Prise EU Couleur: Noir Largeur: 90 cm Caract\u00e9ristiques: Minuterie Verrouillage pour enfants Commande tactile 9 niveaux Type d&#8217;installation: Int\u00e9grable puissance: 10800 [&hellip;]<\/p>\n","protected":false},"featured_media":193610,"comment_status":"open","ping_status":"closed","template":"","meta":[],"product_brand":[667],"product_cat":[60,77,78],"product_tag":[55,56],"class_list":{"0":"post-193626","1":"product","2":"type-product","3":"status-publish","4":"has-post-thumbnail","6":"product_brand-brandp_1172","7":"product_cat-cuisine-gourmet","8":"product_cat-petit-electromenager","9":"product_cat-plaques-de-cuisson","10":"product_tag-tag_926","11":"product_tag-tag_930","13":"first","14":"instock","15":"taxable","16":"shipping-taxable","17":"purchasable","18":"product-type-simple"},"_links":{"self":[{"href":"https:\/\/bigbuy.tupique.com\/pt\/wp-json\/wp\/v2\/product\/193626","targetHints":{"allow":["GET"]}}],"collection":[{"href":"https:\/\/bigbuy.tupique.com\/pt\/wp-json\/wp\/v2\/product"}],"about":[{"href":"https:\/\/bigbuy.tupique.com\/pt\/wp-json\/wp\/v2\/types\/product"}],"replies":[{"embeddable":true,"href":"https:\/\/bigbuy.tupique.com\/pt\/wp-json\/wp\/v2\/comments?post=193626"}],"wp:featuredmedia":[{"embeddable":true,"href":"https:\/\/bigbuy.tupique.com\/pt\/wp-json\/wp\/v2\/media\/193610"}],"wp:attachment":[{"href":"https:\/\/bigbuy.tupique.com\/pt\/wp-json\/wp\/v2\/media?parent=193626"}],"wp:term":[{"taxonomy":"product_brand","embeddable":true,"href":"https:\/\/bigbuy.tupique.com\/pt\/wp-json\/wp\/v2\/product_brand?post=193626"},{"taxonomy":"product_cat","embeddable":true,"href":"https:\/\/bigbuy.tupique.com\/pt\/wp-json\/wp\/v2\/product_cat?post=193626"},{"taxonomy":"product_tag","embeddable":true,"href":"https:\/\/bigbuy.tupique.com\/pt\/wp-json\/wp\/v2\/product_tag?post=193626"}],"curies":[{"name":"wp","href":"https:\/\/api.w.org\/{rel}","templated":true}]}}