{"id":193481,"date":"2026-04-16T12:33:44","date_gmt":"2026-04-16T11:33:44","guid":{"rendered":"https:\/\/bigbuy.tupique.com\/produto\/air-conditionne-mitsubishi-electric-blanc-a-a-2500-w-2150-fg-h\/"},"modified":"2026-05-11T19:56:57","modified_gmt":"2026-05-11T17:56:57","slug":"air-conditionne-mitsubishi-electric-blanc-a-a-2500-w-2150-fg-h","status":"publish","type":"product","link":"https:\/\/bigbuy.tupique.com\/pt\/produto\/air-conditionne-mitsubishi-electric-blanc-a-a-2500-w-2150-fg-h\/","title":{"rendered":"Air Conditionn\u00e9 Mitsubishi Electric Blanc A+\/A+ 2500 W 2150 fg\/h"},"content":{"rendered":"<p>Si vous \u00eates \u00e0 la recherche de nouvelles tendances sur le march\u00e9, nous vous pr\u00e9sentons <b>Air Conditionn\u00e9 Mitsubishi Electric Blanc A+\/A+ 2500 W 2150 fg\/h<\/b> !<\/p>\n<ul>\n<li>Unit\u00e9s: 2 Unit\u00e9s<\/li>\n<li>Couleur: Blanc<\/li>\n<li>Caract\u00e9ristiques:\n<ul>\n<li>T\u00e9l\u00e9commande<\/li>\n<li>Minuterie<\/li>\n<li>\u00c9cran LED<\/li>\n<li>Connectivit\u00e9 des applications mobiles<\/li>\n<li>Montage mural<\/li>\n<li>Int\u00e9rieur<\/li>\n<li>Programmable<\/li>\n<li>Facilit\u00e9 d&#8217;utilisation<\/li>\n<\/ul>\n<\/li>\n<li>Connectivit\u00e9: Wi-Fi<\/li>\n<li>puissance: 2500 W<\/li>\n<li>Port\u00e9e: 25 m\u00b2<\/li>\n<li>Classification \u00e9nerg\u00e9tique: A+\/A+<\/li>\n<li>Technologie: Split Inverter<\/li>\n<li>Gaz: R32<\/li>\n<li>Niveau sonore: 58 dB<\/li>\n<li>R\u00e9frig\u00e9rant: R-410<\/li>\n<li>Puissance frigorifique: 2150 fg\/h<\/li>\n<\/ul>","protected":false},"excerpt":{"rendered":"<p><span class=\"unit-info\">900.4950 &euro; \/ 1 unit<\/span><\/p>","protected":false},"featured_media":193480,"comment_status":"open","ping_status":"closed","template":"","meta":[],"product_brand":[1560],"product_cat":[732,1334,239],"product_tag":[721,210],"class_list":{"0":"post-193481","1":"product","2":"type-product","3":"status-publish","4":"has-post-thumbnail","6":"product_brand-brandp_1175","7":"product_cat-climatisation-et-chauffage","8":"product_cat-climatiseurs-et-ventilateurs","9":"product_cat-maison-jardin","10":"product_tag-tag_124","11":"product_tag-tag_25","13":"first","14":"instock","15":"taxable","16":"shipping-taxable","17":"purchasable","18":"product-type-simple"},"_links":{"self":[{"href":"https:\/\/bigbuy.tupique.com\/pt\/wp-json\/wp\/v2\/product\/193481","targetHints":{"allow":["GET"]}}],"collection":[{"href":"https:\/\/bigbuy.tupique.com\/pt\/wp-json\/wp\/v2\/product"}],"about":[{"href":"https:\/\/bigbuy.tupique.com\/pt\/wp-json\/wp\/v2\/types\/product"}],"replies":[{"embeddable":true,"href":"https:\/\/bigbuy.tupique.com\/pt\/wp-json\/wp\/v2\/comments?post=193481"}],"wp:featuredmedia":[{"embeddable":true,"href":"https:\/\/bigbuy.tupique.com\/pt\/wp-json\/wp\/v2\/media\/193480"}],"wp:attachment":[{"href":"https:\/\/bigbuy.tupique.com\/pt\/wp-json\/wp\/v2\/media?parent=193481"}],"wp:term":[{"taxonomy":"product_brand","embeddable":true,"href":"https:\/\/bigbuy.tupique.com\/pt\/wp-json\/wp\/v2\/product_brand?post=193481"},{"taxonomy":"product_cat","embeddable":true,"href":"https:\/\/bigbuy.tupique.com\/pt\/wp-json\/wp\/v2\/product_cat?post=193481"},{"taxonomy":"product_tag","embeddable":true,"href":"https:\/\/bigbuy.tupique.com\/pt\/wp-json\/wp\/v2\/product_tag?post=193481"}],"curies":[{"name":"wp","href":"https:\/\/api.w.org\/{rel}","templated":true}]}}