{"id":19286,"date":"2026-03-29T16:02:30","date_gmt":"2026-03-29T15:02:30","guid":{"rendered":"https:\/\/bigbuy.tupique.com\/produto\/table-saw-ryobi-dhr264z-2000-w-18-v-254-mm-300-x-90-mm\/"},"modified":"2026-05-11T20:02:18","modified_gmt":"2026-05-11T18:02:18","slug":"table-saw-ryobi-dhr264z-2000-w-18-v-254-mm-300-x-90-mm","status":"publish","type":"product","link":"https:\/\/bigbuy.tupique.com\/pt\/produto\/table-saw-ryobi-dhr264z-2000-w-18-v-254-mm-300-x-90-mm\/","title":{"rendered":"Scie \u00e0 table Ryobi DHR264Z 2000 W 18 V 254 mm 300 x 90 mm"},"content":{"rendered":"<p>Si vous aimez prendre soin de chaque d\u00e9tail de votre maison et d&#8217;\u00eatre \u00e0 la derni\u00e8re mode en mati\u00e8re de produits qui vous rendront la vie plus facile, achetez <b>Scie \u00e0 table Ryobi DHR264Z 2000 W 18 V 254 mm 300 x 90 mm<\/b> au meilleur prix.<\/p>\n<ul>\n<li>Bloc d\u2019Alimentation: C\u00e2ble \u00e9lectrique<\/li>\n<li>Type de prise: Prise EU<\/li>\n<li>Produit \u00e0 brancher: Oui<\/li>\n<li>Inclut:\n<ul>\n<li>Sac \u00e0 poussi\u00e8re<\/li>\n<li>Laser M\u00e8tre<\/li>\n<li>Lame dentel\u00e9e<\/li>\n<\/ul>\n<\/li>\n<li>Mat\u00e9riel: Aluminium<\/li>\n<li>puissance: 2000 W<\/li>\n<li>Vitesse de rotation: 4800 rpm<\/li>\n<li>Taille de coupe: 300 x 90 mm<\/li>\n<li>Tension: 18 V<\/li>\n<li>Couple de serrage: 35 Nm<\/li>\n<li>diam\u00e8tre approx.: 254 mm<\/li>\n<\/ul>","protected":false},"excerpt":{"rendered":"<p>Si vous aimez prendre soin de chaque d\u00e9tail de votre maison et d&#8217;\u00eatre \u00e0 la derni\u00e8re mode en mati\u00e8re de produits qui vous rendront la vie plus facile, achetez Scie \u00e0 table Ryobi DHR264Z 2000 W 18 V 254 mm 300 x 90 mm au meilleur prix. Bloc d\u2019Alimentation: C\u00e2ble \u00e9lectrique Type de prise: Prise [&hellip;]<\/p>\n","protected":false},"featured_media":19282,"comment_status":"open","ping_status":"closed","template":"","meta":[],"product_brand":[830],"product_cat":[613,239],"product_tag":[59,210],"class_list":{"0":"post-19286","1":"product","2":"type-product","3":"status-publish","4":"has-post-thumbnail","6":"product_brand-brandp_3104","7":"product_cat-bricolage-et-materiel","8":"product_cat-maison-jardin","9":"product_tag-tag_1304","10":"product_tag-tag_25","12":"first","13":"instock","14":"taxable","15":"shipping-taxable","16":"purchasable","17":"product-type-simple"},"_links":{"self":[{"href":"https:\/\/bigbuy.tupique.com\/pt\/wp-json\/wp\/v2\/product\/19286","targetHints":{"allow":["GET"]}}],"collection":[{"href":"https:\/\/bigbuy.tupique.com\/pt\/wp-json\/wp\/v2\/product"}],"about":[{"href":"https:\/\/bigbuy.tupique.com\/pt\/wp-json\/wp\/v2\/types\/product"}],"replies":[{"embeddable":true,"href":"https:\/\/bigbuy.tupique.com\/pt\/wp-json\/wp\/v2\/comments?post=19286"}],"wp:featuredmedia":[{"embeddable":true,"href":"https:\/\/bigbuy.tupique.com\/pt\/wp-json\/wp\/v2\/media\/19282"}],"wp:attachment":[{"href":"https:\/\/bigbuy.tupique.com\/pt\/wp-json\/wp\/v2\/media?parent=19286"}],"wp:term":[{"taxonomy":"product_brand","embeddable":true,"href":"https:\/\/bigbuy.tupique.com\/pt\/wp-json\/wp\/v2\/product_brand?post=19286"},{"taxonomy":"product_cat","embeddable":true,"href":"https:\/\/bigbuy.tupique.com\/pt\/wp-json\/wp\/v2\/product_cat?post=19286"},{"taxonomy":"product_tag","embeddable":true,"href":"https:\/\/bigbuy.tupique.com\/pt\/wp-json\/wp\/v2\/product_tag?post=19286"}],"curies":[{"name":"wp","href":"https:\/\/api.w.org\/{rel}","templated":true}]}}