{"id":19281,"date":"2026-03-29T16:02:23","date_gmt":"2026-03-29T15:02:23","guid":{"rendered":"https:\/\/bigbuy.tupique.com\/produto\/mens-watch-nixon-sentry-chrono-silver\/"},"modified":"2026-04-15T01:26:15","modified_gmt":"2026-04-15T00:26:15","slug":"mens-watch-nixon-sentry-chrono-silver","status":"publish","type":"product","link":"https:\/\/bigbuy.tupique.com\/pt\/produto\/mens-watch-nixon-sentry-chrono-silver\/","title":{"rendered":"Montre Homme Nixon Sentry Chrono Argent\u00e9"},"content":{"rendered":"<p>Si vous aimez suivre les derni\u00e8res tendances en mati\u00e8re de mode et accessoires, achetez <b>Montre Homme Nixon Sentry Chrono Argent\u00e9<\/b> au meilleur prix.<\/p>\n<ul>\n<li>Genre: Homme<\/li>\n<li>Liens suppl\u00e9mentaires: Non<\/li>\n<li>Type de montre: Montre-bracelet<\/li>\n<li>Type:\n<ul>\n<li>Analogique<\/li>\n<li>Masculin<\/li>\n<li>De poignet<\/li>\n<\/ul>\n<\/li>\n<li>Mat\u00e9riel: Acier inoxydable<\/li>\n<li>Caract\u00e9ristiques:\n<ul>\n<li>R\u00e9sistant \u00e0 l&#8217;eau<\/li>\n<li>Calendrier<\/li>\n<li>Date\/Calendrier<\/li>\n<li>Chronographe<\/li>\n<\/ul>\n<\/li>\n<li>Mod\u00e8le: Quartz<\/li>\n<li>Forme: Rond<\/li>\n<li>Pression: 10 bar<\/li>\n<li>Couleur: Argent\u00e9<\/li>\n<li>Dimensions approx.: 23 mm<\/li>\n<li>Design: Casual<\/li>\n<li>Produit fragile: Oui<\/li>\n<\/ul>","protected":false},"excerpt":{"rendered":"<p>Si vous aimez suivre les derni\u00e8res tendances en mati\u00e8re de mode et accessoires, achetez Montre Homme Nixon Sentry Chrono Argent\u00e9 au meilleur prix. Genre: Homme Liens suppl\u00e9mentaires: Non Type de montre: Montre-bracelet Type: Analogique Masculin De poignet Mat\u00e9riel: Acier inoxydable Caract\u00e9ristiques: R\u00e9sistant \u00e0 l&#8217;eau Calendrier Date\/Calendrier Chronographe Mod\u00e8le: Quartz Forme: Rond Pression: 10 bar Couleur: [&hellip;]<\/p>\n","protected":false},"featured_media":19277,"comment_status":"open","ping_status":"closed","template":"","meta":[],"product_brand":[824],"product_cat":[544,574,545],"product_tag":[103,543],"class_list":{"0":"post-19281","1":"product","2":"type-product","3":"status-publish","4":"has-post-thumbnail","6":"product_brand-brandp_2464","7":"product_cat-mode-accessoires","8":"product_cat-montres-homme","9":"product_cat-montres-bracelets","10":"product_tag-tag_1261","11":"product_tag-tag_61","13":"first","14":"instock","15":"taxable","16":"shipping-taxable","17":"purchasable","18":"product-type-simple"},"_links":{"self":[{"href":"https:\/\/bigbuy.tupique.com\/pt\/wp-json\/wp\/v2\/product\/19281","targetHints":{"allow":["GET"]}}],"collection":[{"href":"https:\/\/bigbuy.tupique.com\/pt\/wp-json\/wp\/v2\/product"}],"about":[{"href":"https:\/\/bigbuy.tupique.com\/pt\/wp-json\/wp\/v2\/types\/product"}],"replies":[{"embeddable":true,"href":"https:\/\/bigbuy.tupique.com\/pt\/wp-json\/wp\/v2\/comments?post=19281"}],"wp:featuredmedia":[{"embeddable":true,"href":"https:\/\/bigbuy.tupique.com\/pt\/wp-json\/wp\/v2\/media\/19277"}],"wp:attachment":[{"href":"https:\/\/bigbuy.tupique.com\/pt\/wp-json\/wp\/v2\/media?parent=19281"}],"wp:term":[{"taxonomy":"product_brand","embeddable":true,"href":"https:\/\/bigbuy.tupique.com\/pt\/wp-json\/wp\/v2\/product_brand?post=19281"},{"taxonomy":"product_cat","embeddable":true,"href":"https:\/\/bigbuy.tupique.com\/pt\/wp-json\/wp\/v2\/product_cat?post=19281"},{"taxonomy":"product_tag","embeddable":true,"href":"https:\/\/bigbuy.tupique.com\/pt\/wp-json\/wp\/v2\/product_tag?post=19281"}],"curies":[{"name":"wp","href":"https:\/\/api.w.org\/{rel}","templated":true}]}}