{"id":192576,"date":"2026-04-16T05:04:05","date_gmt":"2026-04-16T04:04:05","guid":{"rendered":"https:\/\/bigbuy.tupique.com\/produto\/hub-usb-targus-dock570euz\/"},"modified":"2026-05-11T19:59:11","modified_gmt":"2026-05-11T17:59:11","slug":"hub-usb-targus-dock570euz","status":"publish","type":"product","link":"https:\/\/bigbuy.tupique.com\/pt\/produto\/hub-usb-targus-dock570euz\/","title":{"rendered":"Hub USB Targus DOCK570EUZ"},"content":{"rendered":"<p>Si vous \u00eates passionn\u00e9 d&#8217;<b>informatique et d&#8217;\u00e9lectronique<\/b>, si vous \u00eates \u00e0 la pointe de la technologie et qu&#8217;aucun d\u00e9tail ne vous \u00e9chappe, achetez <b>Hub USB Targus DOCK570EUZ          <\/b> au meilleur prix.<\/p>\n<ul>\n<li>Type: Avec fil<\/li>\n<li>Couleur: Noir<\/li>\n<li>Connexions:\n<ul>\n<li>HDMI 2.0<\/li>\n<li>Ethernet LAN<\/li>\n<li>HDMI<\/li>\n<\/ul>\n<\/li>\n<li>Bloc d\u2019Alimentation: Avec fil<\/li>\n<\/ul>","protected":false},"excerpt":{"rendered":"<p>Si vous \u00eates passionn\u00e9 d&#8217;informatique et d&#8217;\u00e9lectronique, si vous \u00eates \u00e0 la pointe de la technologie et qu&#8217;aucun d\u00e9tail ne vous \u00e9chappe, achetez Hub USB Targus DOCK570EUZ au meilleur prix. Type: Avec fil Couleur: Noir Connexions: HDMI 2.0 Ethernet LAN HDMI Bloc d\u2019Alimentation: Avec fil<\/p>","protected":false},"featured_media":192573,"comment_status":"open","ping_status":"closed","template":"","meta":[],"product_brand":[1798],"product_cat":[611,65,584],"product_tag":[106],"class_list":{"0":"post-192576","1":"product","2":"type-product","3":"status-publish","4":"has-post-thumbnail","6":"product_brand-brandp_3371","7":"product_cat-hub-usb","8":"product_cat-informatique-electronique","9":"product_cat-informatique-reseaux-et-composants","10":"product_tag-tag_1295","12":"first","13":"instock","14":"taxable","15":"shipping-taxable","16":"purchasable","17":"product-type-simple"},"_links":{"self":[{"href":"https:\/\/bigbuy.tupique.com\/pt\/wp-json\/wp\/v2\/product\/192576","targetHints":{"allow":["GET"]}}],"collection":[{"href":"https:\/\/bigbuy.tupique.com\/pt\/wp-json\/wp\/v2\/product"}],"about":[{"href":"https:\/\/bigbuy.tupique.com\/pt\/wp-json\/wp\/v2\/types\/product"}],"replies":[{"embeddable":true,"href":"https:\/\/bigbuy.tupique.com\/pt\/wp-json\/wp\/v2\/comments?post=192576"}],"wp:featuredmedia":[{"embeddable":true,"href":"https:\/\/bigbuy.tupique.com\/pt\/wp-json\/wp\/v2\/media\/192573"}],"wp:attachment":[{"href":"https:\/\/bigbuy.tupique.com\/pt\/wp-json\/wp\/v2\/media?parent=192576"}],"wp:term":[{"taxonomy":"product_brand","embeddable":true,"href":"https:\/\/bigbuy.tupique.com\/pt\/wp-json\/wp\/v2\/product_brand?post=192576"},{"taxonomy":"product_cat","embeddable":true,"href":"https:\/\/bigbuy.tupique.com\/pt\/wp-json\/wp\/v2\/product_cat?post=192576"},{"taxonomy":"product_tag","embeddable":true,"href":"https:\/\/bigbuy.tupique.com\/pt\/wp-json\/wp\/v2\/product_tag?post=192576"}],"curies":[{"name":"wp","href":"https:\/\/api.w.org\/{rel}","templated":true}]}}