{"id":192439,"date":"2026-04-16T02:16:41","date_gmt":"2026-04-16T01:16:41","guid":{"rendered":"https:\/\/bigbuy.tupique.com\/produto\/set-de-construction-lego-2\/"},"modified":"2026-04-16T19:20:17","modified_gmt":"2026-04-16T18:20:17","slug":"set-de-construction-lego-2","status":"publish","type":"product","link":"https:\/\/bigbuy.tupique.com\/pt\/produto\/set-de-construction-lego-2\/","title":{"rendered":"Set de construction Lego"},"content":{"rendered":"<p>Si vous \u00eates \u00e0 la recherche de nouvelles tendances sur le march\u00e9, nous vous pr\u00e9sentons <b>Set de construction Lego<\/b> !<\/p>\n<p>Le <b>LEGO Creator 31164 Robot Spatial 3 en 1<\/b> est un <b>jeu de construction<\/b> sp\u00e9cialement con\u00e7u pour les enfants d\u00e8s <b>8 ans<\/b>, cr\u00e9\u00e9 par la c\u00e9l\u00e8bre marque <b>LEGO<\/b>. Ce set permet de d\u00e9velopper la cr\u00e9ativit\u00e9 et la dext\u00e9rit\u00e9 manuelle gr\u00e2ce \u00e0 l\u2019assemblage de trois mod\u00e8les diff\u00e9rents de robots spatiaux, offrant une exp\u00e9rience ludique polyvalente et \u00e9ducative. Il est fabriqu\u00e9 en <b>plastique<\/b> de haute qualit\u00e9, r\u00e9sistant et s\u00fbr, avec un <b>design multicolore<\/b> attrayant pour les enfants et facilitant l\u2019identification des pi\u00e8ces lors du montage. Le jeu favorise l\u2019apprentissage par la construction, stimulant les capacit\u00e9s cognitives, la coordination et l\u2019imagination dans le contexte des sciences et technologies spatiales. De plus, il inclut des \u00e9l\u00e9ments interactifs propres \u00e0 cette cat\u00e9gorie, tels qu\u2019une batterie pouvant \u00eatre utilis\u00e9e pour des fonctions motoris\u00e9es ou des effets sp\u00e9ciaux sur le robot assembl\u00e9, enrichissant l\u2019exp\u00e9rience de jeu. La cat\u00e9gorie \u00ab 3 en 1 \u00bb permet de transformer facilement l\u2019ensemble en diff\u00e9rentes configurations, augmentant la rejouabilit\u00e9 et l\u2019int\u00e9r\u00eat de l\u2019enfant. Dans l\u2019ensemble, le <b>LEGO Creator 31164<\/b> se positionne comme une option \u00e9ducative et divertissante dans le segment des jeux de construction, id\u00e9ale pour les enfants curieux souhaitant explorer le monde de l\u2019ing\u00e9nierie et de la robotique d\u00e8s leurs d\u00e9buts.<\/p>","protected":false},"excerpt":{"rendered":"<p>Si vous \u00eates \u00e0 la recherche de nouvelles tendances sur le march\u00e9, nous vous pr\u00e9sentons Set de construction Lego ! Le LEGO Creator 31164 Robot Spatial 3 en 1 est un jeu de construction sp\u00e9cialement con\u00e7u pour les enfants d\u00e8s 8 ans, cr\u00e9\u00e9 par la c\u00e9l\u00e8bre marque LEGO. Ce set permet de d\u00e9velopper la cr\u00e9ativit\u00e9 [&hellip;]<\/p>\n","protected":false},"featured_media":192433,"comment_status":"open","ping_status":"closed","template":"","meta":[],"product_brand":[819],"product_cat":[157,158,761],"product_tag":[57,59],"class_list":{"0":"post-192439","1":"product","2":"type-product","3":"status-publish","4":"has-post-thumbnail","6":"product_brand-brandp_2854","7":"product_cat-jouets-deguisements","8":"product_cat-jouets-et-jeux","9":"product_cat-puzzles-et-constructions","10":"product_tag-tag_1275","11":"product_tag-tag_1304","13":"first","14":"instock","15":"taxable","16":"shipping-taxable","17":"purchasable","18":"product-type-simple"},"_links":{"self":[{"href":"https:\/\/bigbuy.tupique.com\/pt\/wp-json\/wp\/v2\/product\/192439","targetHints":{"allow":["GET"]}}],"collection":[{"href":"https:\/\/bigbuy.tupique.com\/pt\/wp-json\/wp\/v2\/product"}],"about":[{"href":"https:\/\/bigbuy.tupique.com\/pt\/wp-json\/wp\/v2\/types\/product"}],"replies":[{"embeddable":true,"href":"https:\/\/bigbuy.tupique.com\/pt\/wp-json\/wp\/v2\/comments?post=192439"}],"wp:featuredmedia":[{"embeddable":true,"href":"https:\/\/bigbuy.tupique.com\/pt\/wp-json\/wp\/v2\/media\/192433"}],"wp:attachment":[{"href":"https:\/\/bigbuy.tupique.com\/pt\/wp-json\/wp\/v2\/media?parent=192439"}],"wp:term":[{"taxonomy":"product_brand","embeddable":true,"href":"https:\/\/bigbuy.tupique.com\/pt\/wp-json\/wp\/v2\/product_brand?post=192439"},{"taxonomy":"product_cat","embeddable":true,"href":"https:\/\/bigbuy.tupique.com\/pt\/wp-json\/wp\/v2\/product_cat?post=192439"},{"taxonomy":"product_tag","embeddable":true,"href":"https:\/\/bigbuy.tupique.com\/pt\/wp-json\/wp\/v2\/product_tag?post=192439"}],"curies":[{"name":"wp","href":"https:\/\/api.w.org\/{rel}","templated":true}]}}