{"id":192278,"date":"2026-04-16T02:04:40","date_gmt":"2026-04-16T01:04:40","guid":{"rendered":"https:\/\/bigbuy.tupique.com\/produto\/smartphone-oneplus-cph2653-682-octa-core-16-gb-ram-512-gb-argente\/"},"modified":"2026-05-11T19:55:29","modified_gmt":"2026-05-11T17:55:29","slug":"smartphone-oneplus-cph2653-682-octa-core-16-gb-ram-512-gb-argente","status":"publish","type":"product","link":"https:\/\/bigbuy.tupique.com\/pt\/produto\/smartphone-oneplus-cph2653-682-octa-core-16-gb-ram-512-gb-argente\/","title":{"rendered":"Smartphone OnePlus CPH2653 6,82&#8243; Octa Core 16 GB RAM 512 GB Argent\u00e9"},"content":{"rendered":"<p>Si vous \u00eates passionn\u00e9 d&#8217;<b>informatique et d&#8217;\u00e9lectronique<\/b>, si vous \u00eates \u00e0 la pointe de la technologie et qu&#8217;aucun d\u00e9tail ne vous \u00e9chappe, achetez <b>Smartphone OnePlus CPH2653 6,82&#8243; Octa Core 16 GB RAM 512 GB Argent\u00e9<\/b> au meilleur prix.<\/p>\n<p>Le <b>OnePlus 13<\/b> est un <b>smartphone<\/b> avanc\u00e9 qui se distingue par sa grande capacit\u00e9 et une combinaison de caract\u00e9ristiques con\u00e7ues pour offrir performance et durabilit\u00e9 au quotidien. Il dispose d\u2019un <b>\u00e9cran tactile de 6,82 pouces<\/b>, id\u00e9al pour ceux qui recherchent une exp\u00e9rience visuelle immersive, avec prise en charge HDR et capteur de lumi\u00e8re ambiante ajustant intelligemment la luminosit\u00e9 selon l\u2019\u00e9clairage. Il int\u00e8gre <b>16 Go de m\u00e9moire RAM<\/b>, garantissant un multit\u00e2che fluide et une efficacit\u00e9 m\u00eame avec des applications exigeantes, tandis que son <b>stockage interne de 512 Go<\/b> offre un espace g\u00e9n\u00e9reux pour fichiers, photos et applications sans souci de place. Ce mod\u00e8le est propos\u00e9 en finitions <b>blanc<\/b> et <b>argent\u00e9<\/b>, toutes deux arborant un design moderne et raffin\u00e9 qui refl\u00e8te la qualit\u00e9 au premier regard. C\u00f4t\u00e9 fonctionnalit\u00e9s, il est \u00e9quip\u00e9 d\u2019un <b>GPS int\u00e9gr\u00e9<\/b> pour une navigation pr\u00e9cise, d\u2019un <b>barom\u00e8tre<\/b> pour les utilisateurs appr\u00e9ciant des donn\u00e9es environnementales avanc\u00e9es, ainsi que d\u2019un ensemble de capteurs am\u00e9liorant l\u2019exp\u00e9rience d\u2019utilisation. Sa structure ultral\u00e9g\u00e8re et ergonomique assure une prise en main confortable en toute situation, alliant r\u00e9sistance et l\u00e9g\u00e8ret\u00e9. Le OnePlus 13 r\u00e9pond aux attentes des utilisateurs recherchant puissance, capacit\u00e9 et fiabilit\u00e9 dans un smartphone de derni\u00e8re g\u00e9n\u00e9ration, \u00e9quilibrant technologie et confort dans un seul appareil.<\/p>\n<ul>\n<li>Produit \u00e0 brancher: Oui<\/li>\n<li>Type: Smartphone<\/li>\n<li>Type de prise: Prise EU<\/li>\n<li>Bloc d\u2019Alimentation: r\u00e9seau \u00e9lectrique<\/li>\n<li>Indice de r\u00e9parabilit\u00e9: 7.2<\/li>\n<li>Capacit\u00e9 de la batterie: 6000 mAh<\/li>\n<li>Ecran: 6,82&#8243;<\/li>\n<li>Syst\u00e8me d&#8217;exploitation: Android<\/li>\n<li>puissance: 100 W<\/li>\n<li>Connectivit\u00e9:\n<ul>\n<li>Wi-Fi<\/li>\n<li>NFC<\/li>\n<li>Bluetooth<\/li>\n<li>BeiDou<\/li>\n<li>5G<\/li>\n<li>Tethering<\/li>\n<li>WCDMA<\/li>\n<\/ul>\n<\/li>\n<li>Cam\u00e9ra\/Appareil Photo:\n<ul>\n<li>50 Mp<\/li>\n<li>Frontal<\/li>\n<li>Triple<\/li>\n<li>32 Mp<\/li>\n<\/ul>\n<\/li>\n<li>Connexions:\n<ul>\n<li>USB-C<\/li>\n<li>USB<\/li>\n<li>Dual SIM<\/li>\n<li>USB 3.2<\/li>\n<li>USB-A &#8211; USB-C<\/li>\n<\/ul>\n<\/li>\n<li>Processeur:\n<ul>\n<li>Octa Core<\/li>\n<li>Qualcomm Snapdragon 8 Elite<\/li>\n<\/ul>\n<\/li>\n<li>M\u00e9moire RAM: 16 GB RAM<\/li>\n<li>M\u00e9moire interne: 512 GB<\/li>\n<li>Couleur:\n<ul>\n<li>Argent\u00e9<\/li>\n<li>Blanc<\/li>\n<\/ul>\n<\/li>\n<li>Caract\u00e9ristiques:\n<ul>\n<li>GPS<\/li>\n<li>Barom\u00e8tre<\/li>\n<li>Ecran tactile<\/li>\n<li>Capteur de lumi\u00e8re ambiante<\/li>\n<li>HDR<\/li>\n<li>Autofocus<\/li>\n<li>Guide d&#8217;installation inclus<\/li>\n<li>Chargement rapide et fiable<\/li>\n<li>Chargeur sans fil<\/li>\n<li>Lecteur d&#8217;empreintes<\/li>\n<li>Capteur de proximit\u00e9<\/li>\n<li>\u00c9cran plat<\/li>\n<\/ul>\n<\/li>\n<li>Classification \u00e9nerg\u00e9tique: A<\/li>\n<li>Facteur de forme: Bar<\/li>\n<li>Technologie:\n<ul>\n<li>LED<\/li>\n<li>Mime<\/li>\n<li>Glonass<\/li>\n<li>Bluetooth aptX low Latency<\/li>\n<\/ul>\n<\/li>\n<li>Capteurs:\n<ul>\n<li>Acc\u00e9l\u00e9rom\u00e8tre<\/li>\n<li>Gyroscope<\/li>\n<li>Magn\u00e9tom\u00e8tre<\/li>\n<\/ul>\n<\/li>\n<li>Inclut: Capteur infrarouge<\/li>\n<li>Fonctions: ECO<\/li>\n<li>Non Inclus: Adaptateur AC<\/li>\n<li>Fr\u00e9quence: 120 Hz<\/li>\n<li>Famille de processeurs: Qualcomm Snapdragon<\/li>\n<li>Diagonale de l&#8217;\u00e9cran (cm): 17,3 cm<\/li>\n<\/ul>","protected":false},"excerpt":{"rendered":"<p>Si vous \u00eates passionn\u00e9 d&#8217;informatique et d&#8217;\u00e9lectronique, si vous \u00eates \u00e0 la pointe de la technologie et qu&#8217;aucun d\u00e9tail ne vous \u00e9chappe, achetez Smartphone OnePlus CPH2653 6,82&#8243; Octa Core 16 GB RAM 512 GB Argent\u00e9 au meilleur prix. Le OnePlus 13 est un smartphone avanc\u00e9 qui se distingue par sa grande capacit\u00e9 et une combinaison [&hellip;]<\/p>\n","protected":false},"featured_media":192272,"comment_status":"open","ping_status":"closed","template":"","meta":[],"product_brand":[1150],"product_cat":[575,65,960],"product_tag":[213,566,106],"class_list":{"0":"post-192278","1":"product","2":"type-product","3":"status-publish","4":"has-post-thumbnail","6":"product_brand-brandp_4881","7":"product_cat-electronique-telephonie-et-tablettes","8":"product_cat-informatique-electronique","9":"product_cat-telephones-portables","10":"product_tag-tag_933","11":"product_tag-tag_547","12":"product_tag-tag_1295","14":"first","15":"instock","16":"taxable","17":"shipping-taxable","18":"purchasable","19":"product-type-simple"},"_links":{"self":[{"href":"https:\/\/bigbuy.tupique.com\/pt\/wp-json\/wp\/v2\/product\/192278","targetHints":{"allow":["GET"]}}],"collection":[{"href":"https:\/\/bigbuy.tupique.com\/pt\/wp-json\/wp\/v2\/product"}],"about":[{"href":"https:\/\/bigbuy.tupique.com\/pt\/wp-json\/wp\/v2\/types\/product"}],"replies":[{"embeddable":true,"href":"https:\/\/bigbuy.tupique.com\/pt\/wp-json\/wp\/v2\/comments?post=192278"}],"wp:featuredmedia":[{"embeddable":true,"href":"https:\/\/bigbuy.tupique.com\/pt\/wp-json\/wp\/v2\/media\/192272"}],"wp:attachment":[{"href":"https:\/\/bigbuy.tupique.com\/pt\/wp-json\/wp\/v2\/media?parent=192278"}],"wp:term":[{"taxonomy":"product_brand","embeddable":true,"href":"https:\/\/bigbuy.tupique.com\/pt\/wp-json\/wp\/v2\/product_brand?post=192278"},{"taxonomy":"product_cat","embeddable":true,"href":"https:\/\/bigbuy.tupique.com\/pt\/wp-json\/wp\/v2\/product_cat?post=192278"},{"taxonomy":"product_tag","embeddable":true,"href":"https:\/\/bigbuy.tupique.com\/pt\/wp-json\/wp\/v2\/product_tag?post=192278"}],"curies":[{"name":"wp","href":"https:\/\/api.w.org\/{rel}","templated":true}]}}