{"id":191023,"date":"2026-04-15T20:22:03","date_gmt":"2026-04-15T19:22:03","guid":{"rendered":"https:\/\/bigbuy.tupique.com\/produto\/set-de-construction-lego\/"},"modified":"2026-04-16T18:45:42","modified_gmt":"2026-04-16T17:45:42","slug":"set-de-construction-lego","status":"publish","type":"product","link":"https:\/\/bigbuy.tupique.com\/pt\/produto\/set-de-construction-lego\/","title":{"rendered":"Set de construction Lego"},"content":{"rendered":"<p>Si vous \u00eates \u00e0 la recherche de nouvelles tendances sur le march\u00e9, nous vous pr\u00e9sentons <b>Set de construction Lego<\/b> !<\/p>\n<p>Le <b>set de construction<\/b> <b>LEGO Ideas 21357 Disney Pixar Luxo Jr.<\/b> est un produit exclusif con\u00e7u sp\u00e9cialement pour les adultes, qui allie la cr\u00e9ativit\u00e9 embl\u00e9matique de <b>Lego<\/b> \u00e0 la licence officielle Disney Pixar. Ce mod\u00e8le appartient \u00e0 la cat\u00e9gorie des <b>jeux de construction<\/b> et pr\u00e9sente une structure d\u00e9taill\u00e9e et pr\u00e9cise reproduisant la lampe classique Luxo Jr., symbole iconique de Pixar. Le set est fabriqu\u00e9 en <b>plastique<\/b> de haute qualit\u00e9, garantissant durabilit\u00e9 et finition impeccable, avec des pi\u00e8ces en <b>blanc et multicolore<\/b> apportant r\u00e9alisme et contraste visuel. Destin\u00e9 aux utilisateurs de plus de <b>18 ans<\/b>, cet ensemble de collection offre une exp\u00e9rience de montage \u00e0 la fois stimulante et satisfaisante, tout en servant d\u2019objet d\u00e9coratif sophistiqu\u00e9 pour tout espace, refl\u00e9tant la finesse et le design iconique de l\u2019univers Pixar. Il int\u00e8gre \u00e9galement des \u00e9l\u00e9ments fonctionnels simulant l\u2019\u00e9clairage typique de la lampe, gr\u00e2ce \u00e0 une <b>batterie<\/b> permettant une exp\u00e9rience interactive et lumineuse. Ce d\u00e9tail technique ajoute une valeur suppl\u00e9mentaire \u00e0 la pi\u00e8ce, combinant technologie et construction en un seul produit. L\u2019association des <b>couleurs blanc et multicolore<\/b> et la complexit\u00e9 du montage font de ce set un objet de d\u00e9sir pour les collectionneurs et amateurs de design LEGO cherchant \u00e0 innover en d\u00e9coration et loisirs cr\u00e9atifs. En r\u00e9sum\u00e9, le <b>LEGO Ideas 21357 Disney Pixar Luxo Jr.<\/b> repr\u00e9sente une fusion parfaite entre art, technologie et divertissement pour adultes, avec un accent clair sur la qualit\u00e9, le d\u00e9tail et l\u2019exclusivit\u00e9.<\/p>\n<ul>\n<li>Mati\u00e8re: Plastique<\/li>\n<li>\u00c2ge recommand\u00e9: + 18 Ans<\/li>\n<\/ul>","protected":false},"excerpt":{"rendered":"<p>Si vous \u00eates \u00e0 la recherche de nouvelles tendances sur le march\u00e9, nous vous pr\u00e9sentons Set de construction Lego ! Le set de construction LEGO Ideas 21357 Disney Pixar Luxo Jr. est un produit exclusif con\u00e7u sp\u00e9cialement pour les adultes, qui allie la cr\u00e9ativit\u00e9 embl\u00e9matique de Lego \u00e0 la licence officielle Disney Pixar. Ce mod\u00e8le [&hellip;]<\/p>\n","protected":false},"featured_media":191008,"comment_status":"open","ping_status":"closed","template":"","meta":[],"product_brand":[819],"product_cat":[157,158,761],"product_tag":[57,59],"class_list":{"0":"post-191023","1":"product","2":"type-product","3":"status-publish","4":"has-post-thumbnail","6":"product_brand-brandp_2854","7":"product_cat-jouets-deguisements","8":"product_cat-jouets-et-jeux","9":"product_cat-puzzles-et-constructions","10":"product_tag-tag_1275","11":"product_tag-tag_1304","13":"first","14":"instock","15":"taxable","16":"shipping-taxable","17":"purchasable","18":"product-type-simple"},"_links":{"self":[{"href":"https:\/\/bigbuy.tupique.com\/pt\/wp-json\/wp\/v2\/product\/191023","targetHints":{"allow":["GET"]}}],"collection":[{"href":"https:\/\/bigbuy.tupique.com\/pt\/wp-json\/wp\/v2\/product"}],"about":[{"href":"https:\/\/bigbuy.tupique.com\/pt\/wp-json\/wp\/v2\/types\/product"}],"replies":[{"embeddable":true,"href":"https:\/\/bigbuy.tupique.com\/pt\/wp-json\/wp\/v2\/comments?post=191023"}],"wp:featuredmedia":[{"embeddable":true,"href":"https:\/\/bigbuy.tupique.com\/pt\/wp-json\/wp\/v2\/media\/191008"}],"wp:attachment":[{"href":"https:\/\/bigbuy.tupique.com\/pt\/wp-json\/wp\/v2\/media?parent=191023"}],"wp:term":[{"taxonomy":"product_brand","embeddable":true,"href":"https:\/\/bigbuy.tupique.com\/pt\/wp-json\/wp\/v2\/product_brand?post=191023"},{"taxonomy":"product_cat","embeddable":true,"href":"https:\/\/bigbuy.tupique.com\/pt\/wp-json\/wp\/v2\/product_cat?post=191023"},{"taxonomy":"product_tag","embeddable":true,"href":"https:\/\/bigbuy.tupique.com\/pt\/wp-json\/wp\/v2\/product_tag?post=191023"}],"curies":[{"name":"wp","href":"https:\/\/api.w.org\/{rel}","templated":true}]}}