{"id":19091,"date":"2026-03-29T15:57:37","date_gmt":"2026-03-29T14:57:37","guid":{"rendered":"https:\/\/bigbuy.tupique.com\/produto\/gps-navigator-tomtom-plus-premium-7\/"},"modified":"2026-04-15T01:25:58","modified_gmt":"2026-04-15T00:25:58","slug":"gps-navigator-tomtom-plus-premium-7","status":"publish","type":"product","link":"https:\/\/bigbuy.tupique.com\/pt\/produto\/gps-navigator-tomtom-plus-premium-7\/","title":{"rendered":"Navigateur GPS TomTom PLUS PREMIUM 7&#8243;"},"content":{"rendered":"<p>Si vous \u00eates passionn\u00e9 d&#8217;<b>informatique et d&#8217;\u00e9lectronique<\/b>, si vous \u00eates \u00e0 la pointe de la technologie et qu&#8217;aucun d\u00e9tail ne vous \u00e9chappe, achetez <b>Navigateur GPS TomTom PLUS PREMIUM 7&#8243;<\/b> au meilleur prix.<\/p>\n<p>Le <b>PLUS PREMIUM<\/b> de TomTom est un <b>GPS de navigation<\/b> avanc\u00e9 con\u00e7u pour offrir pr\u00e9cision et facilit\u00e9 d\u2019utilisation aussi bien aux conducteurs professionnels qu\u2019aux particuliers exigeants. Dot\u00e9 d\u2019un <b>\u00e9cran de 17,8 cm (7 pouces)<\/b>, il assure une visualisation large et claire des cartes, itin\u00e9raires et notifications, facilitant la lecture des indications routi\u00e8res m\u00eame en conditions de luminosit\u00e9 variable. L\u2019appareil fonctionne sur <b>secteur<\/b> et dispose d\u2019une <b>batterie Lithium-Ion<\/b> pour une utilisation autonome, permettant un usage aussi bien branch\u00e9 que portable selon les besoins de l\u2019utilisateur. Son <b>prise europ\u00e9enne (EU)<\/b> garantit la compatibilit\u00e9 avec les installations \u00e9lectriques standards, ce qui le rend id\u00e9al pour une utilisation dans diff\u00e9rents pays d\u2019Europe. Ce mod\u00e8le se distingue par la nettet\u00e9 de son \u00e9cran, la r\u00e9activit\u00e9 du syst\u00e8me et la simplicit\u00e9 de configuration, des caract\u00e9ristiques particuli\u00e8rement appr\u00e9ci\u00e9es lors de longs trajets et par les professionnels du transport qui exigent fiabilit\u00e9 et rapidit\u00e9 dans la mise \u00e0 jour des informations. Il inclut tout le n\u00e9cessaire pour une utilisation imm\u00e9diate, simplifiant l\u2019installation et am\u00e9liorant l\u2019exp\u00e9rience de conduite. En r\u00e9sum\u00e9, le TomTom PLUS PREMIUM propose une solution robuste et efficace \u00e0 ceux qui recherchent fiabilit\u00e9 et visibilit\u00e9 pour la navigation au quotidien.<\/p>\n<ul>\n<li>Produit \u00e0 brancher: Oui<\/li>\n<li>Type de prise: Prise EU<\/li>\n<li>Bloc d\u2019Alimentation: r\u00e9seau \u00e9lectrique<\/li>\n<li>Fonctionne \u00e0 piles: 1 Litio Ion, incluidas<\/li>\n<li>Diagonale de l&#8217;\u00e9cran (cm): 17,8 cm<\/li>\n<\/ul>","protected":false},"excerpt":{"rendered":"<p>Si vous \u00eates passionn\u00e9 d&#8217;informatique et d&#8217;\u00e9lectronique, si vous \u00eates \u00e0 la pointe de la technologie et qu&#8217;aucun d\u00e9tail ne vous \u00e9chappe, achetez Navigateur GPS TomTom PLUS PREMIUM 7&#8243; au meilleur prix. Le PLUS PREMIUM de TomTom est un GPS de navigation avanc\u00e9 con\u00e7u pour offrir pr\u00e9cision et facilit\u00e9 d\u2019utilisation aussi bien aux conducteurs professionnels [&hellip;]<\/p>\n","protected":false},"featured_media":19086,"comment_status":"open","ping_status":"closed","template":"","meta":[],"product_brand":[671],"product_cat":[623,65,624],"product_tag":[164],"class_list":{"0":"post-19091","1":"product","2":"type-product","3":"status-publish","4":"has-post-thumbnail","6":"product_brand-brandp_582","7":"product_cat-electronique-gps-et-automobile","8":"product_cat-informatique-electronique","9":"product_cat-navigateurs-gps","10":"product_tag-tag_152","12":"first","13":"instock","14":"taxable","15":"shipping-taxable","16":"purchasable","17":"product-type-simple"},"_links":{"self":[{"href":"https:\/\/bigbuy.tupique.com\/pt\/wp-json\/wp\/v2\/product\/19091","targetHints":{"allow":["GET"]}}],"collection":[{"href":"https:\/\/bigbuy.tupique.com\/pt\/wp-json\/wp\/v2\/product"}],"about":[{"href":"https:\/\/bigbuy.tupique.com\/pt\/wp-json\/wp\/v2\/types\/product"}],"replies":[{"embeddable":true,"href":"https:\/\/bigbuy.tupique.com\/pt\/wp-json\/wp\/v2\/comments?post=19091"}],"wp:featuredmedia":[{"embeddable":true,"href":"https:\/\/bigbuy.tupique.com\/pt\/wp-json\/wp\/v2\/media\/19086"}],"wp:attachment":[{"href":"https:\/\/bigbuy.tupique.com\/pt\/wp-json\/wp\/v2\/media?parent=19091"}],"wp:term":[{"taxonomy":"product_brand","embeddable":true,"href":"https:\/\/bigbuy.tupique.com\/pt\/wp-json\/wp\/v2\/product_brand?post=19091"},{"taxonomy":"product_cat","embeddable":true,"href":"https:\/\/bigbuy.tupique.com\/pt\/wp-json\/wp\/v2\/product_cat?post=19091"},{"taxonomy":"product_tag","embeddable":true,"href":"https:\/\/bigbuy.tupique.com\/pt\/wp-json\/wp\/v2\/product_tag?post=19091"}],"curies":[{"name":"wp","href":"https:\/\/api.w.org\/{rel}","templated":true}]}}