{"id":190782,"date":"2026-04-15T19:28:16","date_gmt":"2026-04-15T18:28:16","guid":{"rendered":"https:\/\/bigbuy.tupique.com\/produto\/cuisiniere-a-gaz-flama-8254fl-4f-acier\/"},"modified":"2026-04-15T19:28:16","modified_gmt":"2026-04-15T18:28:16","slug":"cuisiniere-a-gaz-flama-8254fl-4f-acier","status":"publish","type":"product","link":"https:\/\/bigbuy.tupique.com\/pt\/produto\/cuisiniere-a-gaz-flama-8254fl-4f-acier\/","title":{"rendered":"Cuisini\u00e8re \u00e0 Gaz Flama 8254FL 4F Acier"},"content":{"rendered":"<p>Si vous \u00eates \u00e0 la recherche de nouvelles tendances sur le march\u00e9, nous vous pr\u00e9sentons <b>Cuisini\u00e8re \u00e0 Gaz Flama 8254FL 4F Acier<\/b> !<\/p>\n<ul>\n<li>Type: Cuisini\u00e8re \u00e0 Gaz<\/li>\n<li>Type de four: Four \u00e9lectrique<\/li>\n<li>Gaz: Butane<\/li>\n<li>Produit \u00e0 brancher: Oui<\/li>\n<li>Couleur: Acier<\/li>\n<li>Bloc d\u2019Alimentation: r\u00e9seau \u00e9lectrique<\/li>\n<li>Type de commande: Plaque Tournante<\/li>\n<li>Dimensions approx.: 50 x 60 cm<\/li>\n<li>Mati\u00e8re: Acier inoxydable<\/li>\n<li>Style: Ind\u00e9pendant<\/li>\n<li>Classification \u00e9nerg\u00e9tique: A<\/li>\n<li>Zones de cuisson: 4<\/li>\n<li>Type d&#8217;installation: Ind\u00e9pendant<\/li>\n<\/ul>\n<p>Informations importantes: En ce qui concerne le raccordement au gaz, il convient de respecter les r\u00e9glementations nationales en vigueur..<\/p>","protected":false},"excerpt":{"rendered":"<p>Si vous \u00eates \u00e0 la recherche de nouvelles tendances sur le march\u00e9, nous vous pr\u00e9sentons Cuisini\u00e8re \u00e0 Gaz Flama 8254FL 4F Acier ! Type: Cuisini\u00e8re \u00e0 Gaz Type de four: Four \u00e9lectrique Gaz: Butane Produit \u00e0 brancher: Oui Couleur: Acier Bloc d\u2019Alimentation: r\u00e9seau \u00e9lectrique Type de commande: Plaque Tournante Dimensions approx.: 50 x 60 cm [&hellip;]<\/p>\n","protected":false},"featured_media":190781,"comment_status":"open","ping_status":"closed","template":"","meta":[],"product_brand":[1616],"product_cat":[60,747,77],"product_tag":[55],"class_list":{"0":"post-190782","1":"product","2":"type-product","3":"status-publish","4":"has-post-thumbnail","6":"product_brand-brandp_2352","7":"product_cat-cuisine-gourmet","8":"product_cat-fours","9":"product_cat-petit-electromenager","10":"product_tag-tag_926","12":"first","13":"instock","14":"taxable","15":"shipping-taxable","16":"purchasable","17":"product-type-simple"},"_links":{"self":[{"href":"https:\/\/bigbuy.tupique.com\/pt\/wp-json\/wp\/v2\/product\/190782","targetHints":{"allow":["GET"]}}],"collection":[{"href":"https:\/\/bigbuy.tupique.com\/pt\/wp-json\/wp\/v2\/product"}],"about":[{"href":"https:\/\/bigbuy.tupique.com\/pt\/wp-json\/wp\/v2\/types\/product"}],"replies":[{"embeddable":true,"href":"https:\/\/bigbuy.tupique.com\/pt\/wp-json\/wp\/v2\/comments?post=190782"}],"wp:featuredmedia":[{"embeddable":true,"href":"https:\/\/bigbuy.tupique.com\/pt\/wp-json\/wp\/v2\/media\/190781"}],"wp:attachment":[{"href":"https:\/\/bigbuy.tupique.com\/pt\/wp-json\/wp\/v2\/media?parent=190782"}],"wp:term":[{"taxonomy":"product_brand","embeddable":true,"href":"https:\/\/bigbuy.tupique.com\/pt\/wp-json\/wp\/v2\/product_brand?post=190782"},{"taxonomy":"product_cat","embeddable":true,"href":"https:\/\/bigbuy.tupique.com\/pt\/wp-json\/wp\/v2\/product_cat?post=190782"},{"taxonomy":"product_tag","embeddable":true,"href":"https:\/\/bigbuy.tupique.com\/pt\/wp-json\/wp\/v2\/product_tag?post=190782"}],"curies":[{"name":"wp","href":"https:\/\/api.w.org\/{rel}","templated":true}]}}