{"id":190339,"date":"2026-04-15T17:52:06","date_gmt":"2026-04-15T16:52:06","guid":{"rendered":"https:\/\/bigbuy.tupique.com\/produto\/protection-contre-les-surtensions-axis-02813-001\/"},"modified":"2026-04-16T10:00:34","modified_gmt":"2026-04-16T09:00:34","slug":"protection-contre-les-surtensions-axis-02813-001","status":"publish","type":"product","link":"https:\/\/bigbuy.tupique.com\/pt\/produto\/protection-contre-les-surtensions-axis-02813-001\/","title":{"rendered":"Protection contre les surtensions Axis 02813-001"},"content":{"rendered":"<p>Si vous \u00eates passionn\u00e9 d&#8217;<b>informatique et d&#8217;\u00e9lectronique<\/b>, si vous \u00eates \u00e0 la pointe de la technologie et qu&#8217;aucun d\u00e9tail ne vous \u00e9chappe, achetez <b>Protection contre les surtensions Axis 02813-001<\/b> au meilleur prix.<\/p>\n<ul>\n<li>Type:\n<ul>\n<li>Protection contre les surtensions<\/li>\n<li>Avec fil<\/li>\n<\/ul>\n<\/li>\n<li>Couleur: Gris<\/li>\n<\/ul>","protected":false},"excerpt":{"rendered":"<p>Si vous \u00eates passionn\u00e9 d&#8217;informatique et d&#8217;\u00e9lectronique, si vous \u00eates \u00e0 la pointe de la technologie et qu&#8217;aucun d\u00e9tail ne vous \u00e9chappe, achetez Protection contre les surtensions Axis 02813-001 au meilleur prix. Type: Protection contre les surtensions Avec fil Couleur: Gris<\/p>","protected":false},"featured_media":190336,"comment_status":"open","ping_status":"closed","template":"","meta":[],"product_brand":[645],"product_cat":[65,581,614],"product_tag":[106],"class_list":{"0":"post-190339","1":"product","2":"type-product","3":"status-publish","4":"has-post-thumbnail","6":"product_brand-brandp_4776","7":"product_cat-informatique-electronique","8":"product_cat-informatique-peripheriques-et-consommables","9":"product_cat-multiprises","10":"product_tag-tag_1295","12":"first","13":"instock","14":"taxable","15":"shipping-taxable","16":"purchasable","17":"product-type-simple"},"_links":{"self":[{"href":"https:\/\/bigbuy.tupique.com\/pt\/wp-json\/wp\/v2\/product\/190339","targetHints":{"allow":["GET"]}}],"collection":[{"href":"https:\/\/bigbuy.tupique.com\/pt\/wp-json\/wp\/v2\/product"}],"about":[{"href":"https:\/\/bigbuy.tupique.com\/pt\/wp-json\/wp\/v2\/types\/product"}],"replies":[{"embeddable":true,"href":"https:\/\/bigbuy.tupique.com\/pt\/wp-json\/wp\/v2\/comments?post=190339"}],"wp:featuredmedia":[{"embeddable":true,"href":"https:\/\/bigbuy.tupique.com\/pt\/wp-json\/wp\/v2\/media\/190336"}],"wp:attachment":[{"href":"https:\/\/bigbuy.tupique.com\/pt\/wp-json\/wp\/v2\/media?parent=190339"}],"wp:term":[{"taxonomy":"product_brand","embeddable":true,"href":"https:\/\/bigbuy.tupique.com\/pt\/wp-json\/wp\/v2\/product_brand?post=190339"},{"taxonomy":"product_cat","embeddable":true,"href":"https:\/\/bigbuy.tupique.com\/pt\/wp-json\/wp\/v2\/product_cat?post=190339"},{"taxonomy":"product_tag","embeddable":true,"href":"https:\/\/bigbuy.tupique.com\/pt\/wp-json\/wp\/v2\/product_tag?post=190339"}],"curies":[{"name":"wp","href":"https:\/\/api.w.org\/{rel}","templated":true}]}}