{"id":190307,"date":"2026-04-15T17:50:49","date_gmt":"2026-04-15T16:50:49","guid":{"rendered":"https:\/\/bigbuy.tupique.com\/produto\/camescope-de-surveillance-axis-m5000-g\/"},"modified":"2026-05-11T19:59:15","modified_gmt":"2026-05-11T17:59:15","slug":"camescope-de-surveillance-axis-m5000-g","status":"publish","type":"product","link":"https:\/\/bigbuy.tupique.com\/pt\/produto\/camescope-de-surveillance-axis-m5000-g\/","title":{"rendered":"Camescope de surveillance Axis M5000-G"},"content":{"rendered":"<p>Si vous \u00eates passionn\u00e9 d&#8217;<b>informatique et d&#8217;\u00e9lectronique<\/b>, si vous \u00eates \u00e0 la pointe de la technologie et qu&#8217;aucun d\u00e9tail ne vous \u00e9chappe, achetez <b>Camescope de surveillance Axis M5000-G<\/b> au meilleur prix.<\/p>\n<ul>\n<li>Connexions:\n<ul>\n<li>Ethernet LAN<\/li>\n<li>PoE x 1<\/li>\n<li>RJ45<\/li>\n<\/ul>\n<\/li>\n<li>Fonctions: Vision nocturne<\/li>\n<li>Type:\n<ul>\n<li>Cam\u00e9scope<\/li>\n<li>Sans fil<\/li>\n<li>Cam\u00e9ra de s\u00e9curit\u00e9 IP<\/li>\n<\/ul>\n<\/li>\n<li>Nombre de cam\u00e9ras: 1<\/li>\n<li>Capteur: CMOS<\/li>\n<li>Cartes M\u00e9moire Compatibles: SD,SDHC,SDXC<\/li>\n<li>M\u00e9moire interne: 2 GB<\/li>\n<li>Cam\u00e9ra\/Appareil Photo: 5 Mp<\/li>\n<li>Couleur:\n<ul>\n<li>Blanc<\/li>\n<li>Noir<\/li>\n<\/ul>\n<\/li>\n<li>R\u00e9solution (px): 1920 x 1080 px<\/li>\n<li>Caract\u00e9ristiques:\n<ul>\n<li>Contr\u00f4le de l&#8217;inclinaison<\/li>\n<li>Sans fil<\/li>\n<li>Protection des donn\u00e9es\/mot de passe<\/li>\n<\/ul>\n<\/li>\n<li>Technologie: HDD<\/li>\n<li>Non inclut:\n<ul>\n<li>Wi-Fi<\/li>\n<li>Bluetooth<\/li>\n<\/ul>\n<\/li>\n<li>Inclut: Manuel de l&#8217;utilisateur<\/li>\n<\/ul>","protected":false},"excerpt":{"rendered":"<p>Si vous \u00eates passionn\u00e9 d&#8217;informatique et d&#8217;\u00e9lectronique, si vous \u00eates \u00e0 la pointe de la technologie et qu&#8217;aucun d\u00e9tail ne vous \u00e9chappe, achetez Camescope de surveillance Axis M5000-G au meilleur prix. Connexions: Ethernet LAN PoE x 1 RJ45 Fonctions: Vision nocturne Type: Cam\u00e9scope Sans fil Cam\u00e9ra de s\u00e9curit\u00e9 IP Nombre de cam\u00e9ras: 1 Capteur: CMOS [&hellip;]<\/p>\n","protected":false},"featured_media":190306,"comment_status":"open","ping_status":"closed","template":"","meta":[],"product_brand":[645],"product_cat":[580,239,579],"product_tag":[567,210],"class_list":{"0":"post-190307","1":"product","2":"type-product","3":"status-publish","4":"has-post-thumbnail","6":"product_brand-brandp_4776","7":"product_cat-cameras-de-surveillance-video","8":"product_cat-maison-jardin","9":"product_cat-securite-a-la-maison","10":"product_tag-tag_556","11":"product_tag-tag_25","13":"first","14":"instock","15":"taxable","16":"shipping-taxable","17":"purchasable","18":"product-type-simple"},"_links":{"self":[{"href":"https:\/\/bigbuy.tupique.com\/pt\/wp-json\/wp\/v2\/product\/190307","targetHints":{"allow":["GET"]}}],"collection":[{"href":"https:\/\/bigbuy.tupique.com\/pt\/wp-json\/wp\/v2\/product"}],"about":[{"href":"https:\/\/bigbuy.tupique.com\/pt\/wp-json\/wp\/v2\/types\/product"}],"replies":[{"embeddable":true,"href":"https:\/\/bigbuy.tupique.com\/pt\/wp-json\/wp\/v2\/comments?post=190307"}],"wp:featuredmedia":[{"embeddable":true,"href":"https:\/\/bigbuy.tupique.com\/pt\/wp-json\/wp\/v2\/media\/190306"}],"wp:attachment":[{"href":"https:\/\/bigbuy.tupique.com\/pt\/wp-json\/wp\/v2\/media?parent=190307"}],"wp:term":[{"taxonomy":"product_brand","embeddable":true,"href":"https:\/\/bigbuy.tupique.com\/pt\/wp-json\/wp\/v2\/product_brand?post=190307"},{"taxonomy":"product_cat","embeddable":true,"href":"https:\/\/bigbuy.tupique.com\/pt\/wp-json\/wp\/v2\/product_cat?post=190307"},{"taxonomy":"product_tag","embeddable":true,"href":"https:\/\/bigbuy.tupique.com\/pt\/wp-json\/wp\/v2\/product_tag?post=190307"}],"curies":[{"name":"wp","href":"https:\/\/api.w.org\/{rel}","templated":true}]}}