{"id":190201,"date":"2026-04-15T17:31:53","date_gmt":"2026-04-15T16:31:53","guid":{"rendered":"https:\/\/bigbuy.tupique.com\/produto\/carte-graphique-gigabyte-gv-n5060wf2oc-8gd-geforce-rtx-5060-8-gb-gddr7\/"},"modified":"2026-04-15T21:38:36","modified_gmt":"2026-04-15T20:38:36","slug":"carte-graphique-gigabyte-gv-n5060wf2oc-8gd-geforce-rtx-5060-8-gb-gddr7","status":"publish","type":"product","link":"https:\/\/bigbuy.tupique.com\/pt\/produto\/carte-graphique-gigabyte-gv-n5060wf2oc-8gd-geforce-rtx-5060-8-gb-gddr7\/","title":{"rendered":"Carte Graphique Gigabyte GV-N5060WF2OC-8GD GEFORCE RTX 5060 8 GB GDDR7"},"content":{"rendered":"<p>Si vous \u00eates passionn\u00e9 d&#8217;<b>informatique et d&#8217;\u00e9lectronique<\/b>, si vous \u00eates \u00e0 la pointe de la technologie et qu&#8217;aucun d\u00e9tail ne vous \u00e9chappe, achetez <b>Carte Graphique Gigabyte GV-N5060WF2OC-8GD GEFORCE RTX 5060 8 GB GDDR7<\/b> au meilleur prix.<\/p>\n<ul>\n<li>Type:\n<ul>\n<li>Carte graphique (GPU)<\/li>\n<li>Ventillateur x 2<\/li>\n<li>PCI Express 3.0<\/li>\n<\/ul>\n<\/li>\n<li>Interface:\n<ul>\n<li>PCI Express<\/li>\n<li>DirectX 12.0<\/li>\n<\/ul>\n<\/li>\n<li>Connexions:\n<ul>\n<li>HDMI x 1<\/li>\n<li>DisplayPort<\/li>\n<li>HDMI<\/li>\n<li>DisplayPort x 3<\/li>\n<li>8-pin x 1<\/li>\n<\/ul>\n<\/li>\n<li>Profondeur: 40 mm<\/li>\n<li>Technologie: NVIDIA G-SYNC<\/li>\n<li>Long: 4 cm<\/li>\n<li>Source d&#8217;alimentation recommand\u00e9e: 450 W<\/li>\n<li>Non Inclus: DUAL LINK DVI<\/li>\n<li>Poids approx.: 490 G<\/li>\n<li>vitesse: 2512 MHZ<\/li>\n<li>Couleur: Noir<\/li>\n<li>Ventillateur: 2<\/li>\n<li>M\u00e9moire RAM: 8 GB RAM<\/li>\n<li>\u00c9lev\u00e9: 50 cm<\/li>\n<li>Compatible: Ordinateurs<\/li>\n<li>Caract\u00e9ristiques: OpenGL 4.6<\/li>\n<li>R\u00e9solution (px): 7680 x 4320 px<\/li>\n<li>\u00c9crans support\u00e9s: x 4<\/li>\n<li>Capacit\u00e9 m\u00e9moire graphique: 8 GB<\/li>\n<li>Type de m\u00e9moire: GDDR7<\/li>\n<li>Chipset: GEFORCE RTX 5060<\/li>\n<\/ul>","protected":false},"excerpt":{"rendered":"<p>Si vous \u00eates passionn\u00e9 d&#8217;informatique et d&#8217;\u00e9lectronique, si vous \u00eates \u00e0 la pointe de la technologie et qu&#8217;aucun d\u00e9tail ne vous \u00e9chappe, achetez Carte Graphique Gigabyte GV-N5060WF2OC-8GD GEFORCE RTX 5060 8 GB GDDR7 au meilleur prix. Type: Carte graphique (GPU) Ventillateur x 2 PCI Express 3.0 Interface: PCI Express DirectX 12.0 Connexions: HDMI x 1 [&hellip;]<\/p>\n","protected":false},"featured_media":190169,"comment_status":"open","ping_status":"closed","template":"","meta":[],"product_brand":[1147],"product_cat":[1223,65,584],"product_tag":[106],"class_list":{"0":"post-190201","1":"product","2":"type-product","3":"status-publish","4":"has-post-thumbnail","6":"product_brand-brandp_550","7":"product_cat-cartes-graphiques","8":"product_cat-informatique-electronique","9":"product_cat-informatique-reseaux-et-composants","10":"product_tag-tag_1295","12":"first","13":"instock","14":"taxable","15":"shipping-taxable","16":"purchasable","17":"product-type-simple"},"_links":{"self":[{"href":"https:\/\/bigbuy.tupique.com\/pt\/wp-json\/wp\/v2\/product\/190201","targetHints":{"allow":["GET"]}}],"collection":[{"href":"https:\/\/bigbuy.tupique.com\/pt\/wp-json\/wp\/v2\/product"}],"about":[{"href":"https:\/\/bigbuy.tupique.com\/pt\/wp-json\/wp\/v2\/types\/product"}],"replies":[{"embeddable":true,"href":"https:\/\/bigbuy.tupique.com\/pt\/wp-json\/wp\/v2\/comments?post=190201"}],"wp:featuredmedia":[{"embeddable":true,"href":"https:\/\/bigbuy.tupique.com\/pt\/wp-json\/wp\/v2\/media\/190169"}],"wp:attachment":[{"href":"https:\/\/bigbuy.tupique.com\/pt\/wp-json\/wp\/v2\/media?parent=190201"}],"wp:term":[{"taxonomy":"product_brand","embeddable":true,"href":"https:\/\/bigbuy.tupique.com\/pt\/wp-json\/wp\/v2\/product_brand?post=190201"},{"taxonomy":"product_cat","embeddable":true,"href":"https:\/\/bigbuy.tupique.com\/pt\/wp-json\/wp\/v2\/product_cat?post=190201"},{"taxonomy":"product_tag","embeddable":true,"href":"https:\/\/bigbuy.tupique.com\/pt\/wp-json\/wp\/v2\/product_tag?post=190201"}],"curies":[{"name":"wp","href":"https:\/\/api.w.org\/{rel}","templated":true}]}}