{"id":190158,"date":"2026-04-15T17:21:59","date_gmt":"2026-04-15T16:21:59","guid":{"rendered":"https:\/\/bigbuy.tupique.com\/produto\/batterie-pour-systeme-dalimentation-sans-interruption-eaton-ebp-1702i-9-ah\/"},"modified":"2026-04-16T05:21:00","modified_gmt":"2026-04-16T04:21:00","slug":"batterie-pour-systeme-dalimentation-sans-interruption-eaton-ebp-1702i-9-ah","status":"publish","type":"product","link":"https:\/\/bigbuy.tupique.com\/pt\/produto\/batterie-pour-systeme-dalimentation-sans-interruption-eaton-ebp-1702i-9-ah\/","title":{"rendered":"Batterie pour Syst\u00e8me d&#8217;Alimentation Sans Interruption Eaton EBP-1702I 9 Ah"},"content":{"rendered":"<p>Si vous \u00eates passionn\u00e9 d&#8217;<b>informatique et d&#8217;\u00e9lectronique<\/b>, si vous \u00eates \u00e0 la pointe de la technologie et qu&#8217;aucun d\u00e9tail ne vous \u00e9chappe, achetez <b>Batterie pour Syst\u00e8me d&#8217;Alimentation Sans Interruption Eaton EBP-1702I 9 Ah<\/b> au meilleur prix.<\/p>\n<ul>\n<li>Type: Batterie pour Syst\u00e8me d&#8217;Alimentation Sans Interruption<\/li>\n<li>Bloc d\u2019Alimentation: Batterie<\/li>\n<li>Couleur: Noir<\/li>\n<li>Largeur: 210 mm<\/li>\n<li>Capacit\u00e9 de la batterie: 9 Ah<\/li>\n<li>Technologie: VRLA<\/li>\n<\/ul>","protected":false},"excerpt":{"rendered":"<p>Si vous \u00eates passionn\u00e9 d&#8217;informatique et d&#8217;\u00e9lectronique, si vous \u00eates \u00e0 la pointe de la technologie et qu&#8217;aucun d\u00e9tail ne vous \u00e9chappe, achetez Batterie pour Syst\u00e8me d&#8217;Alimentation Sans Interruption Eaton EBP-1702I 9 Ah au meilleur prix. Type: Batterie pour Syst\u00e8me d&#8217;Alimentation Sans Interruption Bloc d\u2019Alimentation: Batterie Couleur: Noir Largeur: 210 mm Capacit\u00e9 de la batterie: [&hellip;]<\/p>\n","protected":false},"featured_media":190157,"comment_status":"open","ping_status":"closed","template":"","meta":[],"product_brand":[652],"product_cat":[65,581,603],"product_tag":[106],"class_list":{"0":"post-190158","1":"product","2":"type-product","3":"status-publish","4":"has-post-thumbnail","6":"product_brand-brandp_4815","7":"product_cat-informatique-electronique","8":"product_cat-informatique-peripheriques-et-consommables","9":"product_cat-ups","10":"product_tag-tag_1295","12":"first","13":"instock","14":"taxable","15":"shipping-taxable","16":"purchasable","17":"product-type-simple"},"_links":{"self":[{"href":"https:\/\/bigbuy.tupique.com\/pt\/wp-json\/wp\/v2\/product\/190158","targetHints":{"allow":["GET"]}}],"collection":[{"href":"https:\/\/bigbuy.tupique.com\/pt\/wp-json\/wp\/v2\/product"}],"about":[{"href":"https:\/\/bigbuy.tupique.com\/pt\/wp-json\/wp\/v2\/types\/product"}],"replies":[{"embeddable":true,"href":"https:\/\/bigbuy.tupique.com\/pt\/wp-json\/wp\/v2\/comments?post=190158"}],"wp:featuredmedia":[{"embeddable":true,"href":"https:\/\/bigbuy.tupique.com\/pt\/wp-json\/wp\/v2\/media\/190157"}],"wp:attachment":[{"href":"https:\/\/bigbuy.tupique.com\/pt\/wp-json\/wp\/v2\/media?parent=190158"}],"wp:term":[{"taxonomy":"product_brand","embeddable":true,"href":"https:\/\/bigbuy.tupique.com\/pt\/wp-json\/wp\/v2\/product_brand?post=190158"},{"taxonomy":"product_cat","embeddable":true,"href":"https:\/\/bigbuy.tupique.com\/pt\/wp-json\/wp\/v2\/product_cat?post=190158"},{"taxonomy":"product_tag","embeddable":true,"href":"https:\/\/bigbuy.tupique.com\/pt\/wp-json\/wp\/v2\/product_tag?post=190158"}],"curies":[{"name":"wp","href":"https:\/\/api.w.org\/{rel}","templated":true}]}}