{"id":190121,"date":"2026-04-15T17:20:11","date_gmt":"2026-04-15T16:20:11","guid":{"rendered":"https:\/\/bigbuy.tupique.com\/produto\/imprimante-photo-epson-surecolor-sc-p700\/"},"modified":"2026-05-11T20:02:25","modified_gmt":"2026-05-11T18:02:25","slug":"imprimante-photo-epson-surecolor-sc-p700","status":"publish","type":"product","link":"https:\/\/bigbuy.tupique.com\/pt\/produto\/imprimante-photo-epson-surecolor-sc-p700\/","title":{"rendered":"Imprimante photo Epson SureColor SC-P700"},"content":{"rendered":"<p>Si vous \u00eates passionn\u00e9 d&#8217;<b>informatique et d&#8217;\u00e9lectronique<\/b>, si vous \u00eates \u00e0 la pointe de la technologie et qu&#8217;aucun d\u00e9tail ne vous \u00e9chappe, achetez <b>Imprimante photo Epson SureColor SC-P700<\/b> au meilleur prix.<\/p>\n<p>La <b>SureColor SC-P700<\/b> d\u2019Epson est une <b>imprimante photo<\/b> avanc\u00e9e con\u00e7ue pour les utilisateurs exigeants recherchant des r\u00e9sultats professionnels dans l\u2019impression d\u2019images et de photographies. Ce mod\u00e8le se distingue par sa <b>technologie jet d\u2019encre<\/b>, offrant une reproduction pr\u00e9cise des couleurs, aussi bien en noir qu\u2019en multicolore, garantissant des nuances d\u00e9taill\u00e9es et des transitions fluides m\u00eame sur les formats les plus grands. L\u2019imprimante prend en charge des supports jusqu\u2019au format <b>A1<\/b>, permettant d\u2019imprimer aussi bien des travaux domestiques ou artistiques que des pr\u00e9sentations professionnelles grand format. Dot\u00e9e d\u2019un <b>\u00e9cran tactile int\u00e9gr\u00e9<\/b> intuitif, elle permet un contr\u00f4le direct et efficace de toutes les fonctions de l\u2019appareil, contribuant \u00e0 une exp\u00e9rience utilisateur plus rapide et productive. Elle propose de multiples options de connectivit\u00e9, dont <b>USB<\/b> et <b>Ethernet LAN<\/b>, assurant une int\u00e9gration flexible dans les environnements domestiques, les studios cr\u00e9atifs ou les r\u00e9seaux professionnels. La finition \u00e9l\u00e9gante en <b>noir<\/b> s\u2019allie \u00e0 une construction solide pens\u00e9e pour offrir une fiabilit\u00e9 durable, tandis que l\u2019impression multicolore garantit des images \u00e9clatantes, riches en d\u00e9tails et en profondeur. Gr\u00e2ce \u00e0 ces caract\u00e9ristiques, l\u2019Epson SureColor SC-P700 s\u2019impose comme une solution id\u00e9ale pour les photographes, designers et tout utilisateur exigeant la meilleure qualit\u00e9 et pr\u00e9cision en impression photo professionnelle.<\/p>\n<ul>\n<li>Couleur:\n<ul>\n<li>Multicouleur<\/li>\n<li>Noir<\/li>\n<\/ul>\n<\/li>\n<li>Taille: A1<\/li>\n<li>R\u00e9solution d&#8217;image maximale:\n<ul>\n<li>1200 x 2400 dpi<\/li>\n<li>5760 x 1440 dpi<\/li>\n<\/ul>\n<\/li>\n<li>Caract\u00e9ristiques:\n<ul>\n<li>Tactile<\/li>\n<li>Ecran tactile<\/li>\n<li>\u00c9cran integr\u00e9<\/li>\n<li>Impression recto verso<\/li>\n<\/ul>\n<\/li>\n<li>Technologie:\n<ul>\n<li>LCD<\/li>\n<li>Injection d&#8217;encre<\/li>\n<\/ul>\n<\/li>\n<li>Produit \u00e0 brancher: Oui<\/li>\n<li>Type de prise: Prise EU<\/li>\n<li>Connexions:\n<ul>\n<li>Ethernet LAN<\/li>\n<li>USB<\/li>\n<li>USB-A<\/li>\n<\/ul>\n<\/li>\n<li>Connectivit\u00e9:\n<ul>\n<li>Bluetooth<\/li>\n<li>Wi-Fi<\/li>\n<\/ul>\n<\/li>\n<li>Syst\u00e8me d&#8217;exploitation: Windows 10<\/li>\n<li>vitesse: 10 ppm<\/li>\n<li>Tension: 100 &#8211; 240 V<\/li>\n<li>Impression recto verso: Manuel<\/li>\n<li>Type de commande: Tactile<\/li>\n<li>Capacit\u00e9: 120 Volets<\/li>\n<li>Non inclut: Bluetooth<\/li>\n<\/ul>","protected":false},"excerpt":{"rendered":"<p>Si vous \u00eates passionn\u00e9 d&#8217;informatique et d&#8217;\u00e9lectronique, si vous \u00eates \u00e0 la pointe de la technologie et qu&#8217;aucun d\u00e9tail ne vous \u00e9chappe, achetez Imprimante photo Epson SureColor SC-P700 au meilleur prix. La SureColor SC-P700 d\u2019Epson est une imprimante photo avanc\u00e9e con\u00e7ue pour les utilisateurs exigeants recherchant des r\u00e9sultats professionnels dans l\u2019impression d\u2019images et de photographies. [&hellip;]<\/p>\n","protected":false},"featured_media":190100,"comment_status":"open","ping_status":"closed","template":"","meta":[],"product_brand":[632],"product_cat":[592,65,581],"product_tag":[213,59,106],"class_list":{"0":"post-190121","1":"product","2":"type-product","3":"status-publish","4":"has-post-thumbnail","6":"product_brand-brandp_547","7":"product_cat-imprimantes","8":"product_cat-informatique-electronique","9":"product_cat-informatique-peripheriques-et-consommables","10":"product_tag-tag_933","11":"product_tag-tag_1304","12":"product_tag-tag_1295","14":"first","15":"instock","16":"taxable","17":"shipping-taxable","18":"purchasable","19":"product-type-simple"},"_links":{"self":[{"href":"https:\/\/bigbuy.tupique.com\/pt\/wp-json\/wp\/v2\/product\/190121","targetHints":{"allow":["GET"]}}],"collection":[{"href":"https:\/\/bigbuy.tupique.com\/pt\/wp-json\/wp\/v2\/product"}],"about":[{"href":"https:\/\/bigbuy.tupique.com\/pt\/wp-json\/wp\/v2\/types\/product"}],"replies":[{"embeddable":true,"href":"https:\/\/bigbuy.tupique.com\/pt\/wp-json\/wp\/v2\/comments?post=190121"}],"wp:featuredmedia":[{"embeddable":true,"href":"https:\/\/bigbuy.tupique.com\/pt\/wp-json\/wp\/v2\/media\/190100"}],"wp:attachment":[{"href":"https:\/\/bigbuy.tupique.com\/pt\/wp-json\/wp\/v2\/media?parent=190121"}],"wp:term":[{"taxonomy":"product_brand","embeddable":true,"href":"https:\/\/bigbuy.tupique.com\/pt\/wp-json\/wp\/v2\/product_brand?post=190121"},{"taxonomy":"product_cat","embeddable":true,"href":"https:\/\/bigbuy.tupique.com\/pt\/wp-json\/wp\/v2\/product_cat?post=190121"},{"taxonomy":"product_tag","embeddable":true,"href":"https:\/\/bigbuy.tupique.com\/pt\/wp-json\/wp\/v2\/product_tag?post=190121"}],"curies":[{"name":"wp","href":"https:\/\/api.w.org\/{rel}","templated":true}]}}